{"id":342,"date":"2025-01-13T17:55:20","date_gmt":"2025-01-13T17:55:20","guid":{"rendered":"https:\/\/appsminds.com\/?page_id=342"},"modified":"2025-01-13T21:58:10","modified_gmt":"2025-01-13T21:58:10","slug":"%e6%8e%a5%e8%a7%a6","status":"publish","type":"page","link":"https:\/\/appsminds.com\/zh_ms\/contato\/","title":{"rendered":"\u63a5\u89e6"},"content":{"rendered":"<p>\u5728 <strong>\u5c0f\u5de5\u5177\u5e94\u7528\u7a0b\u5e8f<\/strong>\uff0c\u6211\u4eec\u76f8\u4fe1\u4e0e\u7528\u6237\u7684\u5bf9\u8bdd\u5bf9\u4e8e\u6211\u4eec\u670d\u52a1\u7684\u6301\u7eed\u6539\u8fdb\u81f3\u5173\u91cd\u8981\u3002\u5efa\u7acb\u6b64\u6e20\u9053\u662f\u4e3a\u4e86\u4ee5\u7075\u6d3b\u9ad8\u6548\u7684\u65b9\u5f0f\u63a5\u6536\u60a8\u7684\u5efa\u8bae\u3001\u6279\u8bc4\u3001\u95ee\u9898\u6216\u8bc4\u8bba\u3002<\/p>\n\n\n\n<p>\u6211\u4eec\u53ef\u4ee5\u4e3a\u60a8\u63d0\u4f9b\u4ee5\u4e0b\u670d\u52a1\uff1a<\/p>\n\n\n\n<ul class=\"wp-block-list\">\n<li>\u63a5\u6536\u60a8\u7684\u6539\u8fdb\u5efa\u8bae\uff1b<\/li>\n\n\n\n<li>\u542c\u53d6\u60a8\u7684\u5efa\u8bbe\u6027\u6279\u8bc4\uff1b<\/li>\n\n\n\n<li>\u6f84\u6e05\u5bf9\u6211\u4eec\u670d\u52a1\u7684\u7591\u8651\uff1b<\/li>\n\n\n\n<li>\u8be6\u7ec6\u4e86\u89e3\u60a8\u4e0e\u6211\u4eec\u5408\u4f5c\u7684\u7ecf\u5386\u3002<\/li>\n<\/ul>\n\n\n\n<p>\ud83d\udce9 <strong>\u7535\u5b50\u90ae\u4ef6\uff1a<\/strong> <a>contato@gadgetsapps.com<\/a><\/p>\n\n\n\n<p>\u6211\u4eec\u8ba4\u771f\u5bf9\u5f85\u60a8\u7684\u53cd\u9988\uff0c\u5e76\u5e2e\u52a9\u60a8\u4e0d\u65ad\u8fdb\u6b65\u3002\u6211\u4eec\u611f\u8c22\u60a8\u7684\u4fe1\u4efb\u4ee5\u53ca\u5bf9 <strong>\u5c0f\u5de5\u5177\u5e94\u7528\u7a0b\u5e8f<\/strong> \u7ee7\u7eed\u63d0\u4f9b\u4f18\u79c0\u7684\u89e3\u51b3\u65b9\u6848\u3002<\/p>","protected":false},"excerpt":{"rendered":"<p>Na GadgetsApps, acreditamos que o di\u00e1logo com nossos usu\u00e1rios \u00e9 essencial para o aprimoramento cont\u00ednuo de nossos servi\u00e7os. Este canal foi desenvolvido para receber suas sugest\u00f5es, cr\u00edticas, d\u00favidas ou coment\u00e1rios de maneira \u00e1gil e eficiente. Estamos \u00e0 disposi\u00e7\u00e3o para: \ud83d\udce9 E-mail: contato@gadgetsapps.com Seu feedback \u00e9 tratado com seriedade e nos ajuda a evoluir. Agradecemos pela [&hellip;]<\/p>\n","protected":false},"author":1,"featured_media":0,"parent":0,"menu_order":0,"comment_status":"closed","ping_status":"closed","template":"","meta":{"footnotes":""},"class_list":["post-342","page","type-page","status-publish"],"_links":{"self":[{"href":"https:\/\/appsminds.com\/zh_ms\/wp-json\/wp\/v2\/pages\/342","targetHints":{"allow":["GET"]}}],"collection":[{"href":"https:\/\/appsminds.com\/zh_ms\/wp-json\/wp\/v2\/pages"}],"about":[{"href":"https:\/\/appsminds.com\/zh_ms\/wp-json\/wp\/v2\/types\/page"}],"author":[{"embeddable":true,"href":"https:\/\/appsminds.com\/zh_ms\/wp-json\/wp\/v2\/users\/1"}],"replies":[{"embeddable":true,"href":"https:\/\/appsminds.com\/zh_ms\/wp-json\/wp\/v2\/comments?post=342"}],"version-history":[{"count":3,"href":"https:\/\/appsminds.com\/zh_ms\/wp-json\/wp\/v2\/pages\/342\/revisions"}],"predecessor-version":[{"id":525,"href":"https:\/\/appsminds.com\/zh_ms\/wp-json\/wp\/v2\/pages\/342\/revisions\/525"}],"wp:attachment":[{"href":"https:\/\/appsminds.com\/zh_ms\/wp-json\/wp\/v2\/media?parent=342"}],"curies":[{"name":"wp","href":"https:\/\/api.w.org\/{rel}","templated":true}]}}