{"id":340,"date":"2025-01-13T17:55:11","date_gmt":"2025-01-13T17:55:11","guid":{"rendered":"https:\/\/appsminds.com\/?page_id=340"},"modified":"2025-01-13T21:49:26","modified_gmt":"2025-01-13T21:49:26","slug":"%e4%bd%bf%e7%94%a8%e6%9d%a1%e6%ac%be","status":"publish","type":"page","link":"https:\/\/appsminds.com\/zh_ms\/termos-de-uso\/","title":{"rendered":"\u4f7f\u7528\u6761\u6b3e"},"content":{"rendered":"<p>\u901a\u8fc7\u8bbf\u95ee GadgetApps \u7f51\u7ad9\uff0c\u60a8\u63a5\u53d7\u8fd9\u4e9b\u4f7f\u7528\u6761\u6b3e\u4ee5\u53ca\u6240\u6709\u76f8\u5173\u6cd5\u5f8b\u6cd5\u89c4\uff0c\u5e76\u627f\u8ba4\u60a8\u6709\u8d23\u4efb\u9075\u5b88\u9002\u7528\u7684\u5f53\u5730\u6cd5\u5f8b\u3002\u5982\u679c\u60a8\u4e0d\u540c\u610f\u8fd9\u4e9b\u6761\u6b3e\uff0c\u60a8\u5c06\u88ab\u7981\u6b62\u8bbf\u95ee\u6216\u4f7f\u7528\u8be5\u7f51\u7ad9\u3002\u672c\u7f51\u7ad9\u7684\u5185\u5bb9\u53d7\u73b0\u884c\u77e5\u8bc6\u4ea7\u6743\u548c\u5546\u6807\u6cd5\u7684\u4fdd\u62a4\u3002<\/p>\n\n\n\n<p><strong>\u6388\u4e88\u8bb8\u53ef<\/strong><br>GadgetApps \u6388\u4e88\u60a8\u4e34\u65f6\u4e0b\u8f7d\u7f51\u7ad9\u4e0a\u63d0\u4f9b\u7684\u8d44\u6599\uff08\u4fe1\u606f\u6216\u8f6f\u4ef6\uff09\u4e00\u4efd\u526f\u672c\u7684\u6743\u5229\uff0c\u4ec5\u4f9b\u4e2a\u4eba\u3001\u975e\u5546\u4e1a\u67e5\u770b\u3002\u6b64\u7279\u8bb8\u6743\u662f\u4f7f\u7528\u6743\uff0c\u800c\u975e\u6240\u6709\u6743\u3002\u60a8\u4e0d\u5f97\uff1a\u66f4\u6539\u6216\u590d\u5236\u6750\u6599\uff1b<\/p>\n\n\n\n<p>\u5c06\u6750\u6599\u7528\u4e8e\u5546\u4e1a\u76ee\u7684\u6216\u516c\u5f00\u5c55\u793a\uff08\u5546\u4e1a\u6216\u5176\u4ed6\uff09\uff1b<\/p>\n\n\n\n<p>\u5c1d\u8bd5\u5bf9 GadgetApps \u7f51\u7ad9\u4e0a\u7684\u4efb\u4f55\u8f6f\u4ef6\u8fdb\u884c\u9006\u5411\u5de5\u7a0b\u6216\u53cd\u7f16\u8bd1\uff1b<\/p>\n\n\n\n<p>\u4ece\u6750\u6599\u4e2d\u5220\u9664\u4efb\u4f55\u7248\u6743\u58f0\u660e\u6216\u5176\u4ed6\u6240\u6709\u6743\u58f0\u660e\uff1b<\/p>\n\n\n\n<p>\u5c06\u6750\u6599\u8f6c\u53d1\u7ed9\u5176\u4ed6\u4eba\u6216\u5728\u53e6\u4e00\u4e2a\u670d\u52a1\u5668\u4e0a\u590d\u5236\u6750\u6599\u3002<\/p>\n\n\n\n<p>\u5982\u679c\u60a8\u8fdd\u53cd\u4efb\u4f55\u8fd9\u4e9b\u9650\u5236\uff0c\u6b64\u8bb8\u53ef\u5c06\u81ea\u52a8\u7ec8\u6b62\uff0c\u5e76\u4e14 GadgetApps \u53ef\u968f\u65f6\u7ec8\u6b62\u6b64\u8bb8\u53ef\u3002\u4e00\u65e6\u7ec8\u6b62\u67e5\u770b\u6750\u6599\u6216\u7ec8\u6b62\u672c\u8bb8\u53ef\uff0c\u60a8\u5fc5\u987b\u5220\u9664\u6240\u6709\u4e0b\u8f7d\u7684\u6750\u6599\uff0c\u65e0\u8bba\u662f\u7535\u5b50\u683c\u5f0f\u8fd8\u662f\u5370\u5237\u683c\u5f0f\u3002<\/p>\n\n\n\n<p><strong>\u514d\u8d23\u58f0\u660e<\/strong><br>GadgetApps \u7f51\u7ad9\u4e0a\u7684\u6750\u6599\u6309\u201c\u539f\u6837\u201d\u63d0\u4f9b\u3002 GadgetApps \u4e0d\u4f5c\u4efb\u4f55\u660e\u793a\u6216\u6697\u793a\u7684\u4fdd\u8bc1\uff0c\u5e76\u5426\u5b9a\u6240\u6709\u5176\u4ed6\u4fdd\u8bc1\uff0c\u5305\u62ec\u4f46\u4e0d\u9650\u4e8e\u5bf9\u9002\u9500\u6027\u3001\u9002\u7528\u4e8e\u7279\u5b9a\u7528\u9014\u6216\u4e0d\u4fb5\u72af\u77e5\u8bc6\u4ea7\u6743\u7684\u6697\u793a\u4fdd\u8bc1\u3002<\/p>\n\n\n\n<p><strong>\u8d23\u4efb\u9650\u5236<\/strong><br>\u5728\u4efb\u4f55\u60c5\u51b5\u4e0b\uff0cGadgetApps \u6216\u5176\u4f9b\u5e94\u5546\u5747\u4e0d\u5bf9\u56e0\u4f7f\u7528\u6216\u65e0\u6cd5\u4f7f\u7528 GadgetApps \u4e0a\u7684\u6750\u6599\u800c\u9020\u6210\u7684\u4efb\u4f55\u635f\u5bb3\u627f\u62c5\u8d23\u4efb\uff0c\u5373\u4f7f\u5df2\u88ab\u544a\u77e5\u53d1\u751f\u6b64\u7c7b\u635f\u5bb3\u7684\u53ef\u80fd\u6027\u3002\u5982\u679c\u5f53\u5730\u6cd5\u5f8b\u4e0d\u5141\u8bb8\u6392\u9664\u67d0\u4e9b\u4fdd\u8bc1\u6216\u9650\u5236\u5bf9\u95f4\u63a5\u635f\u5bb3\u7684\u8d23\u4efb\uff0c\u5219\u8fd9\u4e9b\u6392\u9664\u548c\u9650\u5236\u53ef\u80fd\u4e0d\u9002\u7528\u4e8e\u60a8\u3002<\/p>\n\n\n\n<p><strong>\u6750\u6599\u51c6\u786e\u6027<\/strong><br>GadgetApps \u7f51\u7ad9\u4e0a\u663e\u793a\u7684\u6750\u6599\u53ef\u80fd\u5305\u542b\u6280\u672f\u3001\u5370\u5237\u6216\u6444\u5f71\u9519\u8bef\u3002 GadgetApps \u4e0d\u4fdd\u8bc1\u5176\u7f51\u7ad9\u4e0a\u6750\u6599\u7684\u51c6\u786e\u6027\u3001\u5b8c\u6574\u6027\u6216\u53ca\u65f6\u6027\uff0c\u5e76\u4e14\u53ef\u80fd\u968f\u65f6\u66f4\u6539\u8fd9\u4e9b\u6750\u6599\uff0c\u6055\u4e0d\u53e6\u884c\u901a\u77e5\uff0c\u4f46\u4e0d\u627f\u8bfa\u66f4\u65b0\u8fd9\u4e9b\u6750\u6599\u3002<\/p>\n\n\n\n<p><strong>\u94fe\u63a5<\/strong><br>GadgetApps \u5c1a\u672a\u5ba1\u67e5\u4e0e\u5176\u7f51\u7ad9\u94fe\u63a5\u7684\u6240\u6709\u7f51\u7ad9\uff0c\u5e76\u4e14\u5bf9\u4efb\u4f55\u5916\u90e8\u7f51\u7ad9\u7684\u5185\u5bb9\u6982\u4e0d\u8d1f\u8d23\u3002\u5305\u542b\u4efb\u4f55\u94fe\u63a5\u5e76\u4e0d\u610f\u5473\u7740 GadgetApps \u5bf9\u8be5\u7f51\u7ad9\u7684\u8ba4\u53ef\u3002\u4f7f\u7528\u94fe\u63a5\u7f51\u7ad9\u7684\u98ce\u9669\u7531\u7528\u6237\u81ea\u884c\u627f\u62c5\u3002<\/p>\n\n\n\n<p><strong>\u6761\u6b3e\u4fee\u6539<\/strong><br>GadgetApps \u53ef\u80fd\u968f\u65f6\u4fee\u6539\u8fd9\u4e9b\u4f7f\u7528\u6761\u6b3e\uff0c\u6055\u4e0d\u53e6\u884c\u901a\u77e5\u3002\u4f7f\u7528\u672c\u7f51\u7ad9\u5373\u8868\u793a\u60a8\u540c\u610f\u63a5\u53d7\u6700\u65b0\u7248\u672c\u7684\u4f7f\u7528\u6761\u6b3e\u7684\u7ea6\u675f\u3002<\/p>\n\n\n\n<p><strong>\u9002\u7528\u6cd5\u5f8b<\/strong><br>\u8fd9\u4e9b\u6761\u6b3e\u548c\u6761\u4ef6\u53d7 GadgetApps \u6cd5\u5f8b\u7ba1\u8f96\uff0c\u60a8\u4e0d\u53ef\u64a4\u9500\u5730\u540c\u610f\u8be5\u5730\u6cd5\u9662\u7684\u4e13\u5c5e\u7ba1\u8f96\u6743\u3002<\/p>\n\n\n\n<p><\/p>","protected":false},"excerpt":{"rendered":"<p>Ao entrar no site GadgetApps, voc\u00ea aceita estes termos de uso, bem como todas as leis e regulamenta\u00e7\u00f5es relevantes, e reconhece que tem a responsabilidade de observar as leis locais aplic\u00e1veis. Caso n\u00e3o concorde com estes termos, voc\u00ea est\u00e1 proibido de acessar ou utilizar o site. Os conte\u00fados presentes neste website est\u00e3o protegidos pelas leis [&hellip;]<\/p>\n","protected":false},"author":1,"featured_media":0,"parent":0,"menu_order":0,"comment_status":"closed","ping_status":"closed","template":"","meta":{"footnotes":""},"class_list":["post-340","page","type-page","status-publish"],"_links":{"self":[{"href":"https:\/\/appsminds.com\/zh_ms\/wp-json\/wp\/v2\/pages\/340","targetHints":{"allow":["GET"]}}],"collection":[{"href":"https:\/\/appsminds.com\/zh_ms\/wp-json\/wp\/v2\/pages"}],"about":[{"href":"https:\/\/appsminds.com\/zh_ms\/wp-json\/wp\/v2\/types\/page"}],"author":[{"embeddable":true,"href":"https:\/\/appsminds.com\/zh_ms\/wp-json\/wp\/v2\/users\/1"}],"replies":[{"embeddable":true,"href":"https:\/\/appsminds.com\/zh_ms\/wp-json\/wp\/v2\/comments?post=340"}],"version-history":[{"count":2,"href":"https:\/\/appsminds.com\/zh_ms\/wp-json\/wp\/v2\/pages\/340\/revisions"}],"predecessor-version":[{"id":522,"href":"https:\/\/appsminds.com\/zh_ms\/wp-json\/wp\/v2\/pages\/340\/revisions\/522"}],"wp:attachment":[{"href":"https:\/\/appsminds.com\/zh_ms\/wp-json\/wp\/v2\/media?parent=340"}],"curies":[{"name":"wp","href":"https:\/\/api.w.org\/{rel}","templated":true}]}}