{"id":338,"date":"2025-01-13T17:55:02","date_gmt":"2025-01-13T17:55:02","guid":{"rendered":"https:\/\/appsminds.com\/?page_id=338"},"modified":"2025-01-13T21:46:34","modified_gmt":"2025-01-13T21:46:34","slug":"%e9%9a%90%e7%a7%81%e6%94%bf%e7%ad%96","status":"publish","type":"page","link":"https:\/\/appsminds.com\/zh_ms\/politica-de-privacidade\/","title":{"rendered":"\u9690\u79c1\u653f\u7b56"},"content":{"rendered":"<p>\u60a8\u7684\u9690\u79c1\u5bf9\u6211\u4eec\u975e\u5e38\u91cd\u8981\u3002 GadgetApps \u81f4\u529b\u4e8e\u5728\u60a8\u4f7f\u7528\u6211\u4eec\u7684\u7f51\u7ad9\u4ee5\u53ca\u6211\u4eec\u8fd0\u8425\u7684\u5176\u4ed6\u7f51\u7ad9\u65f6\u4fdd\u62a4\u60a8\u7684\u9690\u79c1\u3002\u6211\u4eec\u4ec5\u5728\u9700\u8981\u4e3a\u60a8\u63d0\u4f9b\u670d\u52a1\u65f6\u6536\u96c6\u60a8\u7684\u4e2a\u4eba\u4fe1\u606f\uff0c\u5e76\u4e14\u59cb\u7ec8\u4f7f\u7528\u516c\u5e73\u900f\u660e\u7684\u65b9\u6cd5\uff0c\u5e76\u5f81\u5f97\u60a8\u7684\u77e5\u60c5\u548c\u540c\u610f\u3002\u6211\u4eec\u8fd8\u9610\u660e\u4e86\u6536\u96c6\u4fe1\u606f\u7684\u539f\u56e0\u4ee5\u53ca\u5982\u4f55\u4f7f\u7528\u8fd9\u4e9b\u4fe1\u606f\u3002<\/p>\n\n\n\n<p>\u6240\u6536\u96c6\u7684\u4fe1\u606f\u4ec5\u5728\u63d0\u4f9b\u6240\u8bf7\u6c42\u7684\u670d\u52a1\u6240\u9700\u7684\u65f6\u95f4\u5185\u4fdd\u5b58\u3002\u6211\u4eec\u91c7\u7528\u5546\u4e1a\u4e0a\u5408\u7406\u7684\u5b89\u5168\u63aa\u65bd\u4fdd\u62a4\u60a8\u7684\u6570\u636e\uff0c\u4ee5\u9632\u6b62\u4e22\u5931\u3001\u76d7\u7a83\u4ee5\u53ca\u672a\u7ecf\u6388\u6743\u7684\u8bbf\u95ee\u3001\u62ab\u9732\u3001\u590d\u5236\u3001\u4f7f\u7528\u6216\u4fee\u6539\u3002\u9664\u975e\u6cd5\u5f8b\u8981\u6c42\uff0c\u5426\u5219\u6211\u4eec\u4e0d\u4f1a\u516c\u5f00\u6216\u5411\u7b2c\u4e09\u65b9\u62ab\u9732\u4e2a\u4eba\u4fe1\u606f\u3002<\/p>\n\n\n\n<p>\u6211\u4eec\u7684\u7f51\u7ad9\u53ef\u80fd\u5305\u542b\u4e0d\u7531\u6211\u4eec\u7ba1\u7406\u7684\u5916\u90e8\u7f51\u7ad9\u7684\u94fe\u63a5\u3002\u8bf7\u6ce8\u610f\uff0c\u6211\u4eec\u4e0d\u63a7\u5236\u8fd9\u4e9b\u5916\u90e8\u7f51\u7ad9\uff0c\u4e5f\u4e0d\u5bf9\u5176\u9690\u79c1\u653f\u7b56\u8d1f\u8d23\u3002\u60a8\u53ef\u4ee5\u9009\u62e9\u4e0d\u63d0\u4f9b\u60a8\u7684\u4e2a\u4eba\u4fe1\u606f\uff0c\u4f46\u8fd9\u53ef\u80fd\u4f1a\u963b\u6b62\u6211\u4eec\u4e3a\u60a8\u63d0\u4f9b\u4e00\u4e9b\u60a8\u60f3\u8981\u7684\u670d\u52a1\u3002\u60a8\u7ee7\u7eed\u4f7f\u7528\u6211\u4eec\u7684\u7f51\u7ad9\u5c06\u88ab\u89c6\u4e3a\u63a5\u53d7\u6211\u4eec\u6709\u5173\u9690\u79c1\u548c\u4e2a\u4eba\u4fe1\u606f\u7684\u505a\u6cd5\u3002\u5982\u679c\u60a8\u5bf9\u6211\u4eec\u5982\u4f55\u7ba1\u7406\u7528\u6237\u6570\u636e\u548c\u4e2a\u4eba\u4fe1\u606f\u6709\u4efb\u4f55\u7591\u95ee\uff0c\u8bf7\u968f\u65f6\u4e0e\u6211\u4eec\u8054\u7cfb\u3002<\/p>\n\n\n\n<p><strong>GadgetApps Cookie\u653f\u7b56<\/strong><\/p>\n\n\n\n<p><strong>\u4ec0\u4e48\u662f Cookie\uff1f<\/strong><br>\u4e0e\u51e0\u4e4e\u6240\u6709\u4e13\u4e1a\u7f51\u7ad9\u4e00\u6837\uff0c\u6211\u4eec\u7684\u7f51\u7ad9\u4f7f\u7528 cookie\uff08\u4e0b\u8f7d\u5230\u60a8\u7684\u8bbe\u5907\u7684\u5c0f\u6587\u4ef6\uff09\uff0c\u4ee5\u6539\u5584\u60a8\u7684\u5728\u7ebf\u4f53\u9a8c\u3002\u672c\u8282\u89e3\u91ca\u4e86\u5b83\u4eec\u6536\u96c6\u54ea\u4e9b\u4fe1\u606f\u3001\u6211\u4eec\u5982\u4f55\u4f7f\u7528\u8fd9\u4e9b\u4fe1\u606f\u4ee5\u53ca\u4e3a\u4ec0\u4e48\u6709\u65f6\u9700\u8981\u5b58\u50a8\u8fd9\u4e9b cookie\u3002\u6211\u4eec\u8fd8\u5c06\u89e3\u91ca\u5982\u4f55\u963b\u6b62\u5b89\u88c5 cookie\uff0c\u5c3d\u7ba1\u8fd9\u53ef\u80fd\u4f1a\u635f\u5bb3\u7f51\u7ad9\u7684\u529f\u80fd\u3002<\/p>\n\n\n\n<p><strong>Cookies\u7684\u4f7f\u7528<\/strong><br>\u6211\u4eec\u51fa\u4e8e\u591a\u79cd\u539f\u56e0\u4f7f\u7528 Cookie\uff0c\u5982\u4e0b\u6240\u8ff0\u3002\u5728\u5927\u591a\u6570\u60c5\u51b5\u4e0b\uff0c\u6ca1\u6709\u884c\u4e1a\u6807\u51c6\u9009\u9879\u53ef\u4ee5\u5728\u4e0d\u635f\u5bb3\u7f51\u7ad9\u529f\u80fd\u7684\u60c5\u51b5\u4e0b\u7981\u7528 cookie\u3002\u5982\u679c\u60a8\u4e0d\u786e\u5b9a\u662f\u5426\u9700\u8981 cookie\uff0c\u5efa\u8bae\u60a8\u4e0d\u8981\u7981\u7528 cookie\uff0c\u56e0\u4e3a\u5b83\u4eec\u53ef\u80fd\u5bf9\u4e8e\u63d0\u4f9b\u60a8\u4f7f\u7528\u7684\u670d\u52a1\u662f\u5fc5\u8981\u7684\u3002<\/p>\n\n\n\n<p><strong>\u7981\u7528 Cookie<\/strong><br>\u60a8\u53ef\u4ee5\u901a\u8fc7\u8c03\u6574\u6d4f\u89c8\u5668\u8bbe\u7f6e\u6765\u963b\u6b62 cookie \u7684\u8bbe\u7f6e\u3002\u8bf7\u67e5\u9605\u6d4f\u89c8\u5668\u7684\u5e2e\u52a9\u4ee5\u83b7\u53d6\u6709\u5173\u5982\u4f55\u6267\u884c\u6b64\u64cd\u4f5c\u7684\u8bf4\u660e\u3002\u8bf7\u6ce8\u610f\uff0c\u7981\u7528 cookie \u5c06\u5f71\u54cd\u672c\u7f51\u7ad9\u548c\u60a8\u8bbf\u95ee\u7684\u5176\u4ed6\u7f51\u7ad9\u7684\u529f\u80fd\u3002\u7981\u7528 cookie \u901a\u5e38\u610f\u5473\u7740\u5931\u53bb\u7f51\u7ad9\u7684\u67d0\u4e9b\u529f\u80fd\u548c\u7279\u6027\uff0c\u56e0\u6b64\u5efa\u8bae\u4e0d\u8981\u7981\u7528\u5b83\u4eec\u3002<\/p>\n\n\n\n<p><strong>\u6211\u4eec\u4f7f\u7528\u7684 Cookie<\/strong><\/p>\n\n\n\n<ul class=\"wp-block-list\">\n<li><strong>\u5e10\u6237 Cookie\uff1a<\/strong>\u00a0\u5982\u679c\u60a8\u5728\u6211\u4eec\u8fd9\u91cc\u521b\u5efa\u5e10\u6237\uff0c\u6211\u4eec\u5c06\u4f7f\u7528 cookie \u6765\u7ba1\u7406\u6ce8\u518c\u8fc7\u7a0b\u548c\u4e00\u822c\u7ba1\u7406\u3002\u8fd9\u4e9b cookie \u901a\u5e38\u4f1a\u5728\u60a8\u6ce8\u9500\u65f6\u88ab\u5220\u9664\uff0c\u4f46\u5b83\u4eec\u53ef\u80fd\u4f1a\u4fdd\u7559\u4e0b\u6765\u4ee5\u4fbf\u5728\u60a8\u6ce8\u9500\u540e\u7ef4\u62a4\u60a8\u7684\u7ad9\u70b9\u504f\u597d\u8bbe\u7f6e\u3002<\/li>\n\n\n\n<li><strong>\u767b\u5f55 Cookie\uff1a<\/strong>\u00a0\u5f53\u60a8\u767b\u5f55\u65f6\uff0c\u6211\u4eec\u4f7f\u7528 cookie \u6765\u8bb0\u4f4f\u60a8\u7684\u4f1a\u8bdd\u3002\u8fd9\u6837\u5c31\u65e0\u9700\u5728\u8bbf\u95ee\u4e0d\u540c\u9875\u9762\u65f6\u91cd\u590d\u767b\u5f55\u3002\u5f53\u60a8\u6ce8\u9500\u65f6\uff0c\u8fd9\u4e9b cookie \u4f1a\u88ab\u5220\u9664\u6216\u6e05\u9664\uff0c\u4ee5\u786e\u4fdd\u60a8\u5728\u767b\u5f55\u65f6\u53ea\u80fd\u8bbf\u95ee\u53d7\u9650\u7684\u529f\u80fd\u548c\u533a\u57df\u3002<\/li>\n\n\n\n<li><strong>\u65f6\u4e8b\u901a\u8baf Cookie\uff1a<\/strong>\u00a0\u5982\u679c\u7f51\u7ad9\u63d0\u4f9b\u65f6\u4e8b\u901a\u8baf\u6216\u7535\u5b50\u90ae\u4ef6\u8ba2\u9605\u670d\u52a1\uff0c\u5219\u53ef\u80fd\u4f1a\u4f7f\u7528 cookie \u6765\u8bb0\u4f4f\u60a8\u662f\u5426\u5df2\u6ce8\u518c\uff0c\u4ee5\u53ca\u662f\u5426\u5e94\u663e\u793a\u4ec5\u5bf9\u8ba2\u9605\u6216\u672a\u8ba2\u9605\u7528\u6237\u6709\u6548\u7684\u67d0\u4e9b\u901a\u77e5\u3002<\/li>\n<\/ul>","protected":false},"excerpt":{"rendered":"<p>A sua privacidade \u00e9 de grande import\u00e2ncia para n\u00f3s. A GadgetApps se compromete a proteger a sua privacidade enquanto voc\u00ea utiliza nosso site, bem como outros sites que administramos. Coletamos suas informa\u00e7\u00f5es pessoais apenas quando necess\u00e1rio para fornecer um servi\u00e7o a voc\u00ea, e sempre com m\u00e9todos justos e transparentes, com seu conhecimento e consentimento. Tamb\u00e9m [&hellip;]<\/p>\n","protected":false},"author":1,"featured_media":0,"parent":0,"menu_order":0,"comment_status":"closed","ping_status":"closed","template":"","meta":{"footnotes":""},"class_list":["post-338","page","type-page","status-publish"],"_links":{"self":[{"href":"https:\/\/appsminds.com\/zh_ms\/wp-json\/wp\/v2\/pages\/338","targetHints":{"allow":["GET"]}}],"collection":[{"href":"https:\/\/appsminds.com\/zh_ms\/wp-json\/wp\/v2\/pages"}],"about":[{"href":"https:\/\/appsminds.com\/zh_ms\/wp-json\/wp\/v2\/types\/page"}],"author":[{"embeddable":true,"href":"https:\/\/appsminds.com\/zh_ms\/wp-json\/wp\/v2\/users\/1"}],"replies":[{"embeddable":true,"href":"https:\/\/appsminds.com\/zh_ms\/wp-json\/wp\/v2\/comments?post=338"}],"version-history":[{"count":2,"href":"https:\/\/appsminds.com\/zh_ms\/wp-json\/wp\/v2\/pages\/338\/revisions"}],"predecessor-version":[{"id":520,"href":"https:\/\/appsminds.com\/zh_ms\/wp-json\/wp\/v2\/pages\/338\/revisions\/520"}],"wp:attachment":[{"href":"https:\/\/appsminds.com\/zh_ms\/wp-json\/wp\/v2\/media?parent=338"}],"curies":[{"name":"wp","href":"https:\/\/api.w.org\/{rel}","templated":true}]}}