{"id":342,"date":"2025-01-13T17:55:20","date_gmt":"2025-01-13T17:55:20","guid":{"rendered":"https:\/\/appsminds.com\/?page_id=342"},"modified":"2025-01-13T21:58:10","modified_gmt":"2025-01-13T21:58:10","slug":"%e6%8e%a5%e8%a7%b8","status":"publish","type":"page","link":"https:\/\/appsminds.com\/zh\/contato\/","title":{"rendered":"\u63a5\u89f8"},"content":{"rendered":"<p>\u5728 <strong>\u5c0f\u5de5\u5177\u61c9\u7528\u7a0b\u5f0f<\/strong>\uff0c\u6211\u5011\u76f8\u4fe1\u8207\u7528\u6236\u7684\u5c0d\u8a71\u5c0d\u65bc\u6301\u7e8c\u6539\u9032\u6211\u5011\u7684\u670d\u52d9\u81f3\u95dc\u91cd\u8981\u3002\u8a72\u983b\u9053\u7684\u958b\u767c\u662f\u70ba\u4e86\u5feb\u901f\u6709\u6548\u5730\u63a5\u6536\u60a8\u7684\u5efa\u8b70\u3001\u6279\u8a55\u3001\u554f\u984c\u6216\u8a55\u8ad6\u3002<\/p>\n\n\n\n<p>\u6211\u5011\u53ef\u4ee5\uff1a<\/p>\n\n\n\n<ul class=\"wp-block-list\">\n<li>\u63a5\u6536\u60a8\u7684\u6539\u9032\u5efa\u8b70\uff1b<\/li>\n\n\n\n<li>\u50be\u807d\u60a8\u7684\u5efa\u8a2d\u6027\u6279\u8a55\uff1b<\/li>\n\n\n\n<li>\u6f84\u6e05\u5c0d\u6211\u5011\u670d\u52d9\u7684\u7591\u554f\uff1b<\/li>\n\n\n\n<li>\u8a73\u7d30\u4e86\u89e3\u60a8\u5728\u6211\u5011\u9019\u88e1\u7684\u9ad4\u9a57\u3002<\/li>\n<\/ul>\n\n\n\n<p>\ud83d\udce9 <strong>\u96fb\u5b50\u90f5\u4ef6\uff1a<\/strong> <a>contato@gadgetsapps.com<\/a><\/p>\n\n\n\n<p>\u6211\u5011\u6703\u8a8d\u771f\u5c0d\u5f85\u60a8\u7684\u56de\u994b\u4e26\u5e6b\u52a9\u6211\u5011\u4e0d\u65b7\u767c\u5c55\u3002\u611f\u8b1d\u60a8\u7684\u4fe1\u4efb\u8207\u5c0d\u6211\u5011\u7684\u8ca2\u737b <strong>\u5c0f\u5de5\u5177\u61c9\u7528\u7a0b\u5f0f<\/strong> \u6301\u7e8c\u63d0\u4f9b\u512a\u79c0\u7684\u89e3\u6c7a\u65b9\u6848\u3002<\/p>","protected":false},"excerpt":{"rendered":"<p>Na GadgetsApps, acreditamos que o di\u00e1logo com nossos usu\u00e1rios \u00e9 essencial para o aprimoramento cont\u00ednuo de nossos servi\u00e7os. Este canal foi desenvolvido para receber suas sugest\u00f5es, cr\u00edticas, d\u00favidas ou coment\u00e1rios de maneira \u00e1gil e eficiente. Estamos \u00e0 disposi\u00e7\u00e3o para: \ud83d\udce9 E-mail: contato@gadgetsapps.com Seu feedback \u00e9 tratado com seriedade e nos ajuda a evoluir. Agradecemos pela [&hellip;]<\/p>\n","protected":false},"author":1,"featured_media":0,"parent":0,"menu_order":0,"comment_status":"closed","ping_status":"closed","template":"","meta":{"footnotes":""},"class_list":["post-342","page","type-page","status-publish"],"_links":{"self":[{"href":"https:\/\/appsminds.com\/zh\/wp-json\/wp\/v2\/pages\/342","targetHints":{"allow":["GET"]}}],"collection":[{"href":"https:\/\/appsminds.com\/zh\/wp-json\/wp\/v2\/pages"}],"about":[{"href":"https:\/\/appsminds.com\/zh\/wp-json\/wp\/v2\/types\/page"}],"author":[{"embeddable":true,"href":"https:\/\/appsminds.com\/zh\/wp-json\/wp\/v2\/users\/1"}],"replies":[{"embeddable":true,"href":"https:\/\/appsminds.com\/zh\/wp-json\/wp\/v2\/comments?post=342"}],"version-history":[{"count":3,"href":"https:\/\/appsminds.com\/zh\/wp-json\/wp\/v2\/pages\/342\/revisions"}],"predecessor-version":[{"id":525,"href":"https:\/\/appsminds.com\/zh\/wp-json\/wp\/v2\/pages\/342\/revisions\/525"}],"wp:attachment":[{"href":"https:\/\/appsminds.com\/zh\/wp-json\/wp\/v2\/media?parent=342"}],"curies":[{"name":"wp","href":"https:\/\/api.w.org\/{rel}","templated":true}]}}