{"id":342,"date":"2025-01-13T17:55:20","date_gmt":"2025-01-13T17:55:20","guid":{"rendered":"https:\/\/appsminds.com\/?page_id=342"},"modified":"2025-01-13T21:58:10","modified_gmt":"2025-01-13T21:58:10","slug":"lien-he","status":"publish","type":"page","link":"https:\/\/appsminds.com\/vi\/contato\/","title":{"rendered":"Li\u00ean h\u1ec7"},"content":{"rendered":"<p>Trong <strong>Ti\u1ec7n \u00edch\u1ee8ng d\u1ee5ng<\/strong>, ch\u00fang t\u00f4i tin r\u1eb1ng \u0111\u1ed1i tho\u1ea1i v\u1edbi ng\u01b0\u1eddi d\u00f9ng l\u00e0 \u0111i\u1ec1u c\u1ea7n thi\u1ebft \u0111\u1ec3 c\u1ea3i thi\u1ec7n li\u00ean t\u1ee5c c\u00e1c d\u1ecbch v\u1ee5 c\u1ee7a ch\u00fang t\u00f4i. K\u00eanh n\u00e0y \u0111\u01b0\u1ee3c ph\u00e1t tri\u1ec3n \u0111\u1ec3 ti\u1ebfp nh\u1eadn c\u00e1c \u0111\u1ec1 xu\u1ea5t, ph\u00ea b\u00ecnh, c\u00e2u h\u1ecfi ho\u1eb7c b\u00ecnh lu\u1eadn c\u1ee7a b\u1ea1n m\u1ed9t c\u00e1ch nhanh ch\u00f3ng v\u00e0 hi\u1ec7u qu\u1ea3.<\/p>\n\n\n\n<p>Ch\u00fang t\u00f4i s\u1eb5n s\u00e0ng:<\/p>\n\n\n\n<ul class=\"wp-block-list\">\n<li>Nh\u1eadn nh\u1eefng \u0111\u1ec1 xu\u1ea5t c\u1ea3i ti\u1ebfn c\u1ee7a b\u1ea1n;<\/li>\n\n\n\n<li>H\u00e3y l\u1eafng nghe nh\u1eefng l\u1eddi ch\u1ec9 tr\u00edch mang t\u00ednh x\u00e2y d\u1ef1ng;<\/li>\n\n\n\n<li>L\u00e0m r\u00f5 nh\u1eefng th\u1eafc m\u1eafc v\u1ec1 d\u1ecbch v\u1ee5 c\u1ee7a ch\u00fang t\u00f4i;<\/li>\n\n\n\n<li>T\u00ecm hi\u1ec3u th\u00eam v\u1ec1 tr\u1ea3i nghi\u1ec7m c\u1ee7a b\u1ea1n v\u1edbi ch\u00fang t\u00f4i.<\/li>\n<\/ul>\n\n\n\n<p>\ud83d\udce9 <strong>E-mail:<\/strong> <a>contato@gadgetsapps.com<\/a><\/p>\n\n\n\n<p>Ph\u1ea3n h\u1ed3i c\u1ee7a b\u1ea1n \u0111\u01b0\u1ee3c ch\u00fang t\u00f4i ghi nh\u1eadn nghi\u00eam t\u00fac v\u00e0 gi\u00fap ch\u00fang t\u00f4i ph\u00e1t tri\u1ec3n. Ch\u00fang t\u00f4i c\u1ea3m \u01a1n s\u1ef1 tin t\u01b0\u1edfng v\u00e0 \u0111\u00f3ng g\u00f3p c\u1ee7a b\u1ea1n cho <strong>Ti\u1ec7n \u00edch\u1ee8ng d\u1ee5ng<\/strong> ti\u1ebfp t\u1ee5c cung c\u1ea5p nh\u1eefng gi\u1ea3i ph\u00e1p tuy\u1ec7t v\u1eddi.<\/p>","protected":false},"excerpt":{"rendered":"<p>Na GadgetsApps, acreditamos que o di\u00e1logo com nossos usu\u00e1rios \u00e9 essencial para o aprimoramento cont\u00ednuo de nossos servi\u00e7os. Este canal foi desenvolvido para receber suas sugest\u00f5es, cr\u00edticas, d\u00favidas ou coment\u00e1rios de maneira \u00e1gil e eficiente. Estamos \u00e0 disposi\u00e7\u00e3o para: \ud83d\udce9 E-mail: contato@gadgetsapps.com Seu feedback \u00e9 tratado com seriedade e nos ajuda a evoluir. Agradecemos pela [&hellip;]<\/p>\n","protected":false},"author":1,"featured_media":0,"parent":0,"menu_order":0,"comment_status":"closed","ping_status":"closed","template":"","meta":{"footnotes":""},"class_list":["post-342","page","type-page","status-publish"],"_links":{"self":[{"href":"https:\/\/appsminds.com\/vi\/wp-json\/wp\/v2\/pages\/342","targetHints":{"allow":["GET"]}}],"collection":[{"href":"https:\/\/appsminds.com\/vi\/wp-json\/wp\/v2\/pages"}],"about":[{"href":"https:\/\/appsminds.com\/vi\/wp-json\/wp\/v2\/types\/page"}],"author":[{"embeddable":true,"href":"https:\/\/appsminds.com\/vi\/wp-json\/wp\/v2\/users\/1"}],"replies":[{"embeddable":true,"href":"https:\/\/appsminds.com\/vi\/wp-json\/wp\/v2\/comments?post=342"}],"version-history":[{"count":3,"href":"https:\/\/appsminds.com\/vi\/wp-json\/wp\/v2\/pages\/342\/revisions"}],"predecessor-version":[{"id":525,"href":"https:\/\/appsminds.com\/vi\/wp-json\/wp\/v2\/pages\/342\/revisions\/525"}],"wp:attachment":[{"href":"https:\/\/appsminds.com\/vi\/wp-json\/wp\/v2\/media?parent=342"}],"curies":[{"name":"wp","href":"https:\/\/api.w.org\/{rel}","templated":true}]}}