{"id":342,"date":"2025-01-13T17:55:20","date_gmt":"2025-01-13T17:55:20","guid":{"rendered":"https:\/\/appsminds.com\/?page_id=342"},"modified":"2025-01-13T21:58:10","modified_gmt":"2025-01-13T21:58:10","slug":"temas-etmek","status":"publish","type":"page","link":"https:\/\/appsminds.com\/tr\/contato\/","title":{"rendered":"Temas etmek"},"content":{"rendered":"<p>\u0130\u00e7inde <strong>GadgetsUygulamalar<\/strong>Kullan\u0131c\u0131lar\u0131m\u0131zla diyalo\u011fun, hizmetlerimizin s\u00fcrekli iyile\u015ftirilmesi i\u00e7in \u00f6nemli oldu\u011funa inan\u0131yoruz. Bu kanal, \u00f6nerilerinizi, ele\u015ftirilerinizi, sorular\u0131n\u0131z\u0131 veya yorumlar\u0131n\u0131z\u0131 \u00e7evik ve etkili bir \u015fekilde alabilmeniz i\u00e7in geli\u015ftirildi.<\/p>\n\n\n\n<p>Biz size hizmet vermekteyiz:<\/p>\n\n\n\n<ul class=\"wp-block-list\">\n<li>\u0130yile\u015ftirme \u00f6nerilerinizi al\u0131n;<\/li>\n\n\n\n<li>Yap\u0131c\u0131 ele\u015ftirilerinizi dinleyin;<\/li>\n\n\n\n<li>Hizmetlerimiz hakk\u0131ndaki \u015f\u00fcpheleri gidermek;<\/li>\n\n\n\n<li>Bizimle olan deneyiminiz hakk\u0131nda daha fazla bilgi edinin.<\/li>\n<\/ul>\n\n\n\n<p>\ud83d\udce9 <strong>E-posta:<\/strong> <a>contato@gadgetsapps.com<\/a><\/p>\n\n\n\n<p>Geri bildirimleriniz ciddiye al\u0131n\u0131yor ve geli\u015fmemize yard\u0131mc\u0131 oluyor. G\u00fcveniniz ve katk\u0131lar\u0131n\u0131zdan dolay\u0131 te\u015fekk\u00fcr ederiz. <strong>GadgetsUygulamalar<\/strong> M\u00fckemmel \u00e7\u00f6z\u00fcmler sunmaya devam ediyoruz.<\/p>","protected":false},"excerpt":{"rendered":"<p>Na GadgetsApps, acreditamos que o di\u00e1logo com nossos usu\u00e1rios \u00e9 essencial para o aprimoramento cont\u00ednuo de nossos servi\u00e7os. Este canal foi desenvolvido para receber suas sugest\u00f5es, cr\u00edticas, d\u00favidas ou coment\u00e1rios de maneira \u00e1gil e eficiente. Estamos \u00e0 disposi\u00e7\u00e3o para: \ud83d\udce9 E-mail: contato@gadgetsapps.com Seu feedback \u00e9 tratado com seriedade e nos ajuda a evoluir. Agradecemos pela [&hellip;]<\/p>\n","protected":false},"author":1,"featured_media":0,"parent":0,"menu_order":0,"comment_status":"closed","ping_status":"closed","template":"","meta":{"footnotes":""},"class_list":["post-342","page","type-page","status-publish"],"_links":{"self":[{"href":"https:\/\/appsminds.com\/tr\/wp-json\/wp\/v2\/pages\/342","targetHints":{"allow":["GET"]}}],"collection":[{"href":"https:\/\/appsminds.com\/tr\/wp-json\/wp\/v2\/pages"}],"about":[{"href":"https:\/\/appsminds.com\/tr\/wp-json\/wp\/v2\/types\/page"}],"author":[{"embeddable":true,"href":"https:\/\/appsminds.com\/tr\/wp-json\/wp\/v2\/users\/1"}],"replies":[{"embeddable":true,"href":"https:\/\/appsminds.com\/tr\/wp-json\/wp\/v2\/comments?post=342"}],"version-history":[{"count":3,"href":"https:\/\/appsminds.com\/tr\/wp-json\/wp\/v2\/pages\/342\/revisions"}],"predecessor-version":[{"id":525,"href":"https:\/\/appsminds.com\/tr\/wp-json\/wp\/v2\/pages\/342\/revisions\/525"}],"wp:attachment":[{"href":"https:\/\/appsminds.com\/tr\/wp-json\/wp\/v2\/media?parent=342"}],"curies":[{"name":"wp","href":"https:\/\/api.w.org\/{rel}","templated":true}]}}