{"id":342,"date":"2025-01-13T17:55:20","date_gmt":"2025-01-13T17:55:20","guid":{"rendered":"https:\/\/appsminds.com\/?page_id=342"},"modified":"2025-01-13T21:58:10","modified_gmt":"2025-01-13T21:58:10","slug":"contact","status":"publish","type":"page","link":"https:\/\/appsminds.com\/tl_om\/contato\/","title":{"rendered":"Makipag-ugnayan"},"content":{"rendered":"<p>Sa <strong>GadgetsApps<\/strong>Naniniwala kami na ang pakikipag-usap sa aming mga user ay mahalaga para sa patuloy na pagpapabuti ng aming mga serbisyo. Ang channel na ito ay binuo upang matanggap ang iyong mga mungkahi, kritisismo, tanong, o komento nang mabilis at mahusay.<\/p>\n\n\n\n<p>Kami ay magagamit sa:<\/p>\n\n\n\n<ul class=\"wp-block-list\">\n<li>Tanggapin ang iyong mga mungkahi para sa mga pagpapabuti;<\/li>\n\n\n\n<li>Makinig sa iyong nakabubuo na pagpuna;<\/li>\n\n\n\n<li>Linawin ang mga pagdududa tungkol sa aming mga serbisyo;<\/li>\n\n\n\n<li>Matuto pa tungkol sa iyong karanasan sa amin.<\/li>\n<\/ul>\n\n\n\n<p>\ud83d\udce9 <strong>E-mail:<\/strong> <a>contato@gadgetsapps.com<\/a><\/p>\n\n\n\n<p>Ang iyong feedback ay sineseryoso at tinutulungan kaming umunlad. Nagpapasalamat kami sa iyong tiwala at sa pag-ambag sa aming tagumpay. <strong>GadgetsApps<\/strong> patuloy na nag-aalok ng mahuhusay na solusyon.<\/p>","protected":false},"excerpt":{"rendered":"<p>Na GadgetsApps, acreditamos que o di\u00e1logo com nossos usu\u00e1rios \u00e9 essencial para o aprimoramento cont\u00ednuo de nossos servi\u00e7os. Este canal foi desenvolvido para receber suas sugest\u00f5es, cr\u00edticas, d\u00favidas ou coment\u00e1rios de maneira \u00e1gil e eficiente. Estamos \u00e0 disposi\u00e7\u00e3o para: \ud83d\udce9 E-mail: contato@gadgetsapps.com Seu feedback \u00e9 tratado com seriedade e nos ajuda a evoluir. Agradecemos pela [&hellip;]<\/p>\n","protected":false},"author":1,"featured_media":0,"parent":0,"menu_order":0,"comment_status":"closed","ping_status":"closed","template":"","meta":{"footnotes":""},"class_list":["post-342","page","type-page","status-publish"],"_links":{"self":[{"href":"https:\/\/appsminds.com\/tl_om\/wp-json\/wp\/v2\/pages\/342","targetHints":{"allow":["GET"]}}],"collection":[{"href":"https:\/\/appsminds.com\/tl_om\/wp-json\/wp\/v2\/pages"}],"about":[{"href":"https:\/\/appsminds.com\/tl_om\/wp-json\/wp\/v2\/types\/page"}],"author":[{"embeddable":true,"href":"https:\/\/appsminds.com\/tl_om\/wp-json\/wp\/v2\/users\/1"}],"replies":[{"embeddable":true,"href":"https:\/\/appsminds.com\/tl_om\/wp-json\/wp\/v2\/comments?post=342"}],"version-history":[{"count":3,"href":"https:\/\/appsminds.com\/tl_om\/wp-json\/wp\/v2\/pages\/342\/revisions"}],"predecessor-version":[{"id":525,"href":"https:\/\/appsminds.com\/tl_om\/wp-json\/wp\/v2\/pages\/342\/revisions\/525"}],"wp:attachment":[{"href":"https:\/\/appsminds.com\/tl_om\/wp-json\/wp\/v2\/media?parent=342"}],"curies":[{"name":"wp","href":"https:\/\/api.w.org\/{rel}","templated":true}]}}