{"id":342,"date":"2025-01-13T17:55:20","date_gmt":"2025-01-13T17:55:20","guid":{"rendered":"https:\/\/appsminds.com\/?page_id=342"},"modified":"2025-01-13T21:58:10","modified_gmt":"2025-01-13T21:58:10","slug":"%e0%b8%95%e0%b8%b4%e0%b8%94%e0%b8%95%e0%b9%88%e0%b8%ad","status":"publish","type":"page","link":"https:\/\/appsminds.com\/th\/contato\/","title":{"rendered":"\u0e15\u0e34\u0e14\u0e15\u0e48\u0e2d"},"content":{"rendered":"<p>\u0e43\u0e19 <strong>\u0e41\u0e01\u0e14\u0e40\u0e08\u0e47\u0e15\u0e41\u0e2d\u0e1e<\/strong>\u0e40\u0e23\u0e32\u0e40\u0e0a\u0e37\u0e48\u0e2d\u0e27\u0e48\u0e32\u0e01\u0e32\u0e23\u0e2a\u0e19\u0e17\u0e19\u0e32\u0e01\u0e31\u0e1a\u0e1c\u0e39\u0e49\u0e43\u0e0a\u0e49\u0e02\u0e2d\u0e07\u0e40\u0e23\u0e32\u0e40\u0e1b\u0e47\u0e19\u0e2a\u0e34\u0e48\u0e07\u0e08\u0e33\u0e40\u0e1b\u0e47\u0e19\u0e2a\u0e33\u0e2b\u0e23\u0e31\u0e1a\u0e01\u0e32\u0e23\u0e1b\u0e23\u0e31\u0e1a\u0e1b\u0e23\u0e38\u0e07\u0e1a\u0e23\u0e34\u0e01\u0e32\u0e23\u0e02\u0e2d\u0e07\u0e40\u0e23\u0e32\u0e2d\u0e22\u0e48\u0e32\u0e07\u0e15\u0e48\u0e2d\u0e40\u0e19\u0e37\u0e48\u0e2d\u0e07 \u0e0a\u0e48\u0e2d\u0e07\u0e19\u0e35\u0e49\u0e44\u0e14\u0e49\u0e23\u0e31\u0e1a\u0e01\u0e32\u0e23\u0e1e\u0e31\u0e12\u0e19\u0e32\u0e02\u0e36\u0e49\u0e19\u0e40\u0e1e\u0e37\u0e48\u0e2d\u0e23\u0e31\u0e1a\u0e02\u0e49\u0e2d\u0e40\u0e2a\u0e19\u0e2d\u0e41\u0e19\u0e30 \u0e04\u0e33\u0e27\u0e34\u0e08\u0e32\u0e23\u0e13\u0e4c \u0e04\u0e33\u0e16\u0e32\u0e21 \u0e2b\u0e23\u0e37\u0e2d\u0e04\u0e27\u0e32\u0e21\u0e04\u0e34\u0e14\u0e40\u0e2b\u0e47\u0e19\u0e02\u0e2d\u0e07\u0e04\u0e38\u0e13\u0e43\u0e19\u0e23\u0e39\u0e1b\u0e41\u0e1a\u0e1a\u0e17\u0e35\u0e48\u0e04\u0e25\u0e48\u0e2d\u0e07\u0e15\u0e31\u0e27\u0e41\u0e25\u0e30\u0e21\u0e35\u0e1b\u0e23\u0e30\u0e2a\u0e34\u0e17\u0e18\u0e34\u0e20\u0e32\u0e1e<\/p>\n\n\n\n<p>\u0e40\u0e23\u0e32\u0e1e\u0e23\u0e49\u0e2d\u0e21\u0e43\u0e2b\u0e49\u0e1a\u0e23\u0e34\u0e01\u0e32\u0e23:<\/p>\n\n\n\n<ul class=\"wp-block-list\">\n<li>\u0e23\u0e31\u0e1a\u0e02\u0e49\u0e2d\u0e40\u0e2a\u0e19\u0e2d\u0e41\u0e19\u0e30\u0e02\u0e2d\u0e07\u0e04\u0e38\u0e13\u0e40\u0e1e\u0e37\u0e48\u0e2d\u0e01\u0e32\u0e23\u0e1b\u0e23\u0e31\u0e1a\u0e1b\u0e23\u0e38\u0e07;<\/li>\n\n\n\n<li>\u0e1f\u0e31\u0e07\u0e04\u0e33\u0e27\u0e34\u0e08\u0e32\u0e23\u0e13\u0e4c\u0e40\u0e0a\u0e34\u0e07\u0e2a\u0e23\u0e49\u0e32\u0e07\u0e2a\u0e23\u0e23\u0e04\u0e4c\u0e02\u0e2d\u0e07\u0e04\u0e38\u0e13<\/li>\n\n\n\n<li>\u0e0a\u0e35\u0e49\u0e41\u0e08\u0e07\u0e02\u0e49\u0e2d\u0e2a\u0e07\u0e2a\u0e31\u0e22\u0e40\u0e01\u0e35\u0e48\u0e22\u0e27\u0e01\u0e31\u0e1a\u0e1a\u0e23\u0e34\u0e01\u0e32\u0e23\u0e02\u0e2d\u0e07\u0e40\u0e23\u0e32;<\/li>\n\n\n\n<li>\u0e40\u0e23\u0e35\u0e22\u0e19\u0e23\u0e39\u0e49\u0e40\u0e1e\u0e34\u0e48\u0e21\u0e40\u0e15\u0e34\u0e21\u0e40\u0e01\u0e35\u0e48\u0e22\u0e27\u0e01\u0e31\u0e1a\u0e1b\u0e23\u0e30\u0e2a\u0e1a\u0e01\u0e32\u0e23\u0e13\u0e4c\u0e02\u0e2d\u0e07\u0e04\u0e38\u0e13\u0e01\u0e31\u0e1a\u0e40\u0e23\u0e32<\/li>\n<\/ul>\n\n\n\n<p>\ud83d\udce9 <strong>\u0e2d\u0e35\u0e40\u0e21\u0e25:<\/strong> <a>contato@gadgetsapps.com<\/a><\/p>\n\n\n\n<p>\u0e04\u0e27\u0e32\u0e21\u0e04\u0e34\u0e14\u0e40\u0e2b\u0e47\u0e19\u0e02\u0e2d\u0e07\u0e04\u0e38\u0e13\u0e44\u0e14\u0e49\u0e23\u0e31\u0e1a\u0e01\u0e32\u0e23\u0e1e\u0e34\u0e08\u0e32\u0e23\u0e13\u0e32\u0e2d\u0e22\u0e48\u0e32\u0e07\u0e08\u0e23\u0e34\u0e07\u0e08\u0e31\u0e07\u0e41\u0e25\u0e30\u0e0a\u0e48\u0e27\u0e22\u0e43\u0e2b\u0e49\u0e40\u0e23\u0e32\u0e1e\u0e31\u0e12\u0e19\u0e32 \u0e40\u0e23\u0e32\u0e02\u0e2d\u0e02\u0e2d\u0e1a\u0e04\u0e38\u0e13\u0e2a\u0e33\u0e2b\u0e23\u0e31\u0e1a\u0e04\u0e27\u0e32\u0e21\u0e44\u0e27\u0e49\u0e27\u0e32\u0e07\u0e43\u0e08\u0e41\u0e25\u0e30\u0e01\u0e32\u0e23\u0e2a\u0e19\u0e31\u0e1a\u0e2a\u0e19\u0e38\u0e19 <strong>\u0e41\u0e01\u0e14\u0e40\u0e08\u0e47\u0e15\u0e41\u0e2d\u0e1e<\/strong> \u0e19\u0e33\u0e40\u0e2a\u0e19\u0e2d\u0e42\u0e0b\u0e25\u0e39\u0e0a\u0e31\u0e19\u0e17\u0e35\u0e48\u0e40\u0e1b\u0e47\u0e19\u0e40\u0e25\u0e34\u0e28\u0e2d\u0e22\u0e48\u0e32\u0e07\u0e15\u0e48\u0e2d\u0e40\u0e19\u0e37\u0e48\u0e2d\u0e07<\/p>","protected":false},"excerpt":{"rendered":"<p>Na GadgetsApps, acreditamos que o di\u00e1logo com nossos usu\u00e1rios \u00e9 essencial para o aprimoramento cont\u00ednuo de nossos servi\u00e7os. Este canal foi desenvolvido para receber suas sugest\u00f5es, cr\u00edticas, d\u00favidas ou coment\u00e1rios de maneira \u00e1gil e eficiente. Estamos \u00e0 disposi\u00e7\u00e3o para: \ud83d\udce9 E-mail: contato@gadgetsapps.com Seu feedback \u00e9 tratado com seriedade e nos ajuda a evoluir. Agradecemos pela [&hellip;]<\/p>\n","protected":false},"author":1,"featured_media":0,"parent":0,"menu_order":0,"comment_status":"closed","ping_status":"closed","template":"","meta":{"footnotes":""},"class_list":["post-342","page","type-page","status-publish"],"_links":{"self":[{"href":"https:\/\/appsminds.com\/th\/wp-json\/wp\/v2\/pages\/342","targetHints":{"allow":["GET"]}}],"collection":[{"href":"https:\/\/appsminds.com\/th\/wp-json\/wp\/v2\/pages"}],"about":[{"href":"https:\/\/appsminds.com\/th\/wp-json\/wp\/v2\/types\/page"}],"author":[{"embeddable":true,"href":"https:\/\/appsminds.com\/th\/wp-json\/wp\/v2\/users\/1"}],"replies":[{"embeddable":true,"href":"https:\/\/appsminds.com\/th\/wp-json\/wp\/v2\/comments?post=342"}],"version-history":[{"count":3,"href":"https:\/\/appsminds.com\/th\/wp-json\/wp\/v2\/pages\/342\/revisions"}],"predecessor-version":[{"id":525,"href":"https:\/\/appsminds.com\/th\/wp-json\/wp\/v2\/pages\/342\/revisions\/525"}],"wp:attachment":[{"href":"https:\/\/appsminds.com\/th\/wp-json\/wp\/v2\/media?parent=342"}],"curies":[{"name":"\u0e14\u0e31\u0e1a\u0e40\u0e1a\u0e34\u0e25\u0e22\u0e39\u0e1e\u0e35","href":"https:\/\/api.w.org\/{rel}","templated":true}]}}