{"id":340,"date":"2025-01-13T17:55:11","date_gmt":"2025-01-13T17:55:11","guid":{"rendered":"https:\/\/appsminds.com\/?page_id=340"},"modified":"2025-01-13T21:49:26","modified_gmt":"2025-01-13T21:49:26","slug":"%e0%b9%80%e0%b8%87%e0%b8%b7%e0%b9%88%e0%b8%ad%e0%b8%99%e0%b9%84%e0%b8%82%e0%b8%81%e0%b8%b2%e0%b8%a3%e0%b9%83%e0%b8%8a%e0%b9%89%e0%b8%87%e0%b8%b2%e0%b8%99","status":"publish","type":"page","link":"https:\/\/appsminds.com\/th\/termos-de-uso\/","title":{"rendered":"\u0e40\u0e07\u0e37\u0e48\u0e2d\u0e19\u0e44\u0e02\u0e01\u0e32\u0e23\u0e43\u0e0a\u0e49\u0e07\u0e32\u0e19"},"content":{"rendered":"<p>\u0e40\u0e21\u0e37\u0e48\u0e2d\u0e40\u0e02\u0e49\u0e32\u0e2a\u0e39\u0e48\u0e40\u0e27\u0e47\u0e1a\u0e44\u0e0b\u0e15\u0e4c GadgetApps \u0e04\u0e38\u0e13\u0e22\u0e2d\u0e21\u0e23\u0e31\u0e1a\u0e02\u0e49\u0e2d\u0e01\u0e33\u0e2b\u0e19\u0e14\u0e01\u0e32\u0e23\u0e43\u0e0a\u0e49\u0e07\u0e32\u0e19\u0e40\u0e2b\u0e25\u0e48\u0e32\u0e19\u0e35\u0e49\u0e15\u0e25\u0e2d\u0e14\u0e08\u0e19\u0e01\u0e0e\u0e2b\u0e21\u0e32\u0e22\u0e41\u0e25\u0e30\u0e02\u0e49\u0e2d\u0e1a\u0e31\u0e07\u0e04\u0e31\u0e1a\u0e17\u0e35\u0e48\u0e40\u0e01\u0e35\u0e48\u0e22\u0e27\u0e02\u0e49\u0e2d\u0e07\u0e17\u0e31\u0e49\u0e07\u0e2b\u0e21\u0e14 \u0e41\u0e25\u0e30\u0e23\u0e31\u0e1a\u0e17\u0e23\u0e32\u0e1a\u0e27\u0e48\u0e32\u0e04\u0e38\u0e13\u0e21\u0e35\u0e04\u0e27\u0e32\u0e21\u0e23\u0e31\u0e1a\u0e1c\u0e34\u0e14\u0e0a\u0e2d\u0e1a\u0e43\u0e19\u0e01\u0e32\u0e23\u0e1b\u0e0f\u0e34\u0e1a\u0e31\u0e15\u0e34\u0e15\u0e32\u0e21\u0e01\u0e0e\u0e2b\u0e21\u0e32\u0e22\u0e17\u0e49\u0e2d\u0e07\u0e16\u0e34\u0e48\u0e19\u0e17\u0e35\u0e48\u0e40\u0e01\u0e35\u0e48\u0e22\u0e27\u0e02\u0e49\u0e2d\u0e07 \u0e2b\u0e32\u0e01\u0e04\u0e38\u0e13\u0e44\u0e21\u0e48\u0e40\u0e2b\u0e47\u0e19\u0e14\u0e49\u0e27\u0e22\u0e01\u0e31\u0e1a\u0e02\u0e49\u0e2d\u0e01\u0e33\u0e2b\u0e19\u0e14\u0e40\u0e2b\u0e25\u0e48\u0e32\u0e19\u0e35\u0e49 \u0e04\u0e38\u0e13\u0e08\u0e30\u0e44\u0e21\u0e48\u0e44\u0e14\u0e49\u0e23\u0e31\u0e1a\u0e2d\u0e19\u0e38\u0e0d\u0e32\u0e15\u0e43\u0e2b\u0e49\u0e40\u0e02\u0e49\u0e32\u0e16\u0e36\u0e07\u0e2b\u0e23\u0e37\u0e2d\u0e43\u0e0a\u0e49\u0e07\u0e32\u0e19\u0e40\u0e27\u0e47\u0e1a\u0e44\u0e0b\u0e15\u0e4c \u0e40\u0e19\u0e37\u0e49\u0e2d\u0e2b\u0e32\u0e1a\u0e19\u0e40\u0e27\u0e47\u0e1a\u0e44\u0e0b\u0e15\u0e4c\u0e19\u0e35\u0e49\u0e44\u0e14\u0e49\u0e23\u0e31\u0e1a\u0e01\u0e32\u0e23\u0e04\u0e38\u0e49\u0e21\u0e04\u0e23\u0e2d\u0e07\u0e42\u0e14\u0e22\u0e01\u0e0e\u0e2b\u0e21\u0e32\u0e22\u0e17\u0e23\u0e31\u0e1e\u0e22\u0e4c\u0e2a\u0e34\u0e19\u0e17\u0e32\u0e07\u0e1b\u0e31\u0e0d\u0e0d\u0e32\u0e41\u0e25\u0e30\u0e40\u0e04\u0e23\u0e37\u0e48\u0e2d\u0e07\u0e2b\u0e21\u0e32\u0e22\u0e01\u0e32\u0e23\u0e04\u0e49\u0e32\u0e43\u0e19\u0e1b\u0e31\u0e08\u0e08\u0e38\u0e1a\u0e31\u0e19<\/p>\n\n\n\n<p><strong>\u0e43\u0e1a\u0e2d\u0e19\u0e38\u0e0d\u0e32\u0e15\u0e43\u0e2b\u0e49<\/strong><br>GadgetApps \u0e43\u0e2b\u0e49\u0e2a\u0e34\u0e17\u0e18\u0e34\u0e4c\u0e04\u0e38\u0e13\u0e43\u0e19\u0e01\u0e32\u0e23\u0e14\u0e32\u0e27\u0e19\u0e4c\u0e42\u0e2b\u0e25\u0e14\u0e2a\u0e33\u0e40\u0e19\u0e32\u0e02\u0e2d\u0e07\u0e40\u0e19\u0e37\u0e49\u0e2d\u0e2b\u0e32\u0e17\u0e35\u0e48\u0e21\u0e35\u0e2d\u0e22\u0e39\u0e48\u0e1a\u0e19\u0e40\u0e27\u0e47\u0e1a\u0e44\u0e0b\u0e15\u0e4c\u0e0a\u0e31\u0e48\u0e27\u0e04\u0e23\u0e32\u0e27\u0e2b\u0e19\u0e36\u0e48\u0e07\u0e0a\u0e38\u0e14 (\u0e02\u0e49\u0e2d\u0e21\u0e39\u0e25\u0e2b\u0e23\u0e37\u0e2d\u0e0b\u0e2d\u0e1f\u0e15\u0e4c\u0e41\u0e27\u0e23\u0e4c) \u0e40\u0e1e\u0e37\u0e48\u0e2d\u0e01\u0e32\u0e23\u0e14\u0e39\u0e2a\u0e48\u0e27\u0e19\u0e1a\u0e38\u0e04\u0e04\u0e25\u0e17\u0e35\u0e48\u0e44\u0e21\u0e48\u0e43\u0e0a\u0e48\u0e40\u0e0a\u0e34\u0e07\u0e1e\u0e32\u0e13\u0e34\u0e0a\u0e22\u0e4c\u0e40\u0e17\u0e48\u0e32\u0e19\u0e31\u0e49\u0e19 \u0e2a\u0e31\u0e21\u0e1b\u0e17\u0e32\u0e19\u0e19\u0e35\u0e49\u0e40\u0e1b\u0e47\u0e19\u0e2a\u0e34\u0e17\u0e18\u0e34\u0e43\u0e19\u0e01\u0e32\u0e23\u0e43\u0e0a\u0e49\u0e44\u0e21\u0e48\u0e43\u0e0a\u0e48\u0e01\u0e23\u0e23\u0e21\u0e2a\u0e34\u0e17\u0e18\u0e34\u0e4c \u0e04\u0e38\u0e13\u0e15\u0e49\u0e2d\u0e07\u0e44\u0e21\u0e48: \u0e14\u0e31\u0e14\u0e41\u0e1b\u0e25\u0e07\u0e2b\u0e23\u0e37\u0e2d\u0e04\u0e31\u0e14\u0e25\u0e2d\u0e01\u0e40\u0e19\u0e37\u0e49\u0e2d\u0e2b\u0e32;<\/p>\n\n\n\n<p>\u0e43\u0e0a\u0e49\u0e27\u0e31\u0e2a\u0e14\u0e38\u0e40\u0e1e\u0e37\u0e48\u0e2d\u0e27\u0e31\u0e15\u0e16\u0e38\u0e1b\u0e23\u0e30\u0e2a\u0e07\u0e04\u0e4c\u0e17\u0e32\u0e07\u0e01\u0e32\u0e23\u0e04\u0e49\u0e32\u0e2b\u0e23\u0e37\u0e2d\u0e40\u0e1e\u0e37\u0e48\u0e2d\u0e01\u0e32\u0e23\u0e41\u0e2a\u0e14\u0e07\u0e2a\u0e32\u0e18\u0e32\u0e23\u0e13\u0e30 (\u0e40\u0e0a\u0e34\u0e07\u0e1e\u0e32\u0e13\u0e34\u0e0a\u0e22\u0e4c\u0e2b\u0e23\u0e37\u0e2d\u0e2d\u0e22\u0e48\u0e32\u0e07\u0e2d\u0e37\u0e48\u0e19)<\/p>\n\n\n\n<p>\u0e1e\u0e22\u0e32\u0e22\u0e32\u0e21\u0e17\u0e33\u0e27\u0e34\u0e28\u0e27\u0e01\u0e23\u0e23\u0e21\u0e22\u0e49\u0e2d\u0e19\u0e01\u0e25\u0e31\u0e1a\u0e2b\u0e23\u0e37\u0e2d\u0e16\u0e2d\u0e14\u0e23\u0e2b\u0e31\u0e2a\u0e0b\u0e2d\u0e1f\u0e15\u0e4c\u0e41\u0e27\u0e23\u0e4c\u0e43\u0e14\u0e46 \u0e17\u0e35\u0e48\u0e1e\u0e1a\u0e43\u0e19\u0e40\u0e27\u0e47\u0e1a\u0e44\u0e0b\u0e15\u0e4c GadgetApps<\/p>\n\n\n\n<p>\u0e25\u0e1a\u0e1b\u0e23\u0e30\u0e01\u0e32\u0e28\u0e25\u0e34\u0e02\u0e2a\u0e34\u0e17\u0e18\u0e34\u0e4c\u0e2b\u0e23\u0e37\u0e2d\u0e02\u0e49\u0e2d\u0e1a\u0e48\u0e07\u0e0a\u0e35\u0e49\u0e01\u0e23\u0e23\u0e21\u0e2a\u0e34\u0e17\u0e18\u0e34\u0e4c\u0e2d\u0e37\u0e48\u0e19 \u0e46 \u0e2d\u0e2d\u0e01\u0e08\u0e32\u0e01\u0e40\u0e19\u0e37\u0e49\u0e2d\u0e2b\u0e32<\/p>\n\n\n\n<p>\u0e2a\u0e48\u0e07\u0e15\u0e48\u0e2d\u0e2a\u0e37\u0e48\u0e2d\u0e44\u0e1b\u0e22\u0e31\u0e07\u0e1a\u0e38\u0e04\u0e04\u0e25\u0e2d\u0e37\u0e48\u0e19\u0e2b\u0e23\u0e37\u0e2d\u0e17\u0e33\u0e0b\u0e49\u0e33\u0e2a\u0e37\u0e48\u0e2d\u0e1a\u0e19\u0e40\u0e0b\u0e34\u0e23\u0e4c\u0e1f\u0e40\u0e27\u0e2d\u0e23\u0e4c\u0e2d\u0e37\u0e48\u0e19<\/p>\n\n\n\n<p>\u0e43\u0e1a\u0e2d\u0e19\u0e38\u0e0d\u0e32\u0e15\u0e19\u0e35\u0e49\u0e08\u0e30\u0e22\u0e38\u0e15\u0e34\u0e42\u0e14\u0e22\u0e2d\u0e31\u0e15\u0e42\u0e19\u0e21\u0e31\u0e15\u0e34\u0e2b\u0e32\u0e01\u0e04\u0e38\u0e13\u0e25\u0e30\u0e40\u0e21\u0e34\u0e14\u0e02\u0e49\u0e2d\u0e08\u0e33\u0e01\u0e31\u0e14\u0e43\u0e14\u0e46 \u0e40\u0e2b\u0e25\u0e48\u0e32\u0e19\u0e35\u0e49 \u0e41\u0e25\u0e30\u0e2d\u0e32\u0e08\u0e16\u0e39\u0e01\u0e22\u0e01\u0e40\u0e25\u0e34\u0e01\u0e42\u0e14\u0e22 GadgetApps \u0e44\u0e14\u0e49\u0e15\u0e25\u0e2d\u0e14\u0e40\u0e27\u0e25\u0e32 \u0e40\u0e21\u0e37\u0e48\u0e2d\u0e22\u0e38\u0e15\u0e34\u0e01\u0e32\u0e23\u0e14\u0e39\u0e40\u0e19\u0e37\u0e49\u0e2d\u0e2b\u0e32\u0e2b\u0e23\u0e37\u0e2d\u0e40\u0e21\u0e37\u0e48\u0e2d\u0e2a\u0e34\u0e49\u0e19\u0e2a\u0e38\u0e14\u0e43\u0e1a\u0e2d\u0e19\u0e38\u0e0d\u0e32\u0e15\u0e19\u0e35\u0e49 \u0e04\u0e38\u0e13\u0e15\u0e49\u0e2d\u0e07\u0e25\u0e1a\u0e40\u0e19\u0e37\u0e49\u0e2d\u0e2b\u0e32\u0e17\u0e35\u0e48\u0e14\u0e32\u0e27\u0e19\u0e4c\u0e42\u0e2b\u0e25\u0e14\u0e44\u0e21\u0e48\u0e27\u0e48\u0e32\u0e08\u0e30\u0e2d\u0e22\u0e39\u0e48\u0e43\u0e19\u0e23\u0e39\u0e1b\u0e41\u0e1a\u0e1a\u0e2d\u0e34\u0e40\u0e25\u0e47\u0e01\u0e17\u0e23\u0e2d\u0e19\u0e34\u0e01\u0e2a\u0e4c\u0e2b\u0e23\u0e37\u0e2d\u0e2a\u0e34\u0e48\u0e07\u0e1e\u0e34\u0e21\u0e1e\u0e4c<\/p>\n\n\n\n<p><strong>\u0e02\u0e49\u0e2d\u0e2a\u0e07\u0e27\u0e19\u0e2a\u0e34\u0e17\u0e18\u0e34\u0e4c<\/strong><br>\u0e40\u0e19\u0e37\u0e49\u0e2d\u0e2b\u0e32\u0e1a\u0e19\u0e40\u0e27\u0e47\u0e1a\u0e44\u0e0b\u0e15\u0e4c GadgetApps \u0e21\u0e35\u0e43\u0e2b\u0e49\u0e15\u0e32\u0e21\u0e17\u0e35\u0e48\u0e40\u0e1b\u0e47\u0e19\u0e2d\u0e22\u0e39\u0e48 GadgetApps \u0e44\u0e21\u0e48\u0e23\u0e31\u0e1a\u0e1b\u0e23\u0e30\u0e01\u0e31\u0e19\u0e17\u0e31\u0e49\u0e07\u0e42\u0e14\u0e22\u0e0a\u0e31\u0e14\u0e41\u0e08\u0e49\u0e07\u0e2b\u0e23\u0e37\u0e2d\u0e42\u0e14\u0e22\u0e19\u0e31\u0e22 \u0e41\u0e25\u0e30\u0e44\u0e21\u0e48\u0e23\u0e31\u0e1a\u0e1c\u0e34\u0e14\u0e0a\u0e2d\u0e1a\u0e15\u0e48\u0e2d\u0e01\u0e32\u0e23\u0e23\u0e31\u0e1a\u0e1b\u0e23\u0e30\u0e01\u0e31\u0e19\u0e2d\u0e37\u0e48\u0e19 \u0e46 \u0e17\u0e31\u0e49\u0e07\u0e2b\u0e21\u0e14 \u0e23\u0e27\u0e21\u0e16\u0e36\u0e07\u0e41\u0e15\u0e48\u0e44\u0e21\u0e48\u0e08\u0e33\u0e01\u0e31\u0e14\u0e40\u0e1e\u0e35\u0e22\u0e07 \u0e01\u0e32\u0e23\u0e23\u0e31\u0e1a\u0e1b\u0e23\u0e30\u0e01\u0e31\u0e19\u0e42\u0e14\u0e22\u0e19\u0e31\u0e22\u0e15\u0e48\u0e2d\u0e04\u0e27\u0e32\u0e21\u0e2a\u0e32\u0e21\u0e32\u0e23\u0e16\u0e40\u0e0a\u0e34\u0e07\u0e1e\u0e32\u0e13\u0e34\u0e0a\u0e22\u0e4c \u0e04\u0e27\u0e32\u0e21\u0e40\u0e2b\u0e21\u0e32\u0e30\u0e2a\u0e21\u0e2a\u0e33\u0e2b\u0e23\u0e31\u0e1a\u0e27\u0e31\u0e15\u0e16\u0e38\u0e1b\u0e23\u0e30\u0e2a\u0e07\u0e04\u0e4c\u0e40\u0e09\u0e1e\u0e32\u0e30 \u0e2b\u0e23\u0e37\u0e2d\u0e01\u0e32\u0e23\u0e44\u0e21\u0e48\u0e25\u0e30\u0e40\u0e21\u0e34\u0e14\u0e2a\u0e34\u0e17\u0e18\u0e34\u0e4c\u0e43\u0e19\u0e17\u0e23\u0e31\u0e1e\u0e22\u0e4c\u0e2a\u0e34\u0e19\u0e17\u0e32\u0e07\u0e1b\u0e31\u0e0d\u0e0d\u0e32<\/p>\n\n\n\n<p><strong>\u0e02\u0e49\u0e2d\u0e08\u0e33\u0e01\u0e31\u0e14\u0e04\u0e27\u0e32\u0e21\u0e23\u0e31\u0e1a\u0e1c\u0e34\u0e14<\/strong><br>\u0e44\u0e21\u0e48\u0e27\u0e48\u0e32\u0e43\u0e19\u0e01\u0e23\u0e13\u0e35\u0e43\u0e14 GadgetApps \u0e2b\u0e23\u0e37\u0e2d\u0e0b\u0e31\u0e1e\u0e1e\u0e25\u0e32\u0e22\u0e40\u0e2d\u0e2d\u0e23\u0e4c\u0e08\u0e30\u0e44\u0e21\u0e48\u0e23\u0e31\u0e1a\u0e1c\u0e34\u0e14\u0e0a\u0e2d\u0e1a\u0e15\u0e48\u0e2d\u0e04\u0e27\u0e32\u0e21\u0e40\u0e2a\u0e35\u0e22\u0e2b\u0e32\u0e22\u0e43\u0e14\u0e46 \u0e17\u0e35\u0e48\u0e40\u0e01\u0e34\u0e14\u0e02\u0e36\u0e49\u0e19\u0e08\u0e32\u0e01\u0e01\u0e32\u0e23\u0e43\u0e0a\u0e49\u0e2b\u0e23\u0e37\u0e2d\u0e01\u0e32\u0e23\u0e44\u0e21\u0e48\u0e2a\u0e32\u0e21\u0e32\u0e23\u0e16\u0e43\u0e0a\u0e49\u0e40\u0e19\u0e37\u0e49\u0e2d\u0e2b\u0e32\u0e1a\u0e19 GadgetApps \u0e41\u0e21\u0e49\u0e27\u0e48\u0e32\u0e08\u0e30\u0e44\u0e14\u0e49\u0e23\u0e31\u0e1a\u0e04\u0e33\u0e41\u0e19\u0e30\u0e19\u0e33\u0e16\u0e36\u0e07\u0e04\u0e27\u0e32\u0e21\u0e40\u0e1b\u0e47\u0e19\u0e44\u0e1b\u0e44\u0e14\u0e49\u0e02\u0e2d\u0e07\u0e04\u0e27\u0e32\u0e21\u0e40\u0e2a\u0e35\u0e22\u0e2b\u0e32\u0e22\u0e14\u0e31\u0e07\u0e01\u0e25\u0e48\u0e32\u0e27\u0e01\u0e47\u0e15\u0e32\u0e21 \u0e2b\u0e32\u0e01\u0e01\u0e0e\u0e2b\u0e21\u0e32\u0e22\u0e17\u0e49\u0e2d\u0e07\u0e16\u0e34\u0e48\u0e19\u0e44\u0e21\u0e48\u0e2d\u0e19\u0e38\u0e0d\u0e32\u0e15\u0e43\u0e2b\u0e49\u0e21\u0e35\u0e01\u0e32\u0e23\u0e22\u0e01\u0e40\u0e27\u0e49\u0e19\u0e01\u0e32\u0e23\u0e23\u0e31\u0e1a\u0e1b\u0e23\u0e30\u0e01\u0e31\u0e19\u0e1a\u0e32\u0e07\u0e1b\u0e23\u0e30\u0e01\u0e32\u0e23\u0e2b\u0e23\u0e37\u0e2d\u0e01\u0e32\u0e23\u0e08\u0e33\u0e01\u0e31\u0e14\u0e04\u0e27\u0e32\u0e21\u0e23\u0e31\u0e1a\u0e1c\u0e34\u0e14\u0e2a\u0e33\u0e2b\u0e23\u0e31\u0e1a\u0e04\u0e27\u0e32\u0e21\u0e40\u0e2a\u0e35\u0e22\u0e2b\u0e32\u0e22\u0e17\u0e35\u0e48\u0e40\u0e1b\u0e47\u0e19\u0e1c\u0e25\u0e2a\u0e37\u0e1a\u0e40\u0e19\u0e37\u0e48\u0e2d\u0e07 \u0e02\u0e49\u0e2d\u0e22\u0e01\u0e40\u0e27\u0e49\u0e19\u0e41\u0e25\u0e30\u0e02\u0e49\u0e2d\u0e08\u0e33\u0e01\u0e31\u0e14\u0e40\u0e2b\u0e25\u0e48\u0e32\u0e19\u0e35\u0e49\u0e2d\u0e32\u0e08\u0e44\u0e21\u0e48\u0e21\u0e35\u0e1c\u0e25\u0e01\u0e31\u0e1a\u0e04\u0e38\u0e13<\/p>\n\n\n\n<p><strong>\u0e04\u0e27\u0e32\u0e21\u0e41\u0e21\u0e48\u0e19\u0e22\u0e33\u0e02\u0e2d\u0e07\u0e27\u0e31\u0e2a\u0e14\u0e38<\/strong><br>\u0e40\u0e19\u0e37\u0e49\u0e2d\u0e2b\u0e32\u0e17\u0e35\u0e48\u0e1b\u0e23\u0e32\u0e01\u0e0f\u0e1a\u0e19\u0e40\u0e27\u0e47\u0e1a\u0e44\u0e0b\u0e15\u0e4c\u0e02\u0e2d\u0e07 GadgetApps \u0e2d\u0e32\u0e08\u0e21\u0e35\u0e02\u0e49\u0e2d\u0e1c\u0e34\u0e14\u0e1e\u0e25\u0e32\u0e14\u0e17\u0e32\u0e07\u0e40\u0e17\u0e04\u0e19\u0e34\u0e04 \u0e01\u0e32\u0e23\u0e1e\u0e34\u0e21\u0e1e\u0e4c \u0e2b\u0e23\u0e37\u0e2d\u0e20\u0e32\u0e1e\u0e16\u0e48\u0e32\u0e22 GadgetApps \u0e44\u0e21\u0e48\u0e23\u0e31\u0e1a\u0e1b\u0e23\u0e30\u0e01\u0e31\u0e19\u0e04\u0e27\u0e32\u0e21\u0e16\u0e39\u0e01\u0e15\u0e49\u0e2d\u0e07 \u0e04\u0e27\u0e32\u0e21\u0e2a\u0e21\u0e1a\u0e39\u0e23\u0e13\u0e4c \u0e2b\u0e23\u0e37\u0e2d\u0e04\u0e27\u0e32\u0e21\u0e17\u0e31\u0e19\u0e40\u0e27\u0e25\u0e32\u0e02\u0e2d\u0e07\u0e40\u0e19\u0e37\u0e49\u0e2d\u0e2b\u0e32\u0e1a\u0e19\u0e40\u0e27\u0e47\u0e1a\u0e44\u0e0b\u0e15\u0e4c\u0e02\u0e2d\u0e07\u0e15\u0e19 \u0e41\u0e25\u0e30\u0e2d\u0e32\u0e08\u0e40\u0e1b\u0e25\u0e35\u0e48\u0e22\u0e19\u0e41\u0e1b\u0e25\u0e07\u0e40\u0e19\u0e37\u0e49\u0e2d\u0e2b\u0e32\u0e44\u0e14\u0e49\u0e15\u0e25\u0e2d\u0e14\u0e40\u0e27\u0e25\u0e32\u0e42\u0e14\u0e22\u0e44\u0e21\u0e48\u0e15\u0e49\u0e2d\u0e07\u0e41\u0e08\u0e49\u0e07\u0e43\u0e2b\u0e49\u0e17\u0e23\u0e32\u0e1a \u0e41\u0e15\u0e48\u0e44\u0e21\u0e48\u0e21\u0e35\u0e02\u0e49\u0e2d\u0e1c\u0e39\u0e01\u0e21\u0e31\u0e14\u0e43\u0e14\u0e46 \u0e43\u0e19\u0e01\u0e32\u0e23\u0e2d\u0e31\u0e1b\u0e40\u0e14\u0e15\u0e40\u0e19\u0e37\u0e49\u0e2d\u0e2b\u0e32<\/p>\n\n\n\n<p><strong>\u0e25\u0e34\u0e07\u0e04\u0e4c<\/strong><br>GadgetApps \u0e22\u0e31\u0e07\u0e44\u0e21\u0e48\u0e44\u0e14\u0e49\u0e15\u0e23\u0e27\u0e08\u0e2a\u0e2d\u0e1a\u0e44\u0e0b\u0e15\u0e4c\u0e17\u0e31\u0e49\u0e07\u0e2b\u0e21\u0e14\u0e17\u0e35\u0e48\u0e40\u0e0a\u0e37\u0e48\u0e2d\u0e21\u0e42\u0e22\u0e07\u0e01\u0e31\u0e1a\u0e44\u0e0b\u0e15\u0e4c\u0e14\u0e31\u0e07\u0e01\u0e25\u0e48\u0e32\u0e27 \u0e41\u0e25\u0e30\u0e44\u0e21\u0e48\u0e23\u0e31\u0e1a\u0e1c\u0e34\u0e14\u0e0a\u0e2d\u0e1a\u0e15\u0e48\u0e2d\u0e40\u0e19\u0e37\u0e49\u0e2d\u0e2b\u0e32\u0e02\u0e2d\u0e07\u0e44\u0e0b\u0e15\u0e4c\u0e20\u0e32\u0e22\u0e19\u0e2d\u0e01\u0e43\u0e14\u0e46 \u0e01\u0e32\u0e23\u0e23\u0e27\u0e21\u0e25\u0e34\u0e07\u0e01\u0e4c\u0e43\u0e14\u0e46 \u0e44\u0e21\u0e48\u0e44\u0e14\u0e49\u0e2b\u0e21\u0e32\u0e22\u0e04\u0e27\u0e32\u0e21\u0e16\u0e36\u0e07\u0e01\u0e32\u0e23\u0e23\u0e31\u0e1a\u0e23\u0e2d\u0e07\u0e42\u0e14\u0e22 GadgetApps \u0e02\u0e2d\u0e07\u0e44\u0e0b\u0e15\u0e4c \u0e01\u0e32\u0e23\u0e43\u0e0a\u0e49\u0e44\u0e0b\u0e15\u0e4c\u0e17\u0e35\u0e48\u0e40\u0e0a\u0e37\u0e48\u0e2d\u0e21\u0e42\u0e22\u0e07\u0e16\u0e37\u0e2d\u0e40\u0e1b\u0e47\u0e19\u0e04\u0e27\u0e32\u0e21\u0e40\u0e2a\u0e35\u0e48\u0e22\u0e07\u0e02\u0e2d\u0e07\u0e1c\u0e39\u0e49\u0e43\u0e0a\u0e49\u0e40\u0e2d\u0e07<\/p>\n\n\n\n<p><strong>\u0e01\u0e32\u0e23\u0e1b\u0e23\u0e31\u0e1a\u0e40\u0e1b\u0e25\u0e35\u0e48\u0e22\u0e19\u0e02\u0e49\u0e2d\u0e01\u0e33\u0e2b\u0e19\u0e14<\/strong><br>GadgetApps \u0e2d\u0e32\u0e08\u0e41\u0e01\u0e49\u0e44\u0e02\u0e02\u0e49\u0e2d\u0e01\u0e33\u0e2b\u0e19\u0e14\u0e01\u0e32\u0e23\u0e43\u0e0a\u0e49\u0e07\u0e32\u0e19\u0e40\u0e2b\u0e25\u0e48\u0e32\u0e19\u0e35\u0e49\u0e44\u0e14\u0e49\u0e15\u0e25\u0e2d\u0e14\u0e40\u0e27\u0e25\u0e32\u0e42\u0e14\u0e22\u0e44\u0e21\u0e48\u0e15\u0e49\u0e2d\u0e07\u0e41\u0e08\u0e49\u0e07\u0e43\u0e2b\u0e49\u0e17\u0e23\u0e32\u0e1a\u0e25\u0e48\u0e27\u0e07\u0e2b\u0e19\u0e49\u0e32 \u0e01\u0e32\u0e23\u0e43\u0e0a\u0e49\u0e40\u0e27\u0e47\u0e1a\u0e44\u0e0b\u0e15\u0e4c\u0e19\u0e35\u0e49\u0e41\u0e2a\u0e14\u0e07\u0e27\u0e48\u0e32\u0e04\u0e38\u0e13\u0e15\u0e01\u0e25\u0e07\u0e17\u0e35\u0e48\u0e08\u0e30\u0e1c\u0e39\u0e01\u0e1e\u0e31\u0e19\u0e15\u0e32\u0e21\u0e02\u0e49\u0e2d\u0e01\u0e33\u0e2b\u0e19\u0e14\u0e01\u0e32\u0e23\u0e43\u0e0a\u0e49\u0e07\u0e32\u0e19\u0e09\u0e1a\u0e31\u0e1a\u0e25\u0e48\u0e32\u0e2a\u0e38\u0e14<\/p>\n\n\n\n<p><strong>\u0e01\u0e0e\u0e2b\u0e21\u0e32\u0e22\u0e17\u0e35\u0e48\u0e43\u0e0a\u0e49\u0e1a\u0e31\u0e07\u0e04\u0e31\u0e1a<\/strong><br>\u0e02\u0e49\u0e2d\u0e01\u0e33\u0e2b\u0e19\u0e14\u0e41\u0e25\u0e30\u0e40\u0e07\u0e37\u0e48\u0e2d\u0e19\u0e44\u0e02\u0e40\u0e2b\u0e25\u0e48\u0e32\u0e19\u0e35\u0e49\u0e2d\u0e22\u0e39\u0e48\u0e20\u0e32\u0e22\u0e43\u0e15\u0e49\u0e01\u0e0e\u0e2b\u0e21\u0e32\u0e22\u0e02\u0e2d\u0e07 GadgetApps \u0e41\u0e25\u0e30\u0e04\u0e38\u0e13\u0e22\u0e34\u0e19\u0e22\u0e2d\u0e21\u0e2d\u0e22\u0e48\u0e32\u0e07\u0e44\u0e21\u0e48\u0e2d\u0e32\u0e08\u0e40\u0e1e\u0e34\u0e01\u0e16\u0e2d\u0e19\u0e44\u0e14\u0e49\u0e15\u0e48\u0e2d\u0e40\u0e02\u0e15\u0e2d\u0e33\u0e19\u0e32\u0e08\u0e28\u0e32\u0e25\u0e40\u0e09\u0e1e\u0e32\u0e30\u0e02\u0e2d\u0e07\u0e28\u0e32\u0e25\u0e17\u0e49\u0e2d\u0e07\u0e16\u0e34\u0e48\u0e19<\/p>\n\n\n\n<p><\/p>","protected":false},"excerpt":{"rendered":"<p>Ao entrar no site GadgetApps, voc\u00ea aceita estes termos de uso, bem como todas as leis e regulamenta\u00e7\u00f5es relevantes, e reconhece que tem a responsabilidade de observar as leis locais aplic\u00e1veis. Caso n\u00e3o concorde com estes termos, voc\u00ea est\u00e1 proibido de acessar ou utilizar o site. Os conte\u00fados presentes neste website est\u00e3o protegidos pelas leis [&hellip;]<\/p>\n","protected":false},"author":1,"featured_media":0,"parent":0,"menu_order":0,"comment_status":"closed","ping_status":"closed","template":"","meta":{"footnotes":""},"class_list":["post-340","page","type-page","status-publish"],"_links":{"self":[{"href":"https:\/\/appsminds.com\/th\/wp-json\/wp\/v2\/pages\/340","targetHints":{"allow":["GET"]}}],"collection":[{"href":"https:\/\/appsminds.com\/th\/wp-json\/wp\/v2\/pages"}],"about":[{"href":"https:\/\/appsminds.com\/th\/wp-json\/wp\/v2\/types\/page"}],"author":[{"embeddable":true,"href":"https:\/\/appsminds.com\/th\/wp-json\/wp\/v2\/users\/1"}],"replies":[{"embeddable":true,"href":"https:\/\/appsminds.com\/th\/wp-json\/wp\/v2\/comments?post=340"}],"version-history":[{"count":2,"href":"https:\/\/appsminds.com\/th\/wp-json\/wp\/v2\/pages\/340\/revisions"}],"predecessor-version":[{"id":522,"href":"https:\/\/appsminds.com\/th\/wp-json\/wp\/v2\/pages\/340\/revisions\/522"}],"wp:attachment":[{"href":"https:\/\/appsminds.com\/th\/wp-json\/wp\/v2\/media?parent=340"}],"curies":[{"name":"\u0e14\u0e31\u0e1a\u0e40\u0e1a\u0e34\u0e25\u0e22\u0e39\u0e1e\u0e35","href":"https:\/\/api.w.org\/{rel}","templated":true}]}}