{"id":342,"date":"2025-01-13T17:55:20","date_gmt":"2025-01-13T17:55:20","guid":{"rendered":"https:\/\/appsminds.com\/?page_id=342"},"modified":"2025-01-13T21:58:10","modified_gmt":"2025-01-13T21:58:10","slug":"%d0%ba%d0%be%d0%bd%d1%82%d0%b0%d0%ba%d1%82","status":"publish","type":"page","link":"https:\/\/appsminds.com\/sr\/contato\/","title":{"rendered":"\u041a\u043e\u043d\u0442\u0430\u043a\u0442"},"content":{"rendered":"<p>\u0423 <strong>\u0413\u0430\u0434\u0433\u0435\u0442\u0441\u0410\u043f\u043f\u0441<\/strong>, \u0432\u0435\u0440\u0443\u0458\u0435\u043c\u043e \u0434\u0430 \u0458\u0435 \u0434\u0438\u0458\u0430\u043b\u043e\u0433 \u0441\u0430 \u043d\u0430\u0448\u0438\u043c \u043a\u043e\u0440\u0438\u0441\u043d\u0438\u0446\u0438\u043c\u0430 \u043d\u0435\u043e\u043f\u0445\u043e\u0434\u0430\u043d \u0437\u0430 \u043a\u043e\u043d\u0442\u0438\u043d\u0443\u0438\u0440\u0430\u043d\u043e \u0443\u043d\u0430\u043f\u0440\u0435\u0452\u0435\u045a\u0435 \u043d\u0430\u0448\u0438\u0445 \u0443\u0441\u043b\u0443\u0433\u0430. \u041e\u0432\u0430\u0458 \u043a\u0430\u043d\u0430\u043b \u0458\u0435 \u0440\u0430\u0437\u0432\u0438\u0458\u0435\u043d \u0434\u0430 \u043f\u0440\u0438\u043c\u0430 \u0432\u0430\u0448\u0435 \u0441\u0443\u0433\u0435\u0441\u0442\u0438\u0458\u0435, \u043a\u0440\u0438\u0442\u0438\u043a\u0435, \u043f\u0438\u0442\u0430\u045a\u0430 \u0438\u043b\u0438 \u043a\u043e\u043c\u0435\u043d\u0442\u0430\u0440\u0435 \u043d\u0430 \u0430\u0433\u0438\u043b\u0430\u043d \u0438 \u0435\u0444\u0438\u043a\u0430\u0441\u0430\u043d \u043d\u0430\u0447\u0438\u043d.<\/p>\n\n\n\n<p>\u0414\u043e\u0441\u0442\u0443\u043f\u043d\u0438 \u0441\u043c\u043e \u0437\u0430:<\/p>\n\n\n\n<ul class=\"wp-block-list\">\n<li>\u041f\u0440\u0438\u043c\u0438\u0442\u0435 \u0432\u0430\u0448\u0435 \u043f\u0440\u0435\u0434\u043b\u043e\u0433\u0435 \u0437\u0430 \u043f\u043e\u0431\u043e\u0459\u0448\u0430\u045a\u0430;<\/li>\n\n\n\n<li>\u0421\u043b\u0443\u0448\u0430\u0458\u0442\u0435 \u0432\u0430\u0448\u0443 \u043a\u043e\u043d\u0441\u0442\u0440\u0443\u043a\u0442\u0438\u0432\u043d\u0443 \u043a\u0440\u0438\u0442\u0438\u043a\u0443;<\/li>\n\n\n\n<li>\u0420\u0430\u0437\u0458\u0430\u0441\u043d\u0438\u0442\u0435 \u0441\u0443\u043c\u045a\u0435 \u0443 \u0432\u0435\u0437\u0438 \u0441\u0430 \u043d\u0430\u0448\u0438\u043c \u0443\u0441\u043b\u0443\u0433\u0430\u043c\u0430;<\/li>\n\n\n\n<li>\u0421\u0430\u0437\u043d\u0430\u0458\u0442\u0435 \u0432\u0438\u0448\u0435 \u043e \u0441\u0432\u043e\u043c \u0438\u0441\u043a\u0443\u0441\u0442\u0432\u0443 \u0441\u0430 \u043d\u0430\u043c\u0430.<\/li>\n<\/ul>\n\n\n\n<p>\ud83d\udce9 <strong>\u0415-\u043c\u0430\u0438\u043b:<\/strong> <a>contato@gadgetsapps.com<\/a><\/p>\n\n\n\n<p>\u0412\u0430\u0448\u0435 \u043f\u043e\u0432\u0440\u0430\u0442\u043d\u0435 \u0438\u043d\u0444\u043e\u0440\u043c\u0430\u0446\u0438\u0458\u0435 \u0441\u0435 \u0441\u0445\u0432\u0430\u0442\u0430\u0458\u0443 \u043e\u0437\u0431\u0438\u0459\u043d\u043e \u0438 \u043f\u043e\u043c\u0430\u0436\u0443 \u043d\u0430\u043c \u0434\u0430 \u0441\u0435 \u0440\u0430\u0437\u0432\u0438\u0458\u0430\u043c\u043e. \u0417\u0430\u0445\u0432\u0430\u0459\u0443\u0458\u0435\u043c\u043e \u0432\u0430\u043c \u043d\u0430 \u043f\u043e\u0432\u0435\u0440\u0435\u045a\u0443 \u0438 \u0434\u043e\u043f\u0440\u0438\u043d\u043e\u0441\u0443 <strong>\u0413\u0430\u0434\u0433\u0435\u0442\u0441\u0410\u043f\u043f\u0441<\/strong> \u043d\u0430\u0441\u0442\u0430\u0432\u0438\u0442\u0438 \u0434\u0430 \u043d\u0443\u0434\u0438 \u043e\u0434\u043b\u0438\u0447\u043d\u0430 \u0440\u0435\u0448\u0435\u045a\u0430.<\/p>","protected":false},"excerpt":{"rendered":"<p>Na GadgetsApps, acreditamos que o di\u00e1logo com nossos usu\u00e1rios \u00e9 essencial para o aprimoramento cont\u00ednuo de nossos servi\u00e7os. Este canal foi desenvolvido para receber suas sugest\u00f5es, cr\u00edticas, d\u00favidas ou coment\u00e1rios de maneira \u00e1gil e eficiente. Estamos \u00e0 disposi\u00e7\u00e3o para: \ud83d\udce9 E-mail: contato@gadgetsapps.com Seu feedback \u00e9 tratado com seriedade e nos ajuda a evoluir. Agradecemos pela [&hellip;]<\/p>\n","protected":false},"author":1,"featured_media":0,"parent":0,"menu_order":0,"comment_status":"closed","ping_status":"closed","template":"","meta":{"footnotes":""},"class_list":["post-342","page","type-page","status-publish"],"_links":{"self":[{"href":"https:\/\/appsminds.com\/sr\/wp-json\/wp\/v2\/pages\/342","targetHints":{"allow":["GET"]}}],"collection":[{"href":"https:\/\/appsminds.com\/sr\/wp-json\/wp\/v2\/pages"}],"about":[{"href":"https:\/\/appsminds.com\/sr\/wp-json\/wp\/v2\/types\/page"}],"author":[{"embeddable":true,"href":"https:\/\/appsminds.com\/sr\/wp-json\/wp\/v2\/users\/1"}],"replies":[{"embeddable":true,"href":"https:\/\/appsminds.com\/sr\/wp-json\/wp\/v2\/comments?post=342"}],"version-history":[{"count":3,"href":"https:\/\/appsminds.com\/sr\/wp-json\/wp\/v2\/pages\/342\/revisions"}],"predecessor-version":[{"id":525,"href":"https:\/\/appsminds.com\/sr\/wp-json\/wp\/v2\/pages\/342\/revisions\/525"}],"wp:attachment":[{"href":"https:\/\/appsminds.com\/sr\/wp-json\/wp\/v2\/media?parent=342"}],"curies":[{"name":"\u0412\u041f","href":"https:\/\/api.w.org\/{rel}","templated":true}]}}