{"id":340,"date":"2025-01-13T17:55:11","date_gmt":"2025-01-13T17:55:11","guid":{"rendered":"https:\/\/appsminds.com\/?page_id=340"},"modified":"2025-01-13T21:49:26","modified_gmt":"2025-01-13T21:49:26","slug":"pogoji-uporabe","status":"publish","type":"page","link":"https:\/\/appsminds.com\/sl\/termos-de-uso\/","title":{"rendered":"Pogoji uporabe"},"content":{"rendered":"<p>Z vstopom na spletno mesto GadgetApps sprejemate te pogoje uporabe ter vse ustrezne zakone in predpise ter potrjujete, da ste odgovorni za ravnanje v skladu z veljavno lokalno zakonodajo. \u010ce se s temi pogoji ne strinjate, vam je prepovedan dostop ali uporaba spletnega mesta. Vsebine na tej spletni strani so za\u0161\u010ditene z veljavno zakonodajo o intelektualni lastnini in blagovnih znamkah.<\/p>\n\n\n\n<p><strong>Podelitev licence<\/strong><br>GadgetApps vam podeljuje pravico, da za\u010dasno prenesete eno kopijo gradiva, ki je na voljo na spletnem mestu (informacije ali programska oprema), samo za va\u0161 osebni, nekomercialni ogled. Ta koncesija je pravica uporabe, ne lastnine. Ne smete: spreminjati ali kopirati materialov;<\/p>\n\n\n\n<p>Uporabite materiale v komercialne namene ali za javno prikazovanje (komercialno ali druga\u010de);<\/p>\n\n\n\n<p>Poskusi obratnega in\u017eeniringa ali dekompilacije programske opreme, ki jo najdete na spletnem mestu GadgetApps;<\/p>\n\n\n\n<p>Izbri\u0161ite vsa obvestila o avtorskih pravicah ali druge lastni\u0161ke oznake iz gradiva;<\/p>\n\n\n\n<p>Posredujte materiale drugi osebi ali podvojite materiale na drugem stre\u017eniku.<\/p>\n\n\n\n<p>Ta licenca samodejno preneha veljati, \u010de prekr\u0161ite katero koli od teh omejitev in jo lahko GadgetApps kadar koli prekine. Po prekinitvi ogledovanja materialov ali po koncu te licence morate izbrisati vsa prenesena gradiva v elektronski ali tiskani obliki.<\/p>\n\n\n\n<p><strong>Zavrnitev odgovornosti<\/strong><br>Gradiva na spletnem mestu GadgetApps so na voljo tak\u0161na, kot so. GadgetApps ne daje nobenih jamstev, izrecnih ali implicitnih, in zavra\u010da vsa druga jamstva, vklju\u010dno, brez omejitev, implicitnih jamstev glede primernosti za prodajo, primernosti za dolo\u010den namen ali nekr\u0161itve pravic intelektualne lastnine.<\/p>\n\n\n\n<p><strong>Omejitve odgovornosti<\/strong><br>V nobenem primeru GadgetApps ali njegovi dobavitelji ne bodo odgovorni za kakr\u0161no koli \u0161kodo, ki bi nastala zaradi uporabe ali nezmo\u017enosti uporabe materialov na GadgetApps, tudi \u010de so obve\u0161\u010deni o mo\u017enosti tak\u0161ne \u0161kode. \u010ce lokalni zakoni ne dovoljujejo izklju\u010ditve dolo\u010denih jamstev ali omejitve odgovornosti za posledi\u010dno \u0161kodo, te izklju\u010ditve in omejitve morda ne veljajo za vas.<\/p>\n\n\n\n<p><strong>Natan\u010dnost materialov<\/strong><br>Gradiva, ki se pojavljajo na spletnem mestu GadgetApps, lahko vsebujejo tehni\u010dne, tipografske ali fotografske napake. GadgetApps ne jam\u010di za to\u010dnost, popolnost ali pravo\u010dasnost gradiv na svojem spletnem mestu in jih lahko kadar koli spremeni brez predhodnega obvestila, vendar se ne zavezuje k posodabljanju gradiv.<\/p>\n\n\n\n<p><strong>Povezave<\/strong><br>GadgetApps ni pregledal vseh spletnih mest, povezanih z njim, in ni odgovoren za vsebino zunanjih spletnih mest. Vklju\u010ditev katere koli povezave ne pomeni, da GadgetApps podpira spletno mesto. Uporaba povezanih spletnih mest je na lastno odgovornost uporabnika.<\/p>\n\n\n\n<p><strong>Spremembe pogojev<\/strong><br>GadgetApps lahko kadar koli spremeni te pogoje uporabe brez predhodnega obvestila. Z uporabo te spletne strani se strinjate, da vas zavezuje najnovej\u0161a razli\u010dica teh pogojev uporabe.<\/p>\n\n\n\n<p><strong>Veljavno pravo<\/strong><br>Ta dolo\u010dila in pogoje urejajo zakoni GadgetApps in nepreklicno sogla\u0161ate z izklju\u010dno pristojnostjo lokalnih sodi\u0161\u010d.<\/p>\n\n\n\n<p><\/p>","protected":false},"excerpt":{"rendered":"<p>Ao entrar no site GadgetApps, voc\u00ea aceita estes termos de uso, bem como todas as leis e regulamenta\u00e7\u00f5es relevantes, e reconhece que tem a responsabilidade de observar as leis locais aplic\u00e1veis. Caso n\u00e3o concorde com estes termos, voc\u00ea est\u00e1 proibido de acessar ou utilizar o site. Os conte\u00fados presentes neste website est\u00e3o protegidos pelas leis [&hellip;]<\/p>\n","protected":false},"author":1,"featured_media":0,"parent":0,"menu_order":0,"comment_status":"closed","ping_status":"closed","template":"","meta":{"footnotes":""},"class_list":["post-340","page","type-page","status-publish"],"_links":{"self":[{"href":"https:\/\/appsminds.com\/sl\/wp-json\/wp\/v2\/pages\/340","targetHints":{"allow":["GET"]}}],"collection":[{"href":"https:\/\/appsminds.com\/sl\/wp-json\/wp\/v2\/pages"}],"about":[{"href":"https:\/\/appsminds.com\/sl\/wp-json\/wp\/v2\/types\/page"}],"author":[{"embeddable":true,"href":"https:\/\/appsminds.com\/sl\/wp-json\/wp\/v2\/users\/1"}],"replies":[{"embeddable":true,"href":"https:\/\/appsminds.com\/sl\/wp-json\/wp\/v2\/comments?post=340"}],"version-history":[{"count":2,"href":"https:\/\/appsminds.com\/sl\/wp-json\/wp\/v2\/pages\/340\/revisions"}],"predecessor-version":[{"id":522,"href":"https:\/\/appsminds.com\/sl\/wp-json\/wp\/v2\/pages\/340\/revisions\/522"}],"wp:attachment":[{"href":"https:\/\/appsminds.com\/sl\/wp-json\/wp\/v2\/media?parent=340"}],"curies":[{"name":"delovni list","href":"https:\/\/api.w.org\/{rel}","templated":true}]}}