{"id":342,"date":"2025-01-13T17:55:20","date_gmt":"2025-01-13T17:55:20","guid":{"rendered":"https:\/\/appsminds.com\/?page_id=342"},"modified":"2025-01-13T21:58:10","modified_gmt":"2025-01-13T21:58:10","slug":"kontakt","status":"publish","type":"page","link":"https:\/\/appsminds.com\/sk\/contato\/","title":{"rendered":"Kontaktova\u0165"},"content":{"rendered":"<p>V <strong>GadgetsApps<\/strong>, ver\u00edme, \u017ee dial\u00f3g s na\u0161imi pou\u017e\u00edvate\u013emi je nevyhnutn\u00fd pre neust\u00e1le zlep\u0161ovanie na\u0161ich slu\u017eieb. Tento kan\u00e1l bol vyvinut\u00fd s cie\u013eom prij\u00edma\u0165 va\u0161e n\u00e1vrhy, kritiku, ot\u00e1zky alebo koment\u00e1re agiln\u00fdm a efekt\u00edvnym sp\u00f4sobom.<\/p>\n\n\n\n<p>Sme k dispoz\u00edcii:<\/p>\n\n\n\n<ul class=\"wp-block-list\">\n<li>Prij\u00edma\u0165 va\u0161e n\u00e1vrhy na zlep\u0161enie;<\/li>\n\n\n\n<li>Vypo\u010dujte si svoju kon\u0161trukt\u00edvnu kritiku;<\/li>\n\n\n\n<li>objasni\u0165 pochybnosti o na\u0161ich slu\u017eb\u00e1ch;<\/li>\n\n\n\n<li>Zistite viac o svojich sk\u00fasenostiach s nami.<\/li>\n<\/ul>\n\n\n\n<p>\ud83d\udce9 <strong>E-mail:<\/strong> <a>contato@gadgetsapps.com<\/a><\/p>\n\n\n\n<p>Va\u0161u sp\u00e4tn\u00fa v\u00e4zbu berieme v\u00e1\u017ene a pom\u00e1ha n\u00e1m rozv\u00edja\u0165 sa. \u010eakujeme V\u00e1m za prejaven\u00fa d\u00f4veru a za prispenie k <strong>GadgetsApps<\/strong> na\u010falej pon\u00faka\u0165 vynikaj\u00face rie\u0161enia.<\/p>","protected":false},"excerpt":{"rendered":"<p>Na GadgetsApps, acreditamos que o di\u00e1logo com nossos usu\u00e1rios \u00e9 essencial para o aprimoramento cont\u00ednuo de nossos servi\u00e7os. Este canal foi desenvolvido para receber suas sugest\u00f5es, cr\u00edticas, d\u00favidas ou coment\u00e1rios de maneira \u00e1gil e eficiente. Estamos \u00e0 disposi\u00e7\u00e3o para: \ud83d\udce9 E-mail: contato@gadgetsapps.com Seu feedback \u00e9 tratado com seriedade e nos ajuda a evoluir. Agradecemos pela [&hellip;]<\/p>\n","protected":false},"author":1,"featured_media":0,"parent":0,"menu_order":0,"comment_status":"closed","ping_status":"closed","template":"","meta":{"footnotes":""},"class_list":["post-342","page","type-page","status-publish"],"_links":{"self":[{"href":"https:\/\/appsminds.com\/sk\/wp-json\/wp\/v2\/pages\/342","targetHints":{"allow":["GET"]}}],"collection":[{"href":"https:\/\/appsminds.com\/sk\/wp-json\/wp\/v2\/pages"}],"about":[{"href":"https:\/\/appsminds.com\/sk\/wp-json\/wp\/v2\/types\/page"}],"author":[{"embeddable":true,"href":"https:\/\/appsminds.com\/sk\/wp-json\/wp\/v2\/users\/1"}],"replies":[{"embeddable":true,"href":"https:\/\/appsminds.com\/sk\/wp-json\/wp\/v2\/comments?post=342"}],"version-history":[{"count":3,"href":"https:\/\/appsminds.com\/sk\/wp-json\/wp\/v2\/pages\/342\/revisions"}],"predecessor-version":[{"id":525,"href":"https:\/\/appsminds.com\/sk\/wp-json\/wp\/v2\/pages\/342\/revisions\/525"}],"wp:attachment":[{"href":"https:\/\/appsminds.com\/sk\/wp-json\/wp\/v2\/media?parent=342"}],"curies":[{"name":"pracovn\u00fd list","href":"https:\/\/api.w.org\/{rel}","templated":true}]}}