{"id":340,"date":"2025-01-13T17:55:11","date_gmt":"2025-01-13T17:55:11","guid":{"rendered":"https:\/\/appsminds.com\/?page_id=340"},"modified":"2025-01-13T21:49:26","modified_gmt":"2025-01-13T21:49:26","slug":"podmienky-pouzivania","status":"publish","type":"page","link":"https:\/\/appsminds.com\/sk\/termos-de-uso\/","title":{"rendered":"Podmienky pou\u017e\u00edvania"},"content":{"rendered":"<p>Vstupom na webov\u00fa str\u00e1nku GadgetApps s\u00fahlas\u00edte s t\u00fdmito podmienkami pou\u017e\u00edvania, ako aj so v\u0161etk\u00fdmi pr\u00edslu\u0161n\u00fdmi z\u00e1konmi a nariadeniami a beriete na vedomie, \u017ee nesiete zodpovednos\u0165 za dodr\u017eiavanie platn\u00fdch miestnych z\u00e1konov. Ak nes\u00fahlas\u00edte s t\u00fdmito podmienkami, m\u00e1te zak\u00e1zan\u00fd pr\u00edstup na str\u00e1nku alebo jej pou\u017e\u00edvanie. Obsah tejto webovej str\u00e1nky je chr\u00e1nen\u00fd aktu\u00e1lnymi z\u00e1konmi o du\u0161evnom vlastn\u00edctve a ochrann\u00fdch zn\u00e1mkach.<\/p>\n\n\n\n<p><strong>Udelenie licencie<\/strong><br>GadgetApps v\u00e1m ude\u013euje pr\u00e1vo do\u010dasne stiahnu\u0165 jednu k\u00f3piu materi\u00e1lov dostupn\u00fdch na Str\u00e1nke (inform\u00e1cie alebo softv\u00e9r) len pre va\u0161e osobn\u00e9, nekomer\u010dn\u00e9 prezeranie. T\u00e1to koncesia je u\u017e\u00edvac\u00edm pr\u00e1vom, nie vlastn\u00edctvom. Nesmiete: Upravova\u0165 alebo kop\u00edrova\u0165 materi\u00e1ly;<\/p>\n\n\n\n<p>Pou\u017e\u00edva\u0165 materi\u00e1ly na komer\u010dn\u00e9 \u00fa\u010dely alebo na verejn\u00e9 vystavenie (komer\u010dn\u00e9 alebo in\u00e9);<\/p>\n\n\n\n<p>Pok\u00fasi\u0165 sa sp\u00e4tne analyzova\u0165 alebo dekompilova\u0165 ak\u00fdko\u013evek softv\u00e9r nach\u00e1dzaj\u00faci sa na webovej lokalite GadgetApps;<\/p>\n\n\n\n<p>Odstr\u00e1\u0148te z materi\u00e1lov v\u0161etky upozornenia na autorsk\u00e9 pr\u00e1va alebo in\u00e9 vlastn\u00edcke ozna\u010denia;<\/p>\n\n\n\n<p>Po\u0161lite materi\u00e1ly inej osobe alebo ich duplikujte na in\u00fd server.<\/p>\n\n\n\n<p>T\u00e1to licencia sa automaticky ukon\u010d\u00ed, ak poru\u0161\u00edte niektor\u00e9 z t\u00fdchto obmedzen\u00ed a m\u00f4\u017ee by\u0165 kedyko\u013evek ukon\u010den\u00e1 zo strany GadgetApps. Po ukon\u010den\u00ed prezerania materi\u00e1lov alebo po skon\u010den\u00ed platnosti tejto licencie mus\u00edte vymaza\u0165 v\u0161etky stiahnut\u00e9 materi\u00e1ly, \u010di u\u017e v elektronickom alebo tla\u010denom form\u00e1te.<\/p>\n\n\n\n<p><strong>Vyl\u00fa\u010denie zodpovednosti<\/strong><br>Materi\u00e1ly na webovej lokalite GadgetApps sa poskytuj\u00fa tak, ako s\u00fa. GadgetApps neposkytuje \u017eiadne z\u00e1ruky, \u010di u\u017e vyjadren\u00e9 alebo implicitn\u00e9, a zrieka sa v\u0161etk\u00fdch ostatn\u00fdch z\u00e1ruk, vr\u00e1tane, bez obmedzenia, implicitn\u00fdch z\u00e1ruk predajnosti, vhodnosti na konkr\u00e9tny \u00fa\u010del alebo neporu\u0161ovania pr\u00e1v du\u0161evn\u00e9ho vlastn\u00edctva.<\/p>\n\n\n\n<p><strong>Obmedzenia zodpovednosti<\/strong><br>GadgetApps ani jej dod\u00e1vatelia nebud\u00fa v \u017eiadnom pr\u00edpade zodpovedn\u00ed za \u017eiadne \u0161kody vypl\u00fdvaj\u00face z pou\u017e\u00edvania alebo nemo\u017enosti pou\u017ei\u0165 materi\u00e1ly na GadgetApps, a to ani v pr\u00edpade, \u017ee by boli upozornen\u00ed na mo\u017enos\u0165 takejto \u0161kody. Ak miestne z\u00e1kony neumo\u017e\u0148uj\u00fa vyl\u00fa\u010denie ur\u010dit\u00fdch z\u00e1ruk alebo obmedzenie zodpovednosti za n\u00e1sledn\u00e9 \u0161kody, tieto vyl\u00fa\u010denia a obmedzenia sa na v\u00e1s nemusia vz\u0165ahova\u0165.<\/p>\n\n\n\n<p><strong>Presnos\u0165 materi\u00e1lov<\/strong><br>Materi\u00e1ly zobrazen\u00e9 na webov\u00fdch str\u00e1nkach GadgetApps m\u00f4\u017eu obsahova\u0165 technick\u00e9, typografick\u00e9 alebo fotografick\u00e9 chyby. GadgetApps nezaru\u010duje presnos\u0165, \u00faplnos\u0165 alebo aktu\u00e1lnos\u0165 materi\u00e1lov na svojich str\u00e1nkach a m\u00f4\u017ee materi\u00e1ly kedyko\u013evek zmeni\u0165 bez upozornenia, ale nezav\u00e4zuje sa aktualizova\u0165 materi\u00e1ly.<\/p>\n\n\n\n<p><strong>Odkazy<\/strong><br>GadgetApps neskontroloval v\u0161etky str\u00e1nky, ktor\u00e9 s\u00fa s n\u00edm prepojen\u00e9, a nezodpoved\u00e1 za obsah \u017eiadnych extern\u00fdch str\u00e1nok. Zahrnutie ak\u00e9hoko\u013evek odkazu neznamen\u00e1, \u017ee GadgetApps podporuje str\u00e1nku. Pou\u017e\u00edvanie odkazovan\u00fdch str\u00e1nok je na vlastn\u00e9 riziko pou\u017e\u00edvate\u013ea.<\/p>\n\n\n\n<p><strong>\u00dapravy Podmienok<\/strong><br>GadgetApps m\u00f4\u017ee kedyko\u013evek upravi\u0165 tieto podmienky pou\u017e\u00edvania bez predch\u00e1dzaj\u00faceho upozornenia. Pou\u017e\u00edvan\u00edm tejto webovej str\u00e1nky s\u00fahlas\u00edte s t\u00fdm, \u017ee budete viazan\u00ed najnov\u0161ou verziou t\u00fdchto podmienok pou\u017e\u00edvania.<\/p>\n\n\n\n<p><strong>Rozhodn\u00e9 pr\u00e1vo<\/strong><br>Tieto zmluvn\u00e9 podmienky sa riadia z\u00e1konmi GadgetApps a neodvolate\u013ene s\u00fahlas\u00edte s v\u00fdhradnou jurisdikciou miestnych s\u00fadov.<\/p>\n\n\n\n<p><\/p>","protected":false},"excerpt":{"rendered":"<p>Ao entrar no site GadgetApps, voc\u00ea aceita estes termos de uso, bem como todas as leis e regulamenta\u00e7\u00f5es relevantes, e reconhece que tem a responsabilidade de observar as leis locais aplic\u00e1veis. Caso n\u00e3o concorde com estes termos, voc\u00ea est\u00e1 proibido de acessar ou utilizar o site. Os conte\u00fados presentes neste website est\u00e3o protegidos pelas leis [&hellip;]<\/p>\n","protected":false},"author":1,"featured_media":0,"parent":0,"menu_order":0,"comment_status":"closed","ping_status":"closed","template":"","meta":{"footnotes":""},"class_list":["post-340","page","type-page","status-publish"],"_links":{"self":[{"href":"https:\/\/appsminds.com\/sk\/wp-json\/wp\/v2\/pages\/340","targetHints":{"allow":["GET"]}}],"collection":[{"href":"https:\/\/appsminds.com\/sk\/wp-json\/wp\/v2\/pages"}],"about":[{"href":"https:\/\/appsminds.com\/sk\/wp-json\/wp\/v2\/types\/page"}],"author":[{"embeddable":true,"href":"https:\/\/appsminds.com\/sk\/wp-json\/wp\/v2\/users\/1"}],"replies":[{"embeddable":true,"href":"https:\/\/appsminds.com\/sk\/wp-json\/wp\/v2\/comments?post=340"}],"version-history":[{"count":2,"href":"https:\/\/appsminds.com\/sk\/wp-json\/wp\/v2\/pages\/340\/revisions"}],"predecessor-version":[{"id":522,"href":"https:\/\/appsminds.com\/sk\/wp-json\/wp\/v2\/pages\/340\/revisions\/522"}],"wp:attachment":[{"href":"https:\/\/appsminds.com\/sk\/wp-json\/wp\/v2\/media?parent=340"}],"curies":[{"name":"pracovn\u00fd list","href":"https:\/\/api.w.org\/{rel}","templated":true}]}}