{"id":340,"date":"2025-01-13T17:55:11","date_gmt":"2025-01-13T17:55:11","guid":{"rendered":"https:\/\/appsminds.com\/?page_id=340"},"modified":"2025-01-13T21:49:26","modified_gmt":"2025-01-13T21:49:26","slug":"termos-de-uso","status":"publish","type":"page","link":"https:\/\/appsminds.com\/pt_us\/termos-de-uso\/","title":{"rendered":"Termos de Uso"},"content":{"rendered":"<p>Ao entrar no site GadgetApps, voc\u00ea aceita estes termos de uso, bem como todas as leis e regulamenta\u00e7\u00f5es relevantes, e reconhece que tem a responsabilidade de observar as leis locais aplic\u00e1veis. Caso n\u00e3o concorde com estes termos, voc\u00ea est\u00e1 proibido de acessar ou utilizar o site. Os conte\u00fados presentes neste website est\u00e3o protegidos pelas leis de propriedade intelectual e de marcas registradas vigentes.<\/p>\n\n\n\n<p><strong>Concess\u00e3o de Licen\u00e7a<\/strong><br>A GadgetApps concede a voc\u00ea o direito de fazer o download tempor\u00e1rio de uma c\u00f3pia dos materiais dispon\u00edveis no site (informa\u00e7\u00f5es ou software) somente para visualiza\u00e7\u00e3o pessoal e n\u00e3o comercial. Esta concess\u00e3o \u00e9 um direito de uso, e n\u00e3o de propriedade. Voc\u00ea n\u00e3o deve:Alterar ou copiar os materiais;<\/p>\n\n\n\n<p>Usar os materiais para fins comerciais ou para exibi\u00e7\u00e3o p\u00fablica (comercial ou n\u00e3o);<\/p>\n\n\n\n<p>Tentar reverter a engenharia ou descompilar qualquer software encontrado no site GadgetApps;<\/p>\n\n\n\n<p>Excluir quaisquer avisos de direitos autorais ou outras indica\u00e7\u00f5es de propriedade dos materiais;<\/p>\n\n\n\n<p>Repassar os materiais a outra pessoa ou duplicar os materiais em outro servidor.<\/p>\n\n\n\n<p>Esta licen\u00e7a ser\u00e1 automaticamente encerrada caso voc\u00ea viole qualquer uma destas restri\u00e7\u00f5es e pode ser terminada por GadgetApps a qualquer momento. Ap\u00f3s o t\u00e9rmino da visualiza\u00e7\u00e3o dos materiais ou ao fim desta licen\u00e7a, voc\u00ea deve deletar todos os materiais baixados, seja em formato eletr\u00f4nico ou impresso.<\/p>\n\n\n\n<p><strong>Isen\u00e7\u00e3o de Responsabilidade<\/strong><br>Os materiais no site GadgetApps s\u00e3o fornecidos no estado em que se encontram. A GadgetApps n\u00e3o oferece garantias, expressas ou impl\u00edcitas, e nega todas as outras garantias, incluindo, sem limita\u00e7\u00e3o, garantias impl\u00edcitas de comercializa\u00e7\u00e3o, adequa\u00e7\u00e3o a um prop\u00f3sito espec\u00edfico ou n\u00e3o viola\u00e7\u00e3o de direitos de propriedade intelectual.<\/p>\n\n\n\n<p><strong>Limita\u00e7\u00f5es de Responsabilidade<\/strong><br>Em hip\u00f3tese alguma a GadgetApps ou seus fornecedores ser\u00e3o respons\u00e1veis por quaisquer danos que surjam do uso ou da incapacidade de usar os materiais no GadgetApps, mesmo que informados da possibilidade de tais danos. Se as leis locais n\u00e3o permitirem a exclus\u00e3o de certas garantias ou a limita\u00e7\u00e3o de responsabilidade por danos consequentes, essas exclus\u00f5es e limita\u00e7\u00f5es podem n\u00e3o se aplicar a voc\u00ea.<\/p>\n\n\n\n<p><strong>Precis\u00e3o dos Materiais<\/strong><br>Os materiais exibidos no site da GadgetApps podem conter erros t\u00e9cnicos, tipogr\u00e1ficos ou fotogr\u00e1ficos. A GadgetApps n\u00e3o garante a precis\u00e3o, completude ou atualidade dos materiais em seu site e pode alter\u00e1-los a qualquer momento sem aviso pr\u00e9vio, mas n\u00e3o se compromete a atualizar os materiais.<\/p>\n\n\n\n<p><strong>Links<\/strong><br>A GadgetApps n\u00e3o revisou todos os sites vinculados ao seu e n\u00e3o \u00e9 respons\u00e1vel pelo conte\u00fado de qualquer site externo. A inclus\u00e3o de qualquer link n\u00e3o implica endosso da GadgetApps ao site. O uso de sites vinculados \u00e9 por conta e risco do usu\u00e1rio.<\/p>\n\n\n\n<p><strong>Modifica\u00e7\u00f5es nos Termos<\/strong><br>A GadgetApps pode modificar estes termos de uso a qualquer momento, sem aviso pr\u00e9vio. Ao usar este site, voc\u00ea concorda em estar vinculado \u00e0 vers\u00e3o mais recente destes termos de uso.<\/p>\n\n\n\n<p><strong>Lei Aplic\u00e1vel<\/strong><br>Estes termos e condi\u00e7\u00f5es s\u00e3o regidos pelas leis da GadgetApps, e voc\u00ea concorda de forma irrevog\u00e1vel com a jurisdi\u00e7\u00e3o exclusiva dos tribunais do local.<\/p>\n\n\n\n<p><\/p>","protected":false},"excerpt":{"rendered":"<p>Ao entrar no site GadgetApps, voc\u00ea aceita estes termos de uso, bem como todas as leis e regulamenta\u00e7\u00f5es relevantes, e reconhece que tem a responsabilidade de observar as leis locais aplic\u00e1veis. Caso n\u00e3o concorde com estes termos, voc\u00ea est\u00e1 proibido de acessar ou utilizar o site. Os conte\u00fados presentes neste website est\u00e3o protegidos pelas leis [&hellip;]<\/p>\n","protected":false},"author":1,"featured_media":0,"parent":0,"menu_order":0,"comment_status":"closed","ping_status":"closed","template":"","meta":{"footnotes":""},"class_list":["post-340","page","type-page","status-publish"],"_links":{"self":[{"href":"https:\/\/appsminds.com\/pt_us\/wp-json\/wp\/v2\/pages\/340","targetHints":{"allow":["GET"]}}],"collection":[{"href":"https:\/\/appsminds.com\/pt_us\/wp-json\/wp\/v2\/pages"}],"about":[{"href":"https:\/\/appsminds.com\/pt_us\/wp-json\/wp\/v2\/types\/page"}],"author":[{"embeddable":true,"href":"https:\/\/appsminds.com\/pt_us\/wp-json\/wp\/v2\/users\/1"}],"replies":[{"embeddable":true,"href":"https:\/\/appsminds.com\/pt_us\/wp-json\/wp\/v2\/comments?post=340"}],"version-history":[{"count":2,"href":"https:\/\/appsminds.com\/pt_us\/wp-json\/wp\/v2\/pages\/340\/revisions"}],"predecessor-version":[{"id":522,"href":"https:\/\/appsminds.com\/pt_us\/wp-json\/wp\/v2\/pages\/340\/revisions\/522"}],"wp:attachment":[{"href":"https:\/\/appsminds.com\/pt_us\/wp-json\/wp\/v2\/media?parent=340"}],"curies":[{"name":"wp","href":"https:\/\/api.w.org\/{rel}","templated":true}]}}