{"id":338,"date":"2025-01-13T17:55:02","date_gmt":"2025-01-13T17:55:02","guid":{"rendered":"https:\/\/appsminds.com\/?page_id=338"},"modified":"2025-01-13T21:46:34","modified_gmt":"2025-01-13T21:46:34","slug":"politica-de-privacidade","status":"publish","type":"page","link":"https:\/\/appsminds.com\/pt_us\/politica-de-privacidade\/","title":{"rendered":"Pol\u00edtica de Privacidade"},"content":{"rendered":"<p>A sua privacidade \u00e9 de grande import\u00e2ncia para n\u00f3s. A GadgetApps se compromete a proteger a sua privacidade enquanto voc\u00ea utiliza nosso site, bem como outros sites que administramos. Coletamos suas informa\u00e7\u00f5es pessoais apenas quando necess\u00e1rio para fornecer um servi\u00e7o a voc\u00ea, e sempre com m\u00e9todos justos e transparentes, com seu conhecimento e consentimento. Tamb\u00e9m esclarecemos os motivos da coleta e como essas informa\u00e7\u00f5es ser\u00e3o utilizadas.<\/p>\n\n\n\n<p>As informa\u00e7\u00f5es coletadas s\u00e3o mantidas apenas pelo tempo necess\u00e1rio para fornecer o servi\u00e7o solicitado. Armazenamos seus dados protegidos por medidas de seguran\u00e7a comercialmente razo\u00e1veis para prevenir perda, roubo, bem como acesso, divulga\u00e7\u00e3o, c\u00f3pia, uso ou modifica\u00e7\u00e3o n\u00e3o autorizados. N\u00e3o divulgamos informa\u00e7\u00f5es pessoais publicamente ou a terceiros, a menos que isso seja exigido por lei.<\/p>\n\n\n\n<p>Nosso site pode conter links para sites externos que n\u00e3o s\u00e3o gerenciados por n\u00f3s. Tenha em mente que n\u00e3o controlamos esses sites externos e n\u00e3o somos respons\u00e1veis por suas pol\u00edticas de privacidade. Voc\u00ea pode optar por n\u00e3o fornecer suas informa\u00e7\u00f5es pessoais, mas isso pode impedir que forne\u00e7amos alguns dos servi\u00e7os que voc\u00ea deseja. O uso cont\u00ednuo de nosso site ser\u00e1 considerado como aceita\u00e7\u00e3o de nossas pr\u00e1ticas sobre privacidade e informa\u00e7\u00f5es pessoais. Se tiver d\u00favidas sobre como gerenciamos dados do usu\u00e1rio e informa\u00e7\u00f5es pessoais, fique \u00e0 vontade para entrar em contato conosco.<\/p>\n\n\n\n<p><strong>Pol\u00edtica de Cookies da GadgetApps<\/strong><\/p>\n\n\n\n<p><strong>O que s\u00e3o cookies?<\/strong><br>Como \u00e9 comum em quase todos os sites profissionais, nosso site utiliza cookies, que s\u00e3o pequenos arquivos baixados no seu dispositivo, para aprimorar sua experi\u00eancia online. Esta se\u00e7\u00e3o explica quais informa\u00e7\u00f5es eles coletam, como as utilizamos e por que \u00e0s vezes \u00e9 necess\u00e1rio armazenar esses cookies. Tamb\u00e9m explicaremos como voc\u00ea pode bloquear a instala\u00e7\u00e3o dos cookies, embora isso possa comprometer a funcionalidade do site.<\/p>\n\n\n\n<p><strong>Uso de Cookies<\/strong><br>Utilizamos cookies por diversas raz\u00f5es, descritas a seguir. Na maioria dos casos, n\u00e3o h\u00e1 op\u00e7\u00f5es padr\u00e3o para desativar os cookies sem prejudicar as funcionalidades adicionadas ao site. \u00c9 recomendado que voc\u00ea n\u00e3o desative os cookies se n\u00e3o tiver certeza se precisa deles, pois eles podem ser necess\u00e1rios para fornecer servi\u00e7os que voc\u00ea utiliza.<\/p>\n\n\n\n<p><strong>Desativar Cookies<\/strong><br>Voc\u00ea pode evitar a configura\u00e7\u00e3o de cookies ajustando as configura\u00e7\u00f5es do seu navegador. Consulte a Ajuda do seu navegador para saber como fazer isso. Tenha em mente que a desativa\u00e7\u00e3o dos cookies afetar\u00e1 a funcionalidade deste e de outros sites que voc\u00ea visita. Desativar cookies geralmente implica na perda de certas funcionalidades e recursos do site, por isso \u00e9 aconselh\u00e1vel n\u00e3o desativ\u00e1-los.<\/p>\n\n\n\n<p><strong>Cookies que Utilizamos<\/strong><\/p>\n\n\n\n<ul class=\"wp-block-list\">\n<li><strong>Cookies de Conta:<\/strong>\u00a0Se voc\u00ea criar uma conta conosco, usaremos cookies para o gerenciamento do processo de inscri\u00e7\u00e3o e administra\u00e7\u00e3o geral. Estes cookies geralmente s\u00e3o exclu\u00eddos ao voc\u00ea sair, embora possam permanecer posteriormente para manter suas prefer\u00eancias no site ap\u00f3s o logout.<\/li>\n\n\n\n<li><strong>Cookies de Login:<\/strong>\u00a0Quando voc\u00ea est\u00e1 logado, usamos cookies para lembrar sua sess\u00e3o. Isso evita que voc\u00ea precise fazer login repetidamente ao visitar diferentes p\u00e1ginas. Estes cookies s\u00e3o removidos ou limpos ao fazer logout para assegurar que voc\u00ea s\u00f3 tenha acesso a recursos e \u00e1reas restritas enquanto estiver logado.<\/li>\n\n\n\n<li><strong>Cookies de Newsletter:<\/strong>\u00a0Se o site oferece servi\u00e7os de assinatura de newsletter ou e-mails, os cookies podem ser usados para lembrar se voc\u00ea est\u00e1 registrado e se certas notifica\u00e7\u00f5es, v\u00e1lidas apenas para usu\u00e1rios inscritos ou n\u00e3o inscritos, devem ser exibidas.<\/li>\n<\/ul>","protected":false},"excerpt":{"rendered":"<p>A sua privacidade \u00e9 de grande import\u00e2ncia para n\u00f3s. A GadgetApps se compromete a proteger a sua privacidade enquanto voc\u00ea utiliza nosso site, bem como outros sites que administramos. Coletamos suas informa\u00e7\u00f5es pessoais apenas quando necess\u00e1rio para fornecer um servi\u00e7o a voc\u00ea, e sempre com m\u00e9todos justos e transparentes, com seu conhecimento e consentimento. Tamb\u00e9m [&hellip;]<\/p>\n","protected":false},"author":1,"featured_media":0,"parent":0,"menu_order":0,"comment_status":"closed","ping_status":"closed","template":"","meta":{"footnotes":""},"class_list":["post-338","page","type-page","status-publish"],"_links":{"self":[{"href":"https:\/\/appsminds.com\/pt_us\/wp-json\/wp\/v2\/pages\/338","targetHints":{"allow":["GET"]}}],"collection":[{"href":"https:\/\/appsminds.com\/pt_us\/wp-json\/wp\/v2\/pages"}],"about":[{"href":"https:\/\/appsminds.com\/pt_us\/wp-json\/wp\/v2\/types\/page"}],"author":[{"embeddable":true,"href":"https:\/\/appsminds.com\/pt_us\/wp-json\/wp\/v2\/users\/1"}],"replies":[{"embeddable":true,"href":"https:\/\/appsminds.com\/pt_us\/wp-json\/wp\/v2\/comments?post=338"}],"version-history":[{"count":2,"href":"https:\/\/appsminds.com\/pt_us\/wp-json\/wp\/v2\/pages\/338\/revisions"}],"predecessor-version":[{"id":520,"href":"https:\/\/appsminds.com\/pt_us\/wp-json\/wp\/v2\/pages\/338\/revisions\/520"}],"wp:attachment":[{"href":"https:\/\/appsminds.com\/pt_us\/wp-json\/wp\/v2\/media?parent=338"}],"curies":[{"name":"wp","href":"https:\/\/api.w.org\/{rel}","templated":true}]}}