{"id":342,"date":"2025-01-13T17:55:20","date_gmt":"2025-01-13T17:55:20","guid":{"rendered":"https:\/\/appsminds.com\/?page_id=342"},"modified":"2025-01-13T21:58:10","modified_gmt":"2025-01-13T21:58:10","slug":"kontakt","status":"publish","type":"page","link":"https:\/\/appsminds.com\/pl\/contato\/","title":{"rendered":"Kontakt"},"content":{"rendered":"<p>W <strong>Gad\u017cetyAplikacje<\/strong>uwa\u017camy, \u017ce dialog z naszymi u\u017cytkownikami jest niezb\u0119dny do ci\u0105g\u0142ego doskonalenia naszych us\u0142ug. Kana\u0142 ten zosta\u0142 stworzony, aby sprawnie i skutecznie przekazywa\u0107 Pa\u0144stwu sugestie, uwagi, pytania i komentarze.<\/p>\n\n\n\n<p>Jeste\u015bmy dost\u0119pni, aby:<\/p>\n\n\n\n<ul class=\"wp-block-list\">\n<li>Otrzymaj swoje sugestie dotycz\u0105ce ulepsze\u0144;<\/li>\n\n\n\n<li>S\u0142uchaj swojej konstruktywnej krytyki;<\/li>\n\n\n\n<li>Wyja\u015bnij wszelkie w\u0105tpliwo\u015bci dotycz\u0105ce naszych us\u0142ug;<\/li>\n\n\n\n<li>Dowiedz si\u0119 wi\u0119cej o swoich do\u015bwiadczeniach z nami.<\/li>\n<\/ul>\n\n\n\n<p>\ud83d\udce9 <strong>E-mail:<\/strong> <a>contato@gadgetsapps.com<\/a><\/p>\n\n\n\n<p>Traktujemy Twoj\u0105 opini\u0119 powa\u017cnie i pomaga nam si\u0119 rozwija\u0107. Dzi\u0119kujemy za zaufanie i wk\u0142ad w rozw\u00f3j naszej firmy. <strong>Gad\u017cetyAplikacje<\/strong> nadal oferowa\u0107 doskona\u0142e rozwi\u0105zania.<\/p>","protected":false},"excerpt":{"rendered":"<p>Na GadgetsApps, acreditamos que o di\u00e1logo com nossos usu\u00e1rios \u00e9 essencial para o aprimoramento cont\u00ednuo de nossos servi\u00e7os. Este canal foi desenvolvido para receber suas sugest\u00f5es, cr\u00edticas, d\u00favidas ou coment\u00e1rios de maneira \u00e1gil e eficiente. Estamos \u00e0 disposi\u00e7\u00e3o para: \ud83d\udce9 E-mail: contato@gadgetsapps.com Seu feedback \u00e9 tratado com seriedade e nos ajuda a evoluir. Agradecemos pela [&hellip;]<\/p>\n","protected":false},"author":1,"featured_media":0,"parent":0,"menu_order":0,"comment_status":"closed","ping_status":"closed","template":"","meta":{"footnotes":""},"class_list":["post-342","page","type-page","status-publish"],"_links":{"self":[{"href":"https:\/\/appsminds.com\/pl\/wp-json\/wp\/v2\/pages\/342","targetHints":{"allow":["GET"]}}],"collection":[{"href":"https:\/\/appsminds.com\/pl\/wp-json\/wp\/v2\/pages"}],"about":[{"href":"https:\/\/appsminds.com\/pl\/wp-json\/wp\/v2\/types\/page"}],"author":[{"embeddable":true,"href":"https:\/\/appsminds.com\/pl\/wp-json\/wp\/v2\/users\/1"}],"replies":[{"embeddable":true,"href":"https:\/\/appsminds.com\/pl\/wp-json\/wp\/v2\/comments?post=342"}],"version-history":[{"count":3,"href":"https:\/\/appsminds.com\/pl\/wp-json\/wp\/v2\/pages\/342\/revisions"}],"predecessor-version":[{"id":525,"href":"https:\/\/appsminds.com\/pl\/wp-json\/wp\/v2\/pages\/342\/revisions\/525"}],"wp:attachment":[{"href":"https:\/\/appsminds.com\/pl\/wp-json\/wp\/v2\/media?parent=342"}],"curies":[{"name":"wp","href":"https:\/\/api.w.org\/{rel}","templated":true}]}}