{"id":340,"date":"2025-01-13T17:55:11","date_gmt":"2025-01-13T17:55:11","guid":{"rendered":"https:\/\/appsminds.com\/?page_id=340"},"modified":"2025-01-13T21:49:26","modified_gmt":"2025-01-13T21:49:26","slug":"warunki-uzytkowania","status":"publish","type":"page","link":"https:\/\/appsminds.com\/pl\/termos-de-uso\/","title":{"rendered":"Warunki u\u017cytkowania"},"content":{"rendered":"<p>Wchodz\u0105c na stron\u0119 GadgetApps, akceptujesz niniejsze warunki u\u017cytkowania, a tak\u017ce wszystkie odpowiednie przepisy i regulacje oraz potwierdzasz, \u017ce masz obowi\u0105zek przestrzega\u0107 obowi\u0105zuj\u0105cych przepis\u00f3w lokalnych. Je\u015bli nie zgadzasz si\u0119 z tymi warunkami, nie mo\u017cesz uzyska\u0107 dost\u0119pu do witryny ani korzysta\u0107 z niej. Tre\u015b\u0107 tej witryny jest chroniona obowi\u0105zuj\u0105cymi przepisami dotycz\u0105cymi w\u0142asno\u015bci intelektualnej i znak\u00f3w towarowych.<\/p>\n\n\n\n<p><strong>Udzielenie licencji<\/strong><br>GadgetApps przyznaje Ci prawo do tymczasowego pobrania jednej kopii materia\u0142\u00f3w dost\u0119pnych w Witrynie (informacji lub oprogramowania) wy\u0142\u0105cznie do osobistego, niekomercyjnego u\u017cytku. Niniejsza koncesja stanowi prawo do u\u017cytkowania, a nie w\u0142asno\u015b\u0107. Nie wolno: zmienia\u0107 ani kopiowa\u0107 materia\u0142\u00f3w;<\/p>\n\n\n\n<p>Wykorzystywa\u0107 materia\u0142y do cel\u00f3w komercyjnych lub do publicznego wy\u015bwietlania (komercyjnego lub innego);<\/p>\n\n\n\n<p>podejmowa\u0107 pr\u00f3b in\u017cynierii wstecznej lub dekompilacji oprogramowania znalezionego w witrynie GadgetApps;<\/p>\n\n\n\n<p>Usu\u0144 z materia\u0142\u00f3w wszelkie informacje o prawach autorskich lub inne oznaczenia dotycz\u0105ce praw w\u0142asno\u015bci;<\/p>\n\n\n\n<p>Prze\u015blij materia\u0142y innej osobie lub zduplikuj je na innym serwerze.<\/p>\n\n\n\n<p>Licencja ta wygasa automatycznie w przypadku naruszenia kt\u00f3regokolwiek z tych ogranicze\u0144 i mo\u017ce zosta\u0107 wypowiedziana przez GadgetApps w dowolnym momencie. Po zako\u0144czeniu przegl\u0105dania materia\u0142\u00f3w lub wyga\u015bni\u0119ciu niniejszej licencji nale\u017cy usun\u0105\u0107 wszelkie pobrane materia\u0142y, zar\u00f3wno w formacie elektronicznym, jak i drukowanym.<\/p>\n\n\n\n<p><strong>Zastrze\u017cenie<\/strong><br>Materia\u0142y znajduj\u0105ce si\u0119 w witrynie GadgetApps s\u0105 udost\u0119pniane w stanie niezmienionym. GadgetApps nie udziela \u017cadnych gwarancji, wyra\u017anych ani dorozumianych, i zrzeka si\u0119 wszelkich innych gwarancji, w tym mi\u0119dzy innymi dorozumianych gwarancji warto\u015bci handlowej, przydatno\u015bci do okre\u015blonego celu lub nienaruszania praw w\u0142asno\u015bci intelektualnej.<\/p>\n\n\n\n<p><strong>Ograniczenia odpowiedzialno\u015bci<\/strong><br>W \u017cadnym wypadku firma GadgetApps ani jej dostawcy nie b\u0119d\u0105 ponosi\u0107 odpowiedzialno\u015bci za jakiekolwiek szkody wynikaj\u0105ce z u\u017cycia lub niemo\u017cno\u015bci wykorzystania materia\u0142\u00f3w znajduj\u0105cych si\u0119 w witrynie GadgetApps, nawet je\u015bli zostan\u0105 powiadomieni o mo\u017cliwo\u015bci wyst\u0105pienia takich szk\u00f3d. Je\u017celi lokalne przepisy nie zezwalaj\u0105 na wy\u0142\u0105czenie niekt\u00f3rych gwarancji lub ograniczenie odpowiedzialno\u015bci za szkody wt\u00f3rne, te wy\u0142\u0105czenia i ograniczenia mog\u0105 nie mie\u0107 zastosowania w Twoim przypadku.<\/p>\n\n\n\n<p><strong>Precyzja materia\u0142\u00f3w<\/strong><br>Materia\u0142y pojawiaj\u0105ce si\u0119 na stronie internetowej GadgetApps mog\u0105 zawiera\u0107 b\u0142\u0119dy techniczne, typograficzne lub fotograficzne. GadgetApps nie gwarantuje dok\u0142adno\u015bci, kompletno\u015bci ani aktualno\u015bci materia\u0142\u00f3w znajduj\u0105cych si\u0119 na swojej stronie i mo\u017ce je zmieni\u0107 w dowolnym momencie bez powiadomienia, ale nie zobowi\u0105zuje si\u0119 do ich aktualizacji.<\/p>\n\n\n\n<p><strong>Spinki do mankiet\u00f3w<\/strong><br>Firma GadgetApps nie sprawdzi\u0142a wszystkich powi\u0105zanych z ni\u0105 witryn i nie ponosi odpowiedzialno\u015bci za zawarto\u015b\u0107 witryn zewn\u0119trznych. Zamieszczenie jakiegokolwiek \u0142\u0105cza nie oznacza poparcia witryny przez GadgetApps. Korzystanie z powi\u0105zanych witryn odbywa si\u0119 na w\u0142asne ryzyko u\u017cytkownika.<\/p>\n\n\n\n<p><strong>Zmiany Warunk\u00f3w<\/strong><br>GadgetApps mo\u017ce modyfikowa\u0107 niniejsze warunki u\u017cytkowania w dowolnym momencie i bez wcze\u015bniejszego powiadomienia. Korzystaj\u0105c z tej witryny, wyra\u017casz zgod\u0119 na przestrzeganie najnowszej wersji niniejszych warunk\u00f3w u\u017cytkowania.<\/p>\n\n\n\n<p><strong>Obowi\u0105zuj\u0105ce prawo<\/strong><br>Niniejsze warunki podlegaj\u0105 prawu GadgetApps, a u\u017cytkownik nieodwo\u0142alnie wyra\u017ca zgod\u0119 na wy\u0142\u0105czn\u0105 jurysdykcj\u0119 s\u0105d\u00f3w lokalnych.<\/p>\n\n\n\n<p><\/p>","protected":false},"excerpt":{"rendered":"<p>Ao entrar no site GadgetApps, voc\u00ea aceita estes termos de uso, bem como todas as leis e regulamenta\u00e7\u00f5es relevantes, e reconhece que tem a responsabilidade de observar as leis locais aplic\u00e1veis. Caso n\u00e3o concorde com estes termos, voc\u00ea est\u00e1 proibido de acessar ou utilizar o site. Os conte\u00fados presentes neste website est\u00e3o protegidos pelas leis [&hellip;]<\/p>\n","protected":false},"author":1,"featured_media":0,"parent":0,"menu_order":0,"comment_status":"closed","ping_status":"closed","template":"","meta":{"footnotes":""},"class_list":["post-340","page","type-page","status-publish"],"_links":{"self":[{"href":"https:\/\/appsminds.com\/pl\/wp-json\/wp\/v2\/pages\/340","targetHints":{"allow":["GET"]}}],"collection":[{"href":"https:\/\/appsminds.com\/pl\/wp-json\/wp\/v2\/pages"}],"about":[{"href":"https:\/\/appsminds.com\/pl\/wp-json\/wp\/v2\/types\/page"}],"author":[{"embeddable":true,"href":"https:\/\/appsminds.com\/pl\/wp-json\/wp\/v2\/users\/1"}],"replies":[{"embeddable":true,"href":"https:\/\/appsminds.com\/pl\/wp-json\/wp\/v2\/comments?post=340"}],"version-history":[{"count":2,"href":"https:\/\/appsminds.com\/pl\/wp-json\/wp\/v2\/pages\/340\/revisions"}],"predecessor-version":[{"id":522,"href":"https:\/\/appsminds.com\/pl\/wp-json\/wp\/v2\/pages\/340\/revisions\/522"}],"wp:attachment":[{"href":"https:\/\/appsminds.com\/pl\/wp-json\/wp\/v2\/media?parent=340"}],"curies":[{"name":"wp","href":"https:\/\/api.w.org\/{rel}","templated":true}]}}