{"id":340,"date":"2025-01-13T17:55:11","date_gmt":"2025-01-13T17:55:11","guid":{"rendered":"https:\/\/appsminds.com\/?page_id=340"},"modified":"2025-01-13T21:49:26","modified_gmt":"2025-01-13T21:49:26","slug":"gebruiksvoorwaarden","status":"publish","type":"page","link":"https:\/\/appsminds.com\/nl\/termos-de-uso\/","title":{"rendered":"Gebruiksvoorwaarden"},"content":{"rendered":"<p>Door de GadgetApps-website te bezoeken, accepteert u deze gebruiksvoorwaarden, evenals alle relevante wet- en regelgeving, en erkent u dat u de verantwoordelijkheid heeft om te voldoen aan de toepasselijke lokale wetten. Als u niet akkoord gaat met deze voorwaarden, is het u verboden de site te bezoeken of te gebruiken. De inhoud op deze website wordt beschermd door de huidige wetgeving op het gebied van intellectueel eigendom en handelsmerken.<\/p>\n\n\n\n<p><strong>Licentieverlening<\/strong><br>GadgetApps verleent u het recht om tijdelijk \u00e9\u00e9n exemplaar te downloaden van het materiaal dat beschikbaar is op de Site (informatie of software), uitsluitend voor uw persoonlijke, niet-commerci\u00eble weergave. Deze concessie betreft een gebruiksrecht, geen eigendom. U mag niet: de materialen wijzigen of kopi\u00ebren;<\/p>\n\n\n\n<p>Het materiaal gebruiken voor commerci\u00eble doeleinden of voor openbare vertoning (commercieel of anderszins);<\/p>\n\n\n\n<p>Proberen om software op de GadgetApps-website te reverse-engineeren of decompileren;<\/p>\n\n\n\n<p>Verwijder eventuele auteursrechtvermeldingen of andere eigendomsaanduidingen uit de materialen;<\/p>\n\n\n\n<p>Stuur de materialen door naar een andere persoon of dupliceer de materialen op een andere server.<\/p>\n\n\n\n<p>Deze licentie wordt automatisch be\u00ebindigd als u een van deze beperkingen overtreedt en kan op elk moment door GadgetApps worden be\u00ebindigd. Wanneer u het bekijken van het materiaal be\u00ebindigt of aan het einde van deze licentie, moet u al het gedownloade materiaal, zowel in elektronische als in gedrukte vorm, verwijderen.<\/p>\n\n\n\n<p><strong>Vrijwaring<\/strong><br>Het materiaal op de GadgetApps-website wordt geleverd zoals het is. GadgetApps geeft geen garanties, expliciet of impliciet, en wijst alle andere garanties af, inclusief maar niet beperkt tot impliciete garanties van verkoopbaarheid, geschiktheid voor een bepaald doel of niet-schending van intellectuele eigendomsrechten.<\/p>\n\n\n\n<p><strong>Beperkingen van aansprakelijkheid<\/strong><br>GadgetApps of haar leveranciers zijn in geen geval aansprakelijk voor enige schade die voortvloeit uit het gebruik of het onvermogen om het materiaal op GadgetApps te gebruiken, zelfs als zij op de hoogte zijn gesteld van de mogelijkheid van dergelijke schade. Als de lokale wetgeving de uitsluiting van bepaalde garanties of de beperking van aansprakelijkheid voor gevolgschade niet toestaat, zijn deze uitsluitingen en beperkingen mogelijk niet op u van toepassing.<\/p>\n\n\n\n<p><strong>Precisie van materialen<\/strong><br>De materialen die op de website van GadgetApps verschijnen, kunnen technische, typografische of fotografische fouten bevatten. GadgetApps garandeert niet de juistheid, volledigheid of actualiteit van de materialen op haar site en kan de materialen op elk moment zonder voorafgaande kennisgeving wijzigen, maar doet geen enkele belofte om de materialen bij te werken.<\/p>\n\n\n\n<p><strong>Koppelingen<\/strong><br>GadgetApps heeft niet alle daaraan gekoppelde sites beoordeeld en is niet verantwoordelijk voor de inhoud van externe sites. Het opnemen van een link impliceert geen goedkeuring door GadgetApps van de site. Het gebruik van gelinkte sites is op eigen risico van de gebruiker.<\/p>\n\n\n\n<p><strong>Wijzigingen in de Voorwaarden<\/strong><br>GadgetApps kan deze gebruiksvoorwaarden op elk moment wijzigen, zonder voorafgaande kennisgeving. Door deze website te gebruiken, gaat u ermee akkoord gebonden te zijn aan de meest recente versie van deze gebruiksvoorwaarden.<\/p>\n\n\n\n<p><strong>Toepasselijk recht<\/strong><br>Op deze algemene voorwaarden is het recht van GadgetApps van toepassing, en u stemt onherroepelijk in met de exclusieve jurisdictie van de lokale rechtbanken.<\/p>\n\n\n\n<p><\/p>","protected":false},"excerpt":{"rendered":"<p>Ao entrar no site GadgetApps, voc\u00ea aceita estes termos de uso, bem como todas as leis e regulamenta\u00e7\u00f5es relevantes, e reconhece que tem a responsabilidade de observar as leis locais aplic\u00e1veis. Caso n\u00e3o concorde com estes termos, voc\u00ea est\u00e1 proibido de acessar ou utilizar o site. Os conte\u00fados presentes neste website est\u00e3o protegidos pelas leis [&hellip;]<\/p>\n","protected":false},"author":1,"featured_media":0,"parent":0,"menu_order":0,"comment_status":"closed","ping_status":"closed","template":"","meta":{"footnotes":""},"class_list":["post-340","page","type-page","status-publish"],"_links":{"self":[{"href":"https:\/\/appsminds.com\/nl\/wp-json\/wp\/v2\/pages\/340","targetHints":{"allow":["GET"]}}],"collection":[{"href":"https:\/\/appsminds.com\/nl\/wp-json\/wp\/v2\/pages"}],"about":[{"href":"https:\/\/appsminds.com\/nl\/wp-json\/wp\/v2\/types\/page"}],"author":[{"embeddable":true,"href":"https:\/\/appsminds.com\/nl\/wp-json\/wp\/v2\/users\/1"}],"replies":[{"embeddable":true,"href":"https:\/\/appsminds.com\/nl\/wp-json\/wp\/v2\/comments?post=340"}],"version-history":[{"count":2,"href":"https:\/\/appsminds.com\/nl\/wp-json\/wp\/v2\/pages\/340\/revisions"}],"predecessor-version":[{"id":522,"href":"https:\/\/appsminds.com\/nl\/wp-json\/wp\/v2\/pages\/340\/revisions\/522"}],"wp:attachment":[{"href":"https:\/\/appsminds.com\/nl\/wp-json\/wp\/v2\/media?parent=340"}],"curies":[{"name":"wp","href":"https:\/\/api.w.org\/{rel}","templated":true}]}}