{"id":342,"date":"2025-01-13T17:55:20","date_gmt":"2025-01-13T17:55:20","guid":{"rendered":"https:\/\/appsminds.com\/?page_id=342"},"modified":"2025-01-13T21:58:10","modified_gmt":"2025-01-13T21:58:10","slug":"susisiekti","status":"publish","type":"page","link":"https:\/\/appsminds.com\/lt\/contato\/","title":{"rendered":"Susisiekite"},"content":{"rendered":"<p>\u012e <strong>GadgetsApps<\/strong>, manome, kad dialogas su vartotojais yra b\u016btinas norint nuolat tobulinti m\u016bs\u0173 paslaugas. \u0160is kanalas buvo sukurtas siekiant greitai ir efektyviai priimti j\u016bs\u0173 pasi\u016blymus, kritik\u0105, klausimus ar komentarus.<\/p>\n\n\n\n<p>Esame pasiekiami:<\/p>\n\n\n\n<ul class=\"wp-block-list\">\n<li>Gaukite pasi\u016blymus d\u0117l patobulinim\u0173;<\/li>\n\n\n\n<li>I\u0161klausykite savo konstruktyvi\u0105 kritik\u0105;<\/li>\n\n\n\n<li>I\u0161siai\u0161kinti abejones d\u0117l m\u016bs\u0173 paslaug\u0173;<\/li>\n\n\n\n<li>Su\u017einokite daugiau apie savo patirt\u012f su mumis.<\/li>\n<\/ul>\n\n\n\n<p>\ud83d\udce9 <strong>El. pa\u0161tas:<\/strong> <a>contato@gadgetsapps.com<\/a><\/p>\n\n\n\n<p>J\u016bs\u0173 atsiliepimai yra vertinami rimtai ir padeda mums tobul\u0117ti. D\u0117kojame u\u017e pasitik\u0117jim\u0105 ir prisid\u0117jim\u0105 prie <strong>GadgetsApps<\/strong> ir toliau si\u016blyti puikius sprendimus.<\/p>","protected":false},"excerpt":{"rendered":"<p>Na GadgetsApps, acreditamos que o di\u00e1logo com nossos usu\u00e1rios \u00e9 essencial para o aprimoramento cont\u00ednuo de nossos servi\u00e7os. Este canal foi desenvolvido para receber suas sugest\u00f5es, cr\u00edticas, d\u00favidas ou coment\u00e1rios de maneira \u00e1gil e eficiente. Estamos \u00e0 disposi\u00e7\u00e3o para: \ud83d\udce9 E-mail: contato@gadgetsapps.com Seu feedback \u00e9 tratado com seriedade e nos ajuda a evoluir. Agradecemos pela [&hellip;]<\/p>\n","protected":false},"author":1,"featured_media":0,"parent":0,"menu_order":0,"comment_status":"closed","ping_status":"closed","template":"","meta":{"footnotes":""},"class_list":["post-342","page","type-page","status-publish"],"_links":{"self":[{"href":"https:\/\/appsminds.com\/lt\/wp-json\/wp\/v2\/pages\/342","targetHints":{"allow":["GET"]}}],"collection":[{"href":"https:\/\/appsminds.com\/lt\/wp-json\/wp\/v2\/pages"}],"about":[{"href":"https:\/\/appsminds.com\/lt\/wp-json\/wp\/v2\/types\/page"}],"author":[{"embeddable":true,"href":"https:\/\/appsminds.com\/lt\/wp-json\/wp\/v2\/users\/1"}],"replies":[{"embeddable":true,"href":"https:\/\/appsminds.com\/lt\/wp-json\/wp\/v2\/comments?post=342"}],"version-history":[{"count":3,"href":"https:\/\/appsminds.com\/lt\/wp-json\/wp\/v2\/pages\/342\/revisions"}],"predecessor-version":[{"id":525,"href":"https:\/\/appsminds.com\/lt\/wp-json\/wp\/v2\/pages\/342\/revisions\/525"}],"wp:attachment":[{"href":"https:\/\/appsminds.com\/lt\/wp-json\/wp\/v2\/media?parent=342"}],"curies":[{"name":"wp","href":"https:\/\/api.w.org\/{rel}","templated":true}]}}