{"id":340,"date":"2025-01-13T17:55:11","date_gmt":"2025-01-13T17:55:11","guid":{"rendered":"https:\/\/appsminds.com\/?page_id=340"},"modified":"2025-01-13T21:49:26","modified_gmt":"2025-01-13T21:49:26","slug":"naudojimo-salygos","status":"publish","type":"page","link":"https:\/\/appsminds.com\/lt\/termos-de-uso\/","title":{"rendered":"Naudojimo s\u0105lygos"},"content":{"rendered":"<p>Prisijungdami prie \u201eGadgetApps\u201c svetain\u0117s sutinkate su \u0161iomis naudojimo s\u0105lygomis, taip pat su visais atitinkamais \u012fstatymais ir reglamentais bei patvirtinate, kad esate atsakingi u\u017e taikom\u0173 vietini\u0173 \u012fstatym\u0173 laikym\u0105si. Jei nesutinkate su \u0161iomis s\u0105lygomis, jums draud\u017eiama patekti \u012f svetain\u0119 ar ja naudotis. \u0160ios svetain\u0117s turinys yra saugomas galiojan\u010di\u0173 intelektin\u0117s nuosavyb\u0117s ir preki\u0173 \u017eenkl\u0173 \u012fstatym\u0173.<\/p>\n\n\n\n<p><strong>Licencijos i\u0161davimas<\/strong><br>\u201eGadgetApps\u201c suteikia jums teis\u0119 laikinai atsisi\u0173sti vien\u0105 svetain\u0117je esan\u010dios med\u017eiagos (informacijos ar programin\u0117s \u012frangos) kopij\u0105 tik asmeniniam, nekomerciniam per\u017ei\u016brai. \u0160i koncesija yra naudojimo, o ne nuosavyb\u0117s teis\u0117. J\u016bs neturite: keisti ar kopijuoti med\u017eiagos;<\/p>\n\n\n\n<p>Naudoti med\u017eiag\u0105 komerciniais tikslais arba vie\u0161ai demonstruoti (komerciniais ar kitais tikslais);<\/p>\n\n\n\n<p>Bandyti apgr\u0119\u017eti arba dekompiliuoti bet koki\u0105 programin\u0119 \u012frang\u0105, rast\u0105 \u201eGadgetApps\u201c svetain\u0117je;<\/p>\n\n\n\n<p>I\u0161trinkite visus prane\u0161imus apie autori\u0173 teises ar kitus nuosavyb\u0117s prane\u0161imus i\u0161 med\u017eiagos;<\/p>\n\n\n\n<p>Med\u017eiagos persiuntimas kitam asmeniui arba med\u017eiagos kopijavimas kitame serveryje.<\/p>\n\n\n\n<p>\u0160i licencija automati\u0161kai nustoja galioti, jei pa\u017eeid\u017eiate kur\u012f nors i\u0161 \u0161i\u0173 apribojim\u0173, ir \u201eGadgetApps\u201c gali j\u0105 bet kada nutraukti. Nutraukus med\u017eiagos per\u017ei\u016br\u0105 arba nutraukus \u0161ios licencijos galiojim\u0105, turite i\u0161trinti vis\u0105 atsisi\u0173st\u0105 med\u017eiag\u0105, tiek elektronine, tiek spausdinta.<\/p>\n\n\n\n<p><strong>Atsisakymas<\/strong><br>Med\u017eiaga \u201eGadgetApps\u201c svetain\u0117je pateikiama tokia, kokia yra. \u201eGadgetApps\u201c nesuteikia joki\u0173 i\u0161reik\u0161t\u0173 ar numanom\u0173 garantij\u0173 ir paneigia visas kitas garantijas, \u012fskaitant, bet neapsiribojant, numanomas garantijas d\u0117l tinkamumo parduoti, tinkamumo tam tikram tikslui arba intelektin\u0117s nuosavyb\u0117s teisi\u0173 nepa\u017eeidimo.<\/p>\n\n\n\n<p><strong>Atsakomyb\u0117s apribojimai<\/strong><br>Jokiu b\u016bdu \u201eGadgetApps\u201c ar jos tiek\u0117jai n\u0117ra atsakingi u\u017e \u017eal\u0105, atsiradusi\u0105 d\u0117l \u201eGadgetApps\u201c med\u017eiagos naudojimo ar negal\u0117jimo naudoti, net jei jiems buvo prane\u0161ta apie tokios \u017ealos galimyb\u0119. Jei vietiniai \u012fstatymai neleid\u017eia atmesti tam tikr\u0173 garantij\u0173 arba apriboti atsakomyb\u0119 u\u017e pasekmin\u0119 \u017eal\u0105, \u0161ios i\u0161imtys ir apribojimai jums gali b\u016bti netaikomi.<\/p>\n\n\n\n<p><strong>Med\u017eiag\u0173 tikslumas<\/strong><br>\u201eGadgetApps\u201c svetain\u0117je rodomoje med\u017eiagoje gali b\u016bti technini\u0173, spausdinimo ar fotografijos klaid\u0173. \u201eGadgetApps\u201c negarantuoja savo svetain\u0117je pateiktos med\u017eiagos tikslumo, i\u0161samumo ar savalaiki\u0161kumo ir gali bet kada j\u0105 pakeisti be \u012fsp\u0117jimo, ta\u010diau ne\u012fsipareigoja atnaujinti med\u017eiagos.<\/p>\n\n\n\n<p><strong>Nuorodos<\/strong><br>\u201eGadgetApps\u201c neper\u017ei\u016br\u0117jo vis\u0173 su jos svetaine susiet\u0173 svetaini\u0173 ir n\u0117ra atsakinga u\u017e jokios i\u0161orin\u0117s svetain\u0117s turin\u012f. Bet kokios nuorodos \u012ftraukimas nerei\u0161kia, kad \u201eGadgetApps\u201c patvirtina svetain\u0119. Su nuorodomis susijusiomis svetain\u0117mis naudojasi pats vartotojas.<\/p>\n\n\n\n<p><strong>S\u0105lyg\u0173 pakeitimai<\/strong><br>\u201eGadgetApps\u201c gali bet kada keisti \u0161ias naudojimo s\u0105lygas be i\u0161ankstinio \u012fsp\u0117jimo. Naudodamiesi \u0161ia svetaine sutinkate laikytis naujausios \u0161i\u0173 naudojimo s\u0105lyg\u0173 versijos.<\/p>\n\n\n\n<p><strong>Taikytina teis\u0117<\/strong><br>\u0160ias s\u0105lygas reglamentuoja \u201eGadgetApps\u201c \u012fstatymai ir j\u016bs neat\u0161aukiamai sutinkate su i\u0161skirtine tos vietos teism\u0173 jurisdikcija.<\/p>\n\n\n\n<p><\/p>","protected":false},"excerpt":{"rendered":"<p>Ao entrar no site GadgetApps, voc\u00ea aceita estes termos de uso, bem como todas as leis e regulamenta\u00e7\u00f5es relevantes, e reconhece que tem a responsabilidade de observar as leis locais aplic\u00e1veis. Caso n\u00e3o concorde com estes termos, voc\u00ea est\u00e1 proibido de acessar ou utilizar o site. Os conte\u00fados presentes neste website est\u00e3o protegidos pelas leis [&hellip;]<\/p>\n","protected":false},"author":1,"featured_media":0,"parent":0,"menu_order":0,"comment_status":"closed","ping_status":"closed","template":"","meta":{"footnotes":""},"class_list":["post-340","page","type-page","status-publish"],"_links":{"self":[{"href":"https:\/\/appsminds.com\/lt\/wp-json\/wp\/v2\/pages\/340","targetHints":{"allow":["GET"]}}],"collection":[{"href":"https:\/\/appsminds.com\/lt\/wp-json\/wp\/v2\/pages"}],"about":[{"href":"https:\/\/appsminds.com\/lt\/wp-json\/wp\/v2\/types\/page"}],"author":[{"embeddable":true,"href":"https:\/\/appsminds.com\/lt\/wp-json\/wp\/v2\/users\/1"}],"replies":[{"embeddable":true,"href":"https:\/\/appsminds.com\/lt\/wp-json\/wp\/v2\/comments?post=340"}],"version-history":[{"count":2,"href":"https:\/\/appsminds.com\/lt\/wp-json\/wp\/v2\/pages\/340\/revisions"}],"predecessor-version":[{"id":522,"href":"https:\/\/appsminds.com\/lt\/wp-json\/wp\/v2\/pages\/340\/revisions\/522"}],"wp:attachment":[{"href":"https:\/\/appsminds.com\/lt\/wp-json\/wp\/v2\/media?parent=340"}],"curies":[{"name":"wp","href":"https:\/\/api.w.org\/{rel}","templated":true}]}}