{"id":342,"date":"2025-01-13T17:55:20","date_gmt":"2025-01-13T17:55:20","guid":{"rendered":"https:\/\/appsminds.com\/?page_id=342"},"modified":"2025-01-13T21:58:10","modified_gmt":"2025-01-13T21:58:10","slug":"%ec%97%b0%eb%9d%bd%ed%95%98%eb%8b%a4","status":"publish","type":"page","link":"https:\/\/appsminds.com\/ko\/contato\/","title":{"rendered":"\uc5f0\ub77d\ud558\ub2e4"},"content":{"rendered":"<p>\uc5d0\uc11c <strong>\uac00\uc82f\uc571<\/strong>\uc6b0\ub9ac\ub294 \uc0ac\uc6a9\uc790\uc640\uc758 \ub300\ud654\uac00 \uc11c\ube44\uc2a4\uc758 \uc9c0\uc18d\uc801\uc778 \uac1c\uc120\uc5d0 \ud544\uc218\uc801\uc774\ub77c\uace0 \ubbff\uc2b5\ub2c8\ub2e4. \uc774 \ucc44\ub110\uc740 \uc5ec\ub7ec\ubd84\uc758 \uc81c\uc548, \ube44\ud310, \uc9c8\ubb38 \ub610\ub294 \uc758\uacac\uc744 \ubbfc\ucca9\ud558\uace0 \ud6a8\uc728\uc801\uc778 \ubc29\uc2dd\uc73c\ub85c \ubc1b\uae30 \uc704\ud574 \uac1c\ubc1c\ub418\uc5c8\uc2b5\ub2c8\ub2e4.<\/p>\n\n\n\n<p>\uc6b0\ub9ac\ub294 \ub2e4\uc74c\uacfc \uac19\uc740 \uc11c\ube44\uc2a4\ub97c \uc81c\uacf5\ud569\ub2c8\ub2e4:<\/p>\n\n\n\n<ul class=\"wp-block-list\">\n<li>\uac1c\uc120\uc744 \uc704\ud55c \uc81c\uc548\uc744 \ubc1b\uc2b5\ub2c8\ub2e4.<\/li>\n\n\n\n<li>\uadc0\ud558\uc758 \uac74\uc124\uc801\uc778 \ube44\ud310\uc744 \uacbd\uccad\ud558\uc138\uc694.<\/li>\n\n\n\n<li>\ub2f9\uc0ac \uc11c\ube44\uc2a4\uc5d0 \ub300\ud55c \uc758\uad6c\uc2ec\uc744 \ud574\uc18c\ud569\ub2c8\ub2e4.<\/li>\n\n\n\n<li>\ub2f9\uc0ac\uc640 \ud568\uaed8\ud55c \uadc0\ud558\uc758 \uacbd\ud5d8\uc5d0 \ub300\ud574 \uc790\uc138\ud788 \uc54c\uc544\ubcf4\uc138\uc694.<\/li>\n<\/ul>\n\n\n\n<p>\ud83d\udce9 <strong>\uc774\uba54\uc77c:<\/strong> <a>contato@gadgetsapps.com<\/a><\/p>\n\n\n\n<p>\uadc0\ud558\uc758 \uc758\uacac\uc740 \uc9c4\uc9c0\ud558\uac8c \ubc1b\uc544\ub4e4\uc5ec\uc838 \uc6b0\ub9ac\uac00 \ubc1c\uc804\ud558\ub294 \ub370 \ub3c4\uc6c0\uc774 \ub429\ub2c8\ub2e4. \uadc0\ud558\uc758 \uc2e0\ub8b0\uc640 \uae30\uc5ec\uc5d0 \uac10\uc0ac\ub4dc\ub9bd\ub2c8\ub2e4. <strong>\uac00\uc82f\uc571<\/strong> \uacc4\uc18d\ud574\uc11c \uc6b0\uc218\ud55c \uc194\ub8e8\uc158\uc744 \uc81c\uacf5\ud569\ub2c8\ub2e4.<\/p>","protected":false},"excerpt":{"rendered":"<p>Na GadgetsApps, acreditamos que o di\u00e1logo com nossos usu\u00e1rios \u00e9 essencial para o aprimoramento cont\u00ednuo de nossos servi\u00e7os. Este canal foi desenvolvido para receber suas sugest\u00f5es, cr\u00edticas, d\u00favidas ou coment\u00e1rios de maneira \u00e1gil e eficiente. Estamos \u00e0 disposi\u00e7\u00e3o para: \ud83d\udce9 E-mail: contato@gadgetsapps.com Seu feedback \u00e9 tratado com seriedade e nos ajuda a evoluir. Agradecemos pela [&hellip;]<\/p>\n","protected":false},"author":1,"featured_media":0,"parent":0,"menu_order":0,"comment_status":"closed","ping_status":"closed","template":"","meta":{"footnotes":""},"class_list":["post-342","page","type-page","status-publish"],"_links":{"self":[{"href":"https:\/\/appsminds.com\/ko\/wp-json\/wp\/v2\/pages\/342","targetHints":{"allow":["GET"]}}],"collection":[{"href":"https:\/\/appsminds.com\/ko\/wp-json\/wp\/v2\/pages"}],"about":[{"href":"https:\/\/appsminds.com\/ko\/wp-json\/wp\/v2\/types\/page"}],"author":[{"embeddable":true,"href":"https:\/\/appsminds.com\/ko\/wp-json\/wp\/v2\/users\/1"}],"replies":[{"embeddable":true,"href":"https:\/\/appsminds.com\/ko\/wp-json\/wp\/v2\/comments?post=342"}],"version-history":[{"count":3,"href":"https:\/\/appsminds.com\/ko\/wp-json\/wp\/v2\/pages\/342\/revisions"}],"predecessor-version":[{"id":525,"href":"https:\/\/appsminds.com\/ko\/wp-json\/wp\/v2\/pages\/342\/revisions\/525"}],"wp:attachment":[{"href":"https:\/\/appsminds.com\/ko\/wp-json\/wp\/v2\/media?parent=342"}],"curies":[{"name":"wp","href":"https:\/\/api.w.org\/{rel}","templated":true}]}}