{"id":342,"date":"2025-01-13T17:55:20","date_gmt":"2025-01-13T17:55:20","guid":{"rendered":"https:\/\/appsminds.com\/?page_id=342"},"modified":"2025-01-13T21:58:10","modified_gmt":"2025-01-13T21:58:10","slug":"%e6%8e%a5%e8%a7%a6","status":"publish","type":"page","link":"https:\/\/appsminds.com\/ja\/contato\/","title":{"rendered":"\u63a5\u89e6"},"content":{"rendered":"<p>\u306e\u4e2d\u3067 <strong>\u30ac\u30b8\u30a7\u30c3\u30c8\u30a2\u30d7\u30ea<\/strong>\u79c1\u305f\u3061\u306f\u3001\u30e6\u30fc\u30b6\u30fc\u306e\u7686\u69d8\u3068\u306e\u5bfe\u8a71\u304c\u30b5\u30fc\u30d3\u30b9\u306e\u7d99\u7d9a\u7684\u306a\u6539\u5584\u306b\u4e0d\u53ef\u6b20\u3067\u3042\u308b\u3068\u8003\u3048\u3066\u3044\u307e\u3059\u3002\u3053\u306e\u30c1\u30e3\u30f3\u30cd\u30eb\u306f\u3001\u7686\u69d8\u304b\u3089\u306e\u3054\u63d0\u6848\u3001\u3054\u6279\u5224\u3001\u3054\u8cea\u554f\u3001\u3054\u610f\u898b\u3092\u8fc5\u901f\u304b\u3064\u52b9\u7387\u7684\u306b\u304a\u53d7\u3051\u3059\u308b\u305f\u3081\u306b\u958b\u767a\u3055\u308c\u307e\u3057\u305f\u3002<\/p>\n\n\n\n<p>\u5f0a\u793e\u3067\u306f\u4ee5\u4e0b\u306e\u30b5\u30fc\u30d3\u30b9\u3092\u3054\u63d0\u4f9b\u3057\u3066\u304a\u308a\u307e\u3059:<\/p>\n\n\n\n<ul class=\"wp-block-list\">\n<li>\u6539\u5584\u306e\u305f\u3081\u306e\u3054\u63d0\u6848\u3092\u53d7\u3051\u53d6\u308a\u307e\u3059\u3002<\/li>\n\n\n\n<li>\u3042\u306a\u305f\u306e\u5efa\u8a2d\u7684\u306a\u6279\u5224\u306b\u8033\u3092\u50be\u3051\u3066\u304f\u3060\u3055\u3044\u3002<\/li>\n\n\n\n<li>\u5f53\u793e\u306e\u30b5\u30fc\u30d3\u30b9\u306b\u95a2\u3059\u308b\u7591\u554f\u3092\u660e\u78ba\u306b\u3059\u308b;<\/li>\n\n\n\n<li>\u5f53\u793e\u3068\u306e\u4f53\u9a13\u306b\u3064\u3044\u3066\u8a73\u3057\u304f\u3054\u89a7\u304f\u3060\u3055\u3044\u3002<\/li>\n<\/ul>\n\n\n\n<p>\ud83d\udce9 <strong>E\u30e1\u30fc\u30eb:<\/strong> <a>contato@gadgetsapps.com<\/a><\/p>\n\n\n\n<p>\u7686\u69d8\u304b\u3089\u306e\u30d5\u30a3\u30fc\u30c9\u30d0\u30c3\u30af\u306f\u771f\u646f\u306b\u53d7\u3051\u6b62\u3081\u3001\u79c1\u305f\u3061\u306e\u6210\u9577\u306b\u5f79\u7acb\u3066\u3066\u3044\u307e\u3059\u3002\u7686\u69d8\u306e\u3054\u4fe1\u983c\u3068\u3001\u79c1\u305f\u3061\u306e\u6d3b\u52d5\u3078\u306e\u8ca2\u732e\u306b\u611f\u8b1d\u3044\u305f\u3057\u307e\u3059\u3002 <strong>\u30ac\u30b8\u30a7\u30c3\u30c8\u30a2\u30d7\u30ea<\/strong> \u512a\u308c\u305f\u30bd\u30ea\u30e5\u30fc\u30b7\u30e7\u30f3\u3092\u63d0\u4f9b\u3057\u7d9a\u3051\u307e\u3059\u3002<\/p>","protected":false},"excerpt":{"rendered":"<p>Na GadgetsApps, acreditamos que o di\u00e1logo com nossos usu\u00e1rios \u00e9 essencial para o aprimoramento cont\u00ednuo de nossos servi\u00e7os. Este canal foi desenvolvido para receber suas sugest\u00f5es, cr\u00edticas, d\u00favidas ou coment\u00e1rios de maneira \u00e1gil e eficiente. Estamos \u00e0 disposi\u00e7\u00e3o para: \ud83d\udce9 E-mail: contato@gadgetsapps.com Seu feedback \u00e9 tratado com seriedade e nos ajuda a evoluir. Agradecemos pela confian\u00e7a e por contribuir para que a GadgetsApps continue oferecendo solu\u00e7\u00f5es de excel\u00eancia.<\/p>","protected":false},"author":1,"featured_media":0,"parent":0,"menu_order":0,"comment_status":"closed","ping_status":"closed","template":"","meta":{"footnotes":""},"class_list":["post-342","page","type-page","status-publish"],"_links":{"self":[{"href":"https:\/\/appsminds.com\/ja\/wp-json\/wp\/v2\/pages\/342","targetHints":{"allow":["GET"]}}],"collection":[{"href":"https:\/\/appsminds.com\/ja\/wp-json\/wp\/v2\/pages"}],"about":[{"href":"https:\/\/appsminds.com\/ja\/wp-json\/wp\/v2\/types\/page"}],"author":[{"embeddable":true,"href":"https:\/\/appsminds.com\/ja\/wp-json\/wp\/v2\/users\/1"}],"replies":[{"embeddable":true,"href":"https:\/\/appsminds.com\/ja\/wp-json\/wp\/v2\/comments?post=342"}],"version-history":[{"count":3,"href":"https:\/\/appsminds.com\/ja\/wp-json\/wp\/v2\/pages\/342\/revisions"}],"predecessor-version":[{"id":525,"href":"https:\/\/appsminds.com\/ja\/wp-json\/wp\/v2\/pages\/342\/revisions\/525"}],"wp:attachment":[{"href":"https:\/\/appsminds.com\/ja\/wp-json\/wp\/v2\/media?parent=342"}],"curies":[{"name":"wp","href":"https:\/\/api.w.org\/{rel}","templated":true}]}}