{"id":340,"date":"2025-01-13T17:55:11","date_gmt":"2025-01-13T17:55:11","guid":{"rendered":"https:\/\/appsminds.com\/?page_id=340"},"modified":"2025-01-13T21:49:26","modified_gmt":"2025-01-13T21:49:26","slug":"termini-di-utilizzo","status":"publish","type":"page","link":"https:\/\/appsminds.com\/it\/termos-de-uso\/","title":{"rendered":"Termini di utilizzo"},"content":{"rendered":"<p>Accedendo al sito Web GadgetApps, accetti i presenti termini di utilizzo, nonch\u00e9 tutte le leggi e i regolamenti pertinenti e riconosci di avere la responsabilit\u00e0 di rispettare le leggi locali applicabili. Se non sei d&#039;accordo con questi termini, ti \u00e8 vietato accedere o utilizzare il sito. I contenuti di questo sito web sono protetti dalle attuali leggi sulla propriet\u00e0 intellettuale e sui marchi.<\/p>\n\n\n\n<p><strong>Concessione di licenza<\/strong><br>GadgetApps ti garantisce il diritto di scaricare temporaneamente una copia dei materiali disponibili sul Sito (informazioni o software) solo per la tua visualizzazione personale e non commerciale. Questa concessione \u00e8 un diritto d&#039;uso, non di propriet\u00e0. Non devi: alterare o copiare i materiali;<\/p>\n\n\n\n<p>Utilizzare i materiali per scopi commerciali o per esposizione pubblica (commerciale o altro);<\/p>\n\n\n\n<p>Tentare di decodificare o decompilare qualsiasi software trovato sul sito Web GadgetApps;<\/p>\n\n\n\n<p>Eliminare eventuali avvisi di copyright o altre indicazioni di propriet\u00e0 dai materiali;<\/p>\n\n\n\n<p>Inoltrare i materiali a un&#039;altra persona o duplicare i materiali su un altro server.<\/p>\n\n\n\n<p>Questa licenza terminer\u00e0 automaticamente in caso di violazione di una qualsiasi di queste restrizioni e potr\u00e0 essere terminata da GadgetApps in qualsiasi momento. Al termine della visualizzazione dei materiali o al termine della presente licenza, \u00e8 necessario eliminare qualsiasi materiale scaricato sia in formato elettronico che stampato.<\/p>\n\n\n\n<p><strong>Disclaimer<\/strong><br>I materiali sul sito Web GadgetApps vengono forniti cos\u00ec come sono. GadgetApps non fornisce alcuna garanzia, espressa o implicita, e declina ogni altra garanzia, incluse, senza limitazioni, garanzie implicite di commerciabilit\u00e0, idoneit\u00e0 per uno scopo particolare o non violazione dei diritti di propriet\u00e0 intellettuale.<\/p>\n\n\n\n<p><strong>Limitazioni di responsabilit\u00e0<\/strong><br>In nessun caso GadgetApps o i suoi fornitori saranno responsabili per eventuali danni derivanti dall&#039;uso o dall&#039;impossibilit\u00e0 di utilizzare i materiali su GadgetApps, anche se informati della possibilit\u00e0 di tali danni. Se le leggi locali non consentono l&#039;esclusione di determinate garanzie o la limitazione di responsabilit\u00e0 per danni consequenziali, tali esclusioni e limitazioni potrebbero non applicarsi all&#039;utente.<\/p>\n\n\n\n<p><strong>Precisione dei materiali<\/strong><br>I materiali che appaiono sul sito web di GadgetApps possono contenere errori tecnici, tipografici o fotografici. GadgetApps non garantisce l&#039;accuratezza, la completezza o la tempestivit\u00e0 dei materiali sul proprio sito e pu\u00f2 modificare i materiali in qualsiasi momento senza preavviso, ma non si assume alcun impegno ad aggiornare i materiali.<\/p>\n\n\n\n<p><strong>Collegamenti<\/strong><br>GadgetApps non ha controllato tutti i siti ad esso collegati e non \u00e8 responsabile del contenuto di eventuali siti esterni. L&#039;inclusione di qualsiasi collegamento non implica l&#039;approvazione del sito da parte di GadgetApps. L&#039;utilizzo dei siti collegati \u00e8 a rischio e pericolo dell&#039;utente.<\/p>\n\n\n\n<p><strong>Modifiche ai Termini<\/strong><br>GadgetApps pu\u00f2 modificare le presenti condizioni d&#039;uso in qualsiasi momento, senza preavviso. Utilizzando questo sito Web, accetti di essere vincolato dalla versione pi\u00f9 recente di questi termini di utilizzo.<\/p>\n\n\n\n<p><strong>Legge applicabile<\/strong><br>Questi termini e condizioni sono regolati dalle leggi di GadgetApps e l&#039;utente acconsente irrevocabilmente alla giurisdizione esclusiva dei tribunali locali.<\/p>\n\n\n\n<p><\/p>","protected":false},"excerpt":{"rendered":"<p>Ao entrar no site GadgetApps, voc\u00ea aceita estes termos de uso, bem como todas as leis e regulamenta\u00e7\u00f5es relevantes, e reconhece que tem a responsabilidade de observar as leis locais aplic\u00e1veis. Caso n\u00e3o concorde com estes termos, voc\u00ea est\u00e1 proibido de acessar ou utilizar o site. Os conte\u00fados presentes neste website est\u00e3o protegidos pelas leis [&hellip;]<\/p>\n","protected":false},"author":1,"featured_media":0,"parent":0,"menu_order":0,"comment_status":"closed","ping_status":"closed","template":"","meta":{"footnotes":""},"class_list":["post-340","page","type-page","status-publish"],"_links":{"self":[{"href":"https:\/\/appsminds.com\/it\/wp-json\/wp\/v2\/pages\/340","targetHints":{"allow":["GET"]}}],"collection":[{"href":"https:\/\/appsminds.com\/it\/wp-json\/wp\/v2\/pages"}],"about":[{"href":"https:\/\/appsminds.com\/it\/wp-json\/wp\/v2\/types\/page"}],"author":[{"embeddable":true,"href":"https:\/\/appsminds.com\/it\/wp-json\/wp\/v2\/users\/1"}],"replies":[{"embeddable":true,"href":"https:\/\/appsminds.com\/it\/wp-json\/wp\/v2\/comments?post=340"}],"version-history":[{"count":2,"href":"https:\/\/appsminds.com\/it\/wp-json\/wp\/v2\/pages\/340\/revisions"}],"predecessor-version":[{"id":522,"href":"https:\/\/appsminds.com\/it\/wp-json\/wp\/v2\/pages\/340\/revisions\/522"}],"wp:attachment":[{"href":"https:\/\/appsminds.com\/it\/wp-json\/wp\/v2\/media?parent=340"}],"curies":[{"name":"wp","href":"https:\/\/api.w.org\/{rel}","templated":true}]}}