{"id":342,"date":"2025-01-13T17:55:20","date_gmt":"2025-01-13T17:55:20","guid":{"rendered":"https:\/\/appsminds.com\/?page_id=342"},"modified":"2025-01-13T21:58:10","modified_gmt":"2025-01-13T21:58:10","slug":"erintkezes","status":"publish","type":"page","link":"https:\/\/appsminds.com\/hu\/contato\/","title":{"rendered":"\u00c9rintkez\u00e9s"},"content":{"rendered":"<p>In <strong>GadgetsApps<\/strong>, \u00fagy gondoljuk, hogy a felhaszn\u00e1l\u00f3inkkal folytatott p\u00e1rbesz\u00e9d elengedhetetlen szolg\u00e1ltat\u00e1saink folyamatos fejleszt\u00e9s\u00e9hez. Ezt a csatorn\u00e1t az\u00e9rt fejlesztett\u00fck ki, hogy gyorsan \u00e9s hat\u00e9konyan fogadja javaslatait, kritik\u00e1j\u00e1t, k\u00e9rd\u00e9seit vagy megjegyz\u00e9seit.<\/p>\n\n\n\n<p>El\u00e9rhet\u0151ek vagyunk:<\/p>\n\n\n\n<ul class=\"wp-block-list\">\n<li>Fogadja meg fejleszt\u00e9si javaslatait;<\/li>\n\n\n\n<li>Hallgassa meg \u00e9p\u00edt\u0151 kritik\u00e1j\u00e1t;<\/li>\n\n\n\n<li>Tiszt\u00e1zza a szolg\u00e1ltat\u00e1sainkkal kapcsolatos k\u00e9ts\u00e9geit;<\/li>\n\n\n\n<li>Tudjon meg t\u00f6bbet a vel\u00fcnk szerzett tapasztalatair\u00f3l.<\/li>\n<\/ul>\n\n\n\n<p>\ud83d\udce9 <strong>Email:<\/strong> <a>contato@gadgetsapps.com<\/a><\/p>\n\n\n\n<p>Visszajelz\u00e9s\u00e9t komolyan vessz\u00fck, \u00e9s seg\u00edti a fejl\u0151d\u00e9s\u00fcnket. K\u00f6sz\u00f6nj\u00fck a bizalmat \u00e9s a hozz\u00e1j\u00e1rul\u00e1st <strong>GadgetsApps<\/strong> tov\u00e1bbra is kiv\u00e1l\u00f3 megold\u00e1sokat k\u00edn\u00e1l.<\/p>","protected":false},"excerpt":{"rendered":"<p>Na GadgetsApps, acreditamos que o di\u00e1logo com nossos usu\u00e1rios \u00e9 essencial para o aprimoramento cont\u00ednuo de nossos servi\u00e7os. Este canal foi desenvolvido para receber suas sugest\u00f5es, cr\u00edticas, d\u00favidas ou coment\u00e1rios de maneira \u00e1gil e eficiente. Estamos \u00e0 disposi\u00e7\u00e3o para: \ud83d\udce9 E-mail: contato@gadgetsapps.com Seu feedback \u00e9 tratado com seriedade e nos ajuda a evoluir. Agradecemos pela [&hellip;]<\/p>\n","protected":false},"author":1,"featured_media":0,"parent":0,"menu_order":0,"comment_status":"closed","ping_status":"closed","template":"","meta":{"footnotes":""},"class_list":["post-342","page","type-page","status-publish"],"_links":{"self":[{"href":"https:\/\/appsminds.com\/hu\/wp-json\/wp\/v2\/pages\/342","targetHints":{"allow":["GET"]}}],"collection":[{"href":"https:\/\/appsminds.com\/hu\/wp-json\/wp\/v2\/pages"}],"about":[{"href":"https:\/\/appsminds.com\/hu\/wp-json\/wp\/v2\/types\/page"}],"author":[{"embeddable":true,"href":"https:\/\/appsminds.com\/hu\/wp-json\/wp\/v2\/users\/1"}],"replies":[{"embeddable":true,"href":"https:\/\/appsminds.com\/hu\/wp-json\/wp\/v2\/comments?post=342"}],"version-history":[{"count":3,"href":"https:\/\/appsminds.com\/hu\/wp-json\/wp\/v2\/pages\/342\/revisions"}],"predecessor-version":[{"id":525,"href":"https:\/\/appsminds.com\/hu\/wp-json\/wp\/v2\/pages\/342\/revisions\/525"}],"wp:attachment":[{"href":"https:\/\/appsminds.com\/hu\/wp-json\/wp\/v2\/media?parent=342"}],"curies":[{"name":"munkaf\u00fczet","href":"https:\/\/api.w.org\/{rel}","templated":true}]}}