{"id":340,"date":"2025-01-13T17:55:11","date_gmt":"2025-01-13T17:55:11","guid":{"rendered":"https:\/\/appsminds.com\/?page_id=340"},"modified":"2025-01-13T21:49:26","modified_gmt":"2025-01-13T21:49:26","slug":"felhasznalasi-feltetelek","status":"publish","type":"page","link":"https:\/\/appsminds.com\/hu\/termos-de-uso\/","title":{"rendered":"Felhaszn\u00e1l\u00e1si felt\u00e9telek"},"content":{"rendered":"<p>A GadgetApps webhelyre val\u00f3 bel\u00e9p\u00e9ssel elfogadja ezeket a haszn\u00e1lati felt\u00e9teleket, valamint az \u00f6sszes vonatkoz\u00f3 t\u00f6rv\u00e9nyt \u00e9s szab\u00e1lyoz\u00e1st, \u00e9s tudom\u00e1sul veszi, hogy k\u00f6teles betartani a vonatkoz\u00f3 helyi t\u00f6rv\u00e9nyeket. Ha nem \u00e9rt egyet ezekkel a felt\u00e9telekkel, tilos az oldal el\u00e9r\u00e9se vagy haszn\u00e1lata. A weboldalon tal\u00e1lhat\u00f3 tartalmat a jelenlegi szellemi tulajdonra \u00e9s v\u00e9djegyekre vonatkoz\u00f3 t\u00f6rv\u00e9nyek v\u00e9dik.<\/p>\n\n\n\n<p><strong>Licenc Grant<\/strong><br>A GadgetApps jogot biztos\u00edt \u00d6nnek, hogy ideiglenesen let\u00f6ltse a webhelyen el\u00e9rhet\u0151 anyagok (inform\u00e1ci\u00f3k vagy szoftverek) egy p\u00e9ld\u00e1ny\u00e1t, kiz\u00e1r\u00f3lag szem\u00e9lyes, nem kereskedelmi megtekint\u00e9s c\u00e9lj\u00e1b\u00f3l. Ez a koncesszi\u00f3 haszn\u00e1lati jog, nem tulajdonjog. Tilos: M\u00f3dos\u00edtani vagy m\u00e1solni az anyagokat;<\/p>\n\n\n\n<p>Az anyagokat kereskedelmi c\u00e9lokra vagy nyilv\u00e1nos (kereskedelmi vagy egy\u00e9b) megjelen\u00edt\u00e9sre haszn\u00e1lja;<\/p>\n\n\n\n<p>Pr\u00f3b\u00e1lja meg visszafejteni vagy visszafejteni a GadgetApps webhelyen tal\u00e1lhat\u00f3 szoftvereket;<\/p>\n\n\n\n<p>T\u00f6r\u00f6lj\u00f6n minden szerz\u0151i jogi megjegyz\u00e9st vagy m\u00e1s tulajdonosi jelz\u00e9st az anyagokb\u00f3l;<\/p>\n\n\n\n<p>Tov\u00e1bb\u00edtsa az anyagokat egy m\u00e1sik szem\u00e9lynek, vagy m\u00e1solja le az anyagokat egy m\u00e1sik szerveren.<\/p>\n\n\n\n<p>Ez a licenc automatikusan megsz\u0171nik, ha \u00d6n megs\u00e9rti ezen korl\u00e1toz\u00e1sok b\u00e1rmelyik\u00e9t, \u00e9s a GadgetApps b\u00e1rmikor felmondhatja. Az anyagok megtekint\u00e9s\u00e9nek megsz\u00fcntet\u00e9sekor vagy a jelen licenc lej\u00e1rtakor t\u00f6r\u00f6lnie kell minden let\u00f6lt\u00f6tt anyagot, ak\u00e1r elektronikus, ak\u00e1r nyomtatott form\u00e1ban.<\/p>\n\n\n\n<p><strong>Jogi nyilatkozat<\/strong><br>A GadgetApps webhelyen tal\u00e1lhat\u00f3 anyagok a jelenlegi \u00e1llapotukban \u00e1llnak rendelkez\u00e9sre. A GadgetApps nem v\u00e1llal sem kifejezett, sem hallgat\u00f3lagos garanci\u00e1t, \u00e9s elh\u00e1r\u00edt minden egy\u00e9b garanci\u00e1t, bele\u00e9rtve \u2013 korl\u00e1toz\u00e1s n\u00e9lk\u00fcl \u2013 az eladhat\u00f3s\u00e1gra, egy adott c\u00e9lra val\u00f3 alkalmass\u00e1gra vagy a szellemi tulajdonjogok megs\u00e9rt\u00e9s\u00e9nek hi\u00e1ny\u00e1ra vonatkoz\u00f3 v\u00e9lelmezett garanci\u00e1kat.<\/p>\n\n\n\n<p><strong>A felel\u0151ss\u00e9g korl\u00e1toz\u00e1sai<\/strong><br>A GadgetApps vagy besz\u00e1ll\u00edt\u00f3i semmilyen esetben sem v\u00e1llalnak felel\u0151ss\u00e9get a GadgetApps-on tal\u00e1lhat\u00f3 anyagok haszn\u00e1lat\u00e1b\u00f3l vagy haszn\u00e1lat\u00e1nak k\u00e9ptelens\u00e9g\u00e9b\u0151l ered\u0151 k\u00e1rok\u00e9rt, m\u00e9g akkor sem, ha \u00e9rtes\u00edtett\u00e9k az ilyen k\u00e1rok lehet\u0151s\u00e9g\u00e9r\u0151l. Ha a helyi t\u00f6rv\u00e9nyek nem teszik lehet\u0151v\u00e9 bizonyos garanci\u00e1k kiz\u00e1r\u00e1s\u00e1t vagy a k\u00f6vetkezm\u00e9nyes k\u00e1rok\u00e9rt val\u00f3 felel\u0151ss\u00e9g korl\u00e1toz\u00e1s\u00e1t, el\u0151fordulhat, hogy ezek a kiz\u00e1r\u00e1sok \u00e9s korl\u00e1toz\u00e1sok nem vonatkoznak \u00d6nre.<\/p>\n\n\n\n<p><strong>Az anyagok pontoss\u00e1ga<\/strong><br>A GadgetApps webhely\u00e9n megjelen\u0151 anyagok technikai, tipogr\u00e1fiai vagy f\u00e9nyk\u00e9p\u00e9szeti hib\u00e1kat tartalmazhatnak. A GadgetApps nem garant\u00e1lja a webhely\u00e9n tal\u00e1lhat\u00f3 anyagok pontoss\u00e1g\u00e1t, teljess\u00e9g\u00e9t vagy id\u0151szer\u0171s\u00e9g\u00e9t, \u00e9s b\u00e1rmikor, el\u0151zetes \u00e9rtes\u00edt\u00e9s n\u00e9lk\u00fcl megv\u00e1ltoztathatja az anyagokat, de nem v\u00e1llal k\u00f6telezetts\u00e9get az anyagok friss\u00edt\u00e9s\u00e9re.<\/p>\n\n\n\n<p><strong>Linkek<\/strong><br>A GadgetApps nem vizsg\u00e1lta \u00e1t az \u00f6sszes, r\u00e1 hivatkozott webhelyet, \u00e9s nem v\u00e1llal felel\u0151ss\u00e9get a k\u00fcls\u0151 webhelyek tartalm\u00e1\u00e9rt. A linkek felt\u00fcntet\u00e9se nem jelenti azt, hogy a GadgetApps j\u00f3v\u00e1hagyja a webhelyet. A hivatkozott oldalak haszn\u00e1lata a felhaszn\u00e1l\u00f3 saj\u00e1t felel\u0151ss\u00e9g\u00e9re t\u00f6rt\u00e9nik.<\/p>\n\n\n\n<p><strong>A Felt\u00e9telek m\u00f3dos\u00edt\u00e1sai<\/strong><br>A GadgetApps b\u00e1rmikor, el\u0151zetes \u00e9rtes\u00edt\u00e9s n\u00e9lk\u00fcl m\u00f3dos\u00edthatja ezeket a haszn\u00e1lati felt\u00e9teleket. A weboldal haszn\u00e1lat\u00e1val \u00d6n elfogadja, hogy mag\u00e1ra n\u00e9zve k\u00f6telez\u0151nek ismeri el a jelen haszn\u00e1lati felt\u00e9telek leg\u00fajabb verzi\u00f3j\u00e1t.<\/p>\n\n\n\n<p><strong>Alkalmazand\u00f3 jog<\/strong><br>Ezekre a felt\u00e9telekre a GadgetApps t\u00f6rv\u00e9nyei vonatkoznak, \u00e9s \u00d6n visszavonhatatlanul hozz\u00e1j\u00e1rul a helyi b\u00edr\u00f3s\u00e1gok kiz\u00e1r\u00f3lagos joghat\u00f3s\u00e1g\u00e1hoz.<\/p>\n\n\n\n<p><\/p>","protected":false},"excerpt":{"rendered":"<p>Ao entrar no site GadgetApps, voc\u00ea aceita estes termos de uso, bem como todas as leis e regulamenta\u00e7\u00f5es relevantes, e reconhece que tem a responsabilidade de observar as leis locais aplic\u00e1veis. Caso n\u00e3o concorde com estes termos, voc\u00ea est\u00e1 proibido de acessar ou utilizar o site. Os conte\u00fados presentes neste website est\u00e3o protegidos pelas leis [&hellip;]<\/p>\n","protected":false},"author":1,"featured_media":0,"parent":0,"menu_order":0,"comment_status":"closed","ping_status":"closed","template":"","meta":{"footnotes":""},"class_list":["post-340","page","type-page","status-publish"],"_links":{"self":[{"href":"https:\/\/appsminds.com\/hu\/wp-json\/wp\/v2\/pages\/340","targetHints":{"allow":["GET"]}}],"collection":[{"href":"https:\/\/appsminds.com\/hu\/wp-json\/wp\/v2\/pages"}],"about":[{"href":"https:\/\/appsminds.com\/hu\/wp-json\/wp\/v2\/types\/page"}],"author":[{"embeddable":true,"href":"https:\/\/appsminds.com\/hu\/wp-json\/wp\/v2\/users\/1"}],"replies":[{"embeddable":true,"href":"https:\/\/appsminds.com\/hu\/wp-json\/wp\/v2\/comments?post=340"}],"version-history":[{"count":2,"href":"https:\/\/appsminds.com\/hu\/wp-json\/wp\/v2\/pages\/340\/revisions"}],"predecessor-version":[{"id":522,"href":"https:\/\/appsminds.com\/hu\/wp-json\/wp\/v2\/pages\/340\/revisions\/522"}],"wp:attachment":[{"href":"https:\/\/appsminds.com\/hu\/wp-json\/wp\/v2\/media?parent=340"}],"curies":[{"name":"munkaf\u00fczet","href":"https:\/\/api.w.org\/{rel}","templated":true}]}}