{"id":342,"date":"2025-01-13T17:55:20","date_gmt":"2025-01-13T17:55:20","guid":{"rendered":"https:\/\/appsminds.com\/?page_id=342"},"modified":"2025-01-13T21:58:10","modified_gmt":"2025-01-13T21:58:10","slug":"kontakt","status":"publish","type":"page","link":"https:\/\/appsminds.com\/hr\/contato\/","title":{"rendered":"Kontakt"},"content":{"rendered":"<p>U <strong>GadgetsApps<\/strong>, vjerujemo da je dijalog s na\u0161im korisnicima klju\u010dan za kontinuirano pobolj\u0161anje na\u0161ih usluga. Ovaj kanal razvijen je za brzo i u\u010dinkovito primanje va\u0161ih prijedloga, kritika, pitanja ili komentara.<\/p>\n\n\n\n<p>Dostupni smo za:<\/p>\n\n\n\n<ul class=\"wp-block-list\">\n<li>Primite va\u0161e prijedloge za pobolj\u0161anja;<\/li>\n\n\n\n<li>Poslu\u0161ajte svoju konstruktivnu kritiku;<\/li>\n\n\n\n<li>Razjasnite nedoumice o na\u0161im uslugama;<\/li>\n\n\n\n<li>Saznajte vi\u0161e o svom iskustvu s nama.<\/li>\n<\/ul>\n\n\n\n<p>\ud83d\udce9 <strong>E-mail:<\/strong> <a>contato@gadgetsapps.com<\/a><\/p>\n\n\n\n<p>Va\u0161e povratne informacije tretiraju se ozbiljno i poma\u017eu nam da se razvijamo. Zahvaljujemo na ukazanom povjerenju i doprinosu <strong>GadgetsApps<\/strong> nastaviti nuditi izvrsna rje\u0161enja.<\/p>","protected":false},"excerpt":{"rendered":"<p>Na GadgetsApps, acreditamos que o di\u00e1logo com nossos usu\u00e1rios \u00e9 essencial para o aprimoramento cont\u00ednuo de nossos servi\u00e7os. Este canal foi desenvolvido para receber suas sugest\u00f5es, cr\u00edticas, d\u00favidas ou coment\u00e1rios de maneira \u00e1gil e eficiente. Estamos \u00e0 disposi\u00e7\u00e3o para: \ud83d\udce9 E-mail: contato@gadgetsapps.com Seu feedback \u00e9 tratado com seriedade e nos ajuda a evoluir. Agradecemos pela [&hellip;]<\/p>\n","protected":false},"author":1,"featured_media":0,"parent":0,"menu_order":0,"comment_status":"closed","ping_status":"closed","template":"","meta":{"footnotes":""},"class_list":["post-342","page","type-page","status-publish"],"_links":{"self":[{"href":"https:\/\/appsminds.com\/hr\/wp-json\/wp\/v2\/pages\/342","targetHints":{"allow":["GET"]}}],"collection":[{"href":"https:\/\/appsminds.com\/hr\/wp-json\/wp\/v2\/pages"}],"about":[{"href":"https:\/\/appsminds.com\/hr\/wp-json\/wp\/v2\/types\/page"}],"author":[{"embeddable":true,"href":"https:\/\/appsminds.com\/hr\/wp-json\/wp\/v2\/users\/1"}],"replies":[{"embeddable":true,"href":"https:\/\/appsminds.com\/hr\/wp-json\/wp\/v2\/comments?post=342"}],"version-history":[{"count":3,"href":"https:\/\/appsminds.com\/hr\/wp-json\/wp\/v2\/pages\/342\/revisions"}],"predecessor-version":[{"id":525,"href":"https:\/\/appsminds.com\/hr\/wp-json\/wp\/v2\/pages\/342\/revisions\/525"}],"wp:attachment":[{"href":"https:\/\/appsminds.com\/hr\/wp-json\/wp\/v2\/media?parent=342"}],"curies":[{"name":"radni list","href":"https:\/\/api.w.org\/{rel}","templated":true}]}}