{"id":340,"date":"2025-01-13T17:55:11","date_gmt":"2025-01-13T17:55:11","guid":{"rendered":"https:\/\/appsminds.com\/?page_id=340"},"modified":"2025-01-13T21:49:26","modified_gmt":"2025-01-13T21:49:26","slug":"uvjeti-koristenja","status":"publish","type":"page","link":"https:\/\/appsminds.com\/hr\/termos-de-uso\/","title":{"rendered":"Uvjeti kori\u0161tenja"},"content":{"rendered":"<p>Ulaskom na web stranicu GadgetApps, prihva\u0107ate ove uvjete kori\u0161tenja, kao i sve relevantne zakone i propise, te potvr\u0111ujete da imate odgovornost po\u0161tivati primjenjive lokalne zakone. Ako se ne sla\u017eete s ovim uvjetima, zabranjen vam je pristup ili kori\u0161tenje stranice. Sadr\u017eaj na ovoj web stranici za\u0161ti\u0107en je va\u017ee\u0107im zakonima o intelektualnom vlasni\u0161tvu i za\u0161titnim znakovima.<\/p>\n\n\n\n<p><strong>Dodjela licence<\/strong><br>GadgetApps vam daje pravo da privremeno preuzmete jednu kopiju materijala dostupnih na stranici (informacije ili softver) samo za va\u0161e osobno, nekomercijalno gledanje. Ova koncesija je pravo kori\u0161tenja, a ne vlasni\u0161tva. Ne smijete: mijenjati ili kopirati materijale;<\/p>\n\n\n\n<p>Koristite materijale u komercijalne svrhe ili za javno prikazivanje (komercijalno ili na drugi na\u010din);<\/p>\n\n\n\n<p>Poku\u0161ati izvr\u0161iti obrnuti in\u017eenjering ili dekompilirati bilo koji softver prona\u0111en na web stranici GadgetApps;<\/p>\n\n\n\n<p>Izbri\u0161ite sve obavijesti o autorskim pravima ili druge oznake vlasni\u0161tva iz materijala;<\/p>\n\n\n\n<p>Proslijedite materijale drugoj osobi ili duplicirajte materijale na drugom poslu\u017eitelju.<\/p>\n\n\n\n<p>Ova \u0107e licenca automatski prestati ako prekr\u0161ite bilo koje od ovih ograni\u010denja, a GadgetApps je mo\u017ee ukinuti u bilo kojem trenutku. Po prekidu pregledavanja materijala ili po isteku ove licence, morate izbrisati sve preuzete materijale, bilo u elektroni\u010dkom ili tiskanom obliku.<\/p>\n\n\n\n<p><strong>Odricanje<\/strong><br>Materijali na web stranici GadgetApps dostupni su takvi kakvi jesu. GadgetApps ne daje nikakva jamstva, izri\u010dita ili pre\u0161utna, i odri\u010de se svih drugih jamstava, uklju\u010duju\u0107i, bez ograni\u010denja, implicitna jamstva u pogledu mogu\u0107nosti prodaje, prikladnosti za odre\u0111enu svrhu ili nekr\u0161enja prava intelektualnog vlasni\u0161tva.<\/p>\n\n\n\n<p><strong>Ograni\u010denja odgovornosti<\/strong><br>Ni u kojem slu\u010daju GadgetApps ili njegovi dobavlja\u010di ne\u0107e biti odgovorni za bilo kakvu \u0161tetu nastalu kori\u0161tenjem ili nemogu\u0107no\u0161\u0107u kori\u0161tenja materijala na GadgetAppsu, \u010dak i ako su obavije\u0161teni o mogu\u0107nosti takve \u0161tete. Ako lokalni zakoni ne dopu\u0161taju isklju\u010divanje odre\u0111enih jamstava ili ograni\u010denje odgovornosti za posljedi\u010dne \u0161tete, ta se isklju\u010denja i ograni\u010denja mo\u017eda ne\u0107e odnositi na vas.<\/p>\n\n\n\n<p><strong>Preciznost materijala<\/strong><br>Materijali koji se pojavljuju na web stranici GadgetApps mogu sadr\u017eavati tehni\u010dke, tipografske ili fotografske pogre\u0161ke. GadgetApps ne jam\u010di to\u010dnost, cjelovitost ili pravodobnost materijala na svojoj stranici i mo\u017ee promijeniti materijale u bilo kojem trenutku bez prethodne najave, ali se ne obvezuje a\u017eurirati materijale.<\/p>\n\n\n\n<p><strong>Linkovi<\/strong><br>GadgetApps nije pregledao sve stranice povezane s njim i nije odgovoran za sadr\u017eaj vanjskih stranica. Uklju\u010divanje bilo koje veze ne zna\u010di da GadgetApps podr\u017eava web mjesto. Kori\u0161tenje povezanih stranica je na vlastitu odgovornost korisnika.<\/p>\n\n\n\n<p><strong>Izmjene Uvjeta<\/strong><br>GadgetApps mo\u017ee izmijeniti ove uvjete kori\u0161tenja u bilo kojem trenutku, bez prethodne obavijesti. Kori\u0161tenjem ove web stranice prihva\u0107ate najnoviju verziju ovih uvjeta kori\u0161tenja.<\/p>\n\n\n\n<p><strong>Mjerodavno pravo<\/strong><br>Ovi uvjeti i odredbe regulirani su zakonima GadgetAppsa i vi neopozivo pristajete na isklju\u010divu nadle\u017enost lokalnih sudova.<\/p>\n\n\n\n<p><\/p>","protected":false},"excerpt":{"rendered":"<p>Ao entrar no site GadgetApps, voc\u00ea aceita estes termos de uso, bem como todas as leis e regulamenta\u00e7\u00f5es relevantes, e reconhece que tem a responsabilidade de observar as leis locais aplic\u00e1veis. Caso n\u00e3o concorde com estes termos, voc\u00ea est\u00e1 proibido de acessar ou utilizar o site. Os conte\u00fados presentes neste website est\u00e3o protegidos pelas leis [&hellip;]<\/p>\n","protected":false},"author":1,"featured_media":0,"parent":0,"menu_order":0,"comment_status":"closed","ping_status":"closed","template":"","meta":{"footnotes":""},"class_list":["post-340","page","type-page","status-publish"],"_links":{"self":[{"href":"https:\/\/appsminds.com\/hr\/wp-json\/wp\/v2\/pages\/340","targetHints":{"allow":["GET"]}}],"collection":[{"href":"https:\/\/appsminds.com\/hr\/wp-json\/wp\/v2\/pages"}],"about":[{"href":"https:\/\/appsminds.com\/hr\/wp-json\/wp\/v2\/types\/page"}],"author":[{"embeddable":true,"href":"https:\/\/appsminds.com\/hr\/wp-json\/wp\/v2\/users\/1"}],"replies":[{"embeddable":true,"href":"https:\/\/appsminds.com\/hr\/wp-json\/wp\/v2\/comments?post=340"}],"version-history":[{"count":2,"href":"https:\/\/appsminds.com\/hr\/wp-json\/wp\/v2\/pages\/340\/revisions"}],"predecessor-version":[{"id":522,"href":"https:\/\/appsminds.com\/hr\/wp-json\/wp\/v2\/pages\/340\/revisions\/522"}],"wp:attachment":[{"href":"https:\/\/appsminds.com\/hr\/wp-json\/wp\/v2\/media?parent=340"}],"curies":[{"name":"radni list","href":"https:\/\/api.w.org\/{rel}","templated":true}]}}