{"id":342,"date":"2025-01-13T17:55:20","date_gmt":"2025-01-13T17:55:20","guid":{"rendered":"https:\/\/appsminds.com\/?page_id=342"},"modified":"2025-01-13T21:58:10","modified_gmt":"2025-01-13T21:58:10","slug":"%e0%a4%b8%e0%a4%82%e0%a4%aa%e0%a4%b0%e0%a5%8d%e0%a4%95","status":"publish","type":"page","link":"https:\/\/appsminds.com\/hi\/contato\/","title":{"rendered":"\u0938\u0902\u092a\u0930\u094d\u0915"},"content":{"rendered":"<p>\u092e\u0947\u0902 <strong>\u0917\u0948\u091c\u0947\u091f\u094d\u0938\u0910\u092a\u094d\u0938<\/strong>\u0939\u092e\u093e\u0930\u093e \u092e\u093e\u0928\u0928\u093e \u0939\u0948 \u0915\u093f \u0939\u092e\u093e\u0930\u0940 \u0938\u0947\u0935\u093e\u0913\u0902 \u092e\u0947\u0902 \u0928\u093f\u0930\u0902\u0924\u0930 \u0938\u0941\u0927\u093e\u0930 \u0915\u0947 \u0932\u093f\u090f \u0939\u092e\u093e\u0930\u0947 \u0909\u092a\u092f\u094b\u0917\u0915\u0930\u094d\u0924\u093e\u0913\u0902 \u0915\u0947 \u0938\u093e\u0925 \u092c\u093e\u0924\u091a\u0940\u0924 \u0906\u0935\u0936\u094d\u092f\u0915 \u0939\u0948\u0964 \u092f\u0939 \u091a\u0948\u0928\u0932 \u0906\u092a\u0915\u0947 \u0938\u0941\u091d\u093e\u0935\u094b\u0902, \u0906\u0932\u094b\u091a\u0928\u093e\u0913\u0902, \u092a\u094d\u0930\u0936\u094d\u0928\u094b\u0902 \u092f\u093e \u091f\u093f\u092a\u094d\u092a\u0923\u093f\u092f\u094b\u0902 \u0915\u094b \u0936\u0940\u0918\u094d\u0930\u0924\u093e \u0914\u0930 \u0915\u0941\u0936\u0932\u0924\u093e \u0938\u0947 \u092a\u094d\u0930\u093e\u092a\u094d\u0924 \u0915\u0930\u0928\u0947 \u0915\u0947 \u0932\u093f\u090f \u0935\u093f\u0915\u0938\u093f\u0924 \u0915\u093f\u092f\u093e \u0917\u092f\u093e \u0925\u093e\u0964<\/p>\n\n\n\n<p>\u0939\u092e \u0907\u0938\u0915\u0947 \u0932\u093f\u090f \u0909\u092a\u0932\u092c\u094d\u0927 \u0939\u0948\u0902:<\/p>\n\n\n\n<ul class=\"wp-block-list\">\n<li>\u0938\u0941\u0927\u093e\u0930 \u0915\u0947 \u0932\u093f\u090f \u0906\u092a\u0915\u0947 \u0938\u0941\u091d\u093e\u0935 \u092a\u094d\u0930\u093e\u092a\u094d\u0924 \u0915\u0930\u0947\u0902;<\/li>\n\n\n\n<li>\u0905\u092a\u0928\u0940 \u0930\u091a\u0928\u093e\u0924\u094d\u092e\u0915 \u0906\u0932\u094b\u091a\u0928\u093e \u0938\u0941\u0928\u0947\u0902;<\/li>\n\n\n\n<li>\u0939\u092e\u093e\u0930\u0940 \u0938\u0947\u0935\u093e\u0913\u0902 \u0915\u0947 \u092c\u093e\u0930\u0947 \u092e\u0947\u0902 \u0938\u0902\u0926\u0947\u0939 \u0938\u094d\u092a\u0937\u094d\u091f \u0915\u0930\u0947\u0902;<\/li>\n\n\n\n<li>\u0939\u092e\u093e\u0930\u0947 \u0938\u093e\u0925 \u0905\u092a\u0928\u0947 \u0905\u0928\u0941\u092d\u0935 \u0915\u0947 \u092c\u093e\u0930\u0947 \u092e\u0947\u0902 \u0914\u0930 \u091c\u093e\u0928\u0947\u0902\u0964<\/li>\n<\/ul>\n\n\n\n<p>\ud83d\udce9 <strong>\u0908-\u092e\u0947\u0932:<\/strong> <a>contato@gadgetsapps.com<\/a><\/p>\n\n\n\n<p>\u0906\u092a\u0915\u0940 \u092a\u094d\u0930\u0924\u093f\u0915\u094d\u0930\u093f\u092f\u093e \u0915\u094b \u0917\u0902\u092d\u0940\u0930\u0924\u093e \u0938\u0947 \u0932\u093f\u092f\u093e \u091c\u093e\u0924\u093e \u0939\u0948 \u0914\u0930 \u0939\u092e\u0947\u0902 \u0906\u0917\u0947 \u092c\u0922\u093c\u0928\u0947 \u092e\u0947\u0902 \u092e\u0926\u0926 \u092e\u093f\u0932\u0924\u0940 \u0939\u0948\u0964 \u0939\u092e \u0906\u092a\u0915\u0947 \u0935\u093f\u0936\u094d\u0935\u093e\u0938 \u0914\u0930 \u0907\u0938\u092e\u0947\u0902 \u092f\u094b\u0917\u0926\u093e\u0928 \u0915\u0947 \u0932\u093f\u090f \u0927\u0928\u094d\u092f\u0935\u093e\u0926 \u0915\u0930\u0924\u0947 \u0939\u0948\u0902 <strong>\u0917\u0948\u091c\u0947\u091f\u094d\u0938\u0910\u092a\u094d\u0938<\/strong> \u0909\u0924\u094d\u0915\u0943\u0937\u094d\u091f \u0938\u092e\u093e\u0927\u093e\u0928 \u092a\u0947\u0936 \u0915\u0930\u0928\u093e \u091c\u093e\u0930\u0940 \u0930\u0916\u0947\u0902\u0964<\/p>","protected":false},"excerpt":{"rendered":"<p>Na GadgetsApps, acreditamos que o di\u00e1logo com nossos usu\u00e1rios \u00e9 essencial para o aprimoramento cont\u00ednuo de nossos servi\u00e7os. Este canal foi desenvolvido para receber suas sugest\u00f5es, cr\u00edticas, d\u00favidas ou coment\u00e1rios de maneira \u00e1gil e eficiente. Estamos \u00e0 disposi\u00e7\u00e3o para: \ud83d\udce9 E-mail: contato@gadgetsapps.com Seu feedback \u00e9 tratado com seriedade e nos ajuda a evoluir. Agradecemos pela [&hellip;]<\/p>\n","protected":false},"author":1,"featured_media":0,"parent":0,"menu_order":0,"comment_status":"closed","ping_status":"closed","template":"","meta":{"footnotes":""},"class_list":["post-342","page","type-page","status-publish"],"_links":{"self":[{"href":"https:\/\/appsminds.com\/hi\/wp-json\/wp\/v2\/pages\/342","targetHints":{"allow":["GET"]}}],"collection":[{"href":"https:\/\/appsminds.com\/hi\/wp-json\/wp\/v2\/pages"}],"about":[{"href":"https:\/\/appsminds.com\/hi\/wp-json\/wp\/v2\/types\/page"}],"author":[{"embeddable":true,"href":"https:\/\/appsminds.com\/hi\/wp-json\/wp\/v2\/users\/1"}],"replies":[{"embeddable":true,"href":"https:\/\/appsminds.com\/hi\/wp-json\/wp\/v2\/comments?post=342"}],"version-history":[{"count":3,"href":"https:\/\/appsminds.com\/hi\/wp-json\/wp\/v2\/pages\/342\/revisions"}],"predecessor-version":[{"id":525,"href":"https:\/\/appsminds.com\/hi\/wp-json\/wp\/v2\/pages\/342\/revisions\/525"}],"wp:attachment":[{"href":"https:\/\/appsminds.com\/hi\/wp-json\/wp\/v2\/media?parent=342"}],"curies":[{"name":"wp","href":"https:\/\/api.w.org\/{rel}","templated":true}]}}