{"id":342,"date":"2025-01-13T17:55:20","date_gmt":"2025-01-13T17:55:20","guid":{"rendered":"https:\/\/appsminds.com\/?page_id=342"},"modified":"2025-01-13T21:58:10","modified_gmt":"2025-01-13T21:58:10","slug":"%d7%9e%d6%b7%d7%92%d6%b8%d7%a2","status":"publish","type":"page","link":"https:\/\/appsminds.com\/he\/contato\/","title":{"rendered":"\u05de\u05b7\u05d2\u05b8\u05e2"},"content":{"rendered":"<p>\u05d1- <strong>GadgetsApps<\/strong>, \u05d0\u05e0\u05d5 \u05de\u05d0\u05de\u05d9\u05e0\u05d9\u05dd \u05db\u05d9 \u05d3\u05d9\u05d0\u05dc\u05d5\u05d2 \u05e2\u05dd \u05d4\u05de\u05e9\u05ea\u05de\u05e9\u05d9\u05dd \u05e9\u05dc\u05e0\u05d5 \u05d7\u05d9\u05d5\u05e0\u05d9 \u05dc\u05e9\u05d9\u05e4\u05d5\u05e8 \u05de\u05ea\u05de\u05d9\u05d3 \u05e9\u05dc \u05d4\u05e9\u05d9\u05e8\u05d5\u05ea\u05d9\u05dd \u05e9\u05dc\u05e0\u05d5. \u05e2\u05e8\u05d5\u05e5 \u05d6\u05d4 \u05e4\u05d5\u05ea\u05d7 \u05db\u05d3\u05d9 \u05dc\u05e7\u05d1\u05dc \u05d0\u05ea \u05d4\u05d4\u05e6\u05e2\u05d5\u05ea, \u05d4\u05d1\u05d9\u05e7\u05d5\u05e8\u05d5\u05ea, \u05d4\u05e9\u05d0\u05dc\u05d5\u05ea \u05d0\u05d5 \u05d4\u05d4\u05e2\u05e8\u05d5\u05ea \u05e9\u05dc\u05db\u05dd \u05d1\u05e6\u05d5\u05e8\u05d4 \u05d6\u05e8\u05d9\u05d6\u05d4 \u05d5\u05d9\u05e2\u05d9\u05dc\u05d4.<\/p>\n\n\n\n<p>\u05d0\u05e0\u05d5 \u05d6\u05de\u05d9\u05e0\u05d9\u05dd \u05dc:<\/p>\n\n\n\n<ul class=\"wp-block-list\">\n<li>\u05e7\u05d1\u05dc \u05d0\u05ea \u05d4\u05d4\u05e6\u05e2\u05d5\u05ea \u05e9\u05dc\u05da \u05dc\u05e9\u05d9\u05e4\u05d5\u05e8\u05d9\u05dd;<\/li>\n\n\n\n<li>\u05d4\u05e7\u05e9\u05d9\u05d1\u05d5 \u05dc\u05d1\u05d9\u05e7\u05d5\u05e8\u05ea \u05d4\u05d1\u05d5\u05e0\u05d4 \u05e9\u05dc\u05db\u05dd;<\/li>\n\n\n\n<li>\u05d4\u05d1\u05d4\u05e8\u05ea \u05e1\u05e4\u05e7\u05d5\u05ea \u05dc\u05d2\u05d1\u05d9 \u05d4\u05e9\u05d9\u05e8\u05d5\u05ea\u05d9\u05dd \u05e9\u05dc\u05e0\u05d5;<\/li>\n\n\n\n<li>\u05dc\u05de\u05d9\u05d3\u05e2 \u05e0\u05d5\u05e1\u05e3 \u05e2\u05dc \u05d4\u05d7\u05d5\u05d5\u05d9\u05d4 \u05e9\u05dc\u05da \u05d0\u05d9\u05ea\u05e0\u05d5.<\/li>\n<\/ul>\n\n\n\n<p>\ud83d\udce9 <strong>\u05d0\u05b6\u05dc\u05b6\u05e7\u05d8\u05e8\u05d5\u05b9\u05e0\u05b4\u05d9:<\/strong> <a>contato@gadgetsapps.com<\/a><\/p>\n\n\n\n<p>\u05d4\u05de\u05e9\u05d5\u05d1 \u05e9\u05dc\u05da \u05e0\u05dc\u05e7\u05d7 \u05d1\u05e8\u05e6\u05d9\u05e0\u05d5\u05ea \u05d5\u05e2\u05d5\u05d6\u05e8 \u05dc\u05e0\u05d5 \u05dc\u05d4\u05ea\u05e4\u05ea\u05d7. \u05d0\u05e0\u05d5 \u05de\u05d5\u05d3\u05d9\u05dd \u05dc\u05da \u05e2\u05dc \u05d4\u05d0\u05de\u05d5\u05df \u05d5\u05e2\u05dc \u05d4\u05ea\u05e8\u05d5\u05de\u05d4 \u05dc- <strong>GadgetsApps<\/strong> \u05dc\u05d4\u05de\u05e9\u05d9\u05da \u05dc\u05d4\u05e6\u05d9\u05e2 \u05e4\u05ea\u05e8\u05d5\u05e0\u05d5\u05ea \u05de\u05e6\u05d5\u05d9\u05e0\u05d9\u05dd.<\/p>","protected":false},"excerpt":{"rendered":"<p>Na GadgetsApps, acreditamos que o di\u00e1logo com nossos usu\u00e1rios \u00e9 essencial para o aprimoramento cont\u00ednuo de nossos servi\u00e7os. Este canal foi desenvolvido para receber suas sugest\u00f5es, cr\u00edticas, d\u00favidas ou coment\u00e1rios de maneira \u00e1gil e eficiente. Estamos \u00e0 disposi\u00e7\u00e3o para: \ud83d\udce9 E-mail: contato@gadgetsapps.com Seu feedback \u00e9 tratado com seriedade e nos ajuda a evoluir. Agradecemos pela [&hellip;]<\/p>\n","protected":false},"author":1,"featured_media":0,"parent":0,"menu_order":0,"comment_status":"closed","ping_status":"closed","template":"","meta":{"footnotes":""},"class_list":["post-342","page","type-page","status-publish"],"_links":{"self":[{"href":"https:\/\/appsminds.com\/he\/wp-json\/wp\/v2\/pages\/342","targetHints":{"allow":["GET"]}}],"collection":[{"href":"https:\/\/appsminds.com\/he\/wp-json\/wp\/v2\/pages"}],"about":[{"href":"https:\/\/appsminds.com\/he\/wp-json\/wp\/v2\/types\/page"}],"author":[{"embeddable":true,"href":"https:\/\/appsminds.com\/he\/wp-json\/wp\/v2\/users\/1"}],"replies":[{"embeddable":true,"href":"https:\/\/appsminds.com\/he\/wp-json\/wp\/v2\/comments?post=342"}],"version-history":[{"count":3,"href":"https:\/\/appsminds.com\/he\/wp-json\/wp\/v2\/pages\/342\/revisions"}],"predecessor-version":[{"id":525,"href":"https:\/\/appsminds.com\/he\/wp-json\/wp\/v2\/pages\/342\/revisions\/525"}],"wp:attachment":[{"href":"https:\/\/appsminds.com\/he\/wp-json\/wp\/v2\/media?parent=342"}],"curies":[{"name":"wp","href":"https:\/\/api.w.org\/{rel}","templated":true}]}}