{"id":342,"date":"2025-01-13T17:55:20","date_gmt":"2025-01-13T17:55:20","guid":{"rendered":"https:\/\/appsminds.com\/?page_id=342"},"modified":"2025-01-13T21:58:10","modified_gmt":"2025-01-13T21:58:10","slug":"contact","status":"publish","type":"page","link":"https:\/\/appsminds.com\/fr_eu\/contato\/","title":{"rendered":"Contact"},"content":{"rendered":"<p>Dans le <strong>GadgetsApplications<\/strong>, nous pensons que le dialogue avec nos utilisateurs est essentiel pour l&#039;am\u00e9lioration continue de nos services. Cette cha\u00eene a \u00e9t\u00e9 d\u00e9velopp\u00e9e pour recevoir vos suggestions, critiques, questions ou commentaires de mani\u00e8re agile et efficace.<\/p>\n\n\n\n<p>Nous sommes disponibles pour :<\/p>\n\n\n\n<ul class=\"wp-block-list\">\n<li>Recevez vos suggestions d\u2019am\u00e9liorations ;<\/li>\n\n\n\n<li>\u00c9coutez vos critiques constructives ;<\/li>\n\n\n\n<li>Clarifier les doutes sur nos services ;<\/li>\n\n\n\n<li>Apprenez-en davantage sur votre exp\u00e9rience avec nous.<\/li>\n<\/ul>\n\n\n\n<p>\ud83d\udce9 <strong>E-mail:<\/strong> <a>contato@gadgetsapps.com<\/a><\/p>\n\n\n\n<p>Vos commentaires sont pris au s\u00e9rieux et nous aident \u00e0 \u00e9voluer. Nous vous remercions de votre confiance et de votre contribution \u00e0 la <strong>GadgetsApplications<\/strong> continuer \u00e0 proposer d&#039;excellentes solutions.<\/p>","protected":false},"excerpt":{"rendered":"<p>Na GadgetsApps, acreditamos que o di\u00e1logo com nossos usu\u00e1rios \u00e9 essencial para o aprimoramento cont\u00ednuo de nossos servi\u00e7os. Este canal foi desenvolvido para receber suas sugest\u00f5es, cr\u00edticas, d\u00favidas ou coment\u00e1rios de maneira \u00e1gil e eficiente. Estamos \u00e0 disposi\u00e7\u00e3o para: \ud83d\udce9 E-mail: contato@gadgetsapps.com Seu feedback \u00e9 tratado com seriedade e nos ajuda a evoluir. Agradecemos pela [&hellip;]<\/p>\n","protected":false},"author":1,"featured_media":0,"parent":0,"menu_order":0,"comment_status":"closed","ping_status":"closed","template":"","meta":{"footnotes":""},"class_list":["post-342","page","type-page","status-publish"],"_links":{"self":[{"href":"https:\/\/appsminds.com\/fr_eu\/wp-json\/wp\/v2\/pages\/342","targetHints":{"allow":["GET"]}}],"collection":[{"href":"https:\/\/appsminds.com\/fr_eu\/wp-json\/wp\/v2\/pages"}],"about":[{"href":"https:\/\/appsminds.com\/fr_eu\/wp-json\/wp\/v2\/types\/page"}],"author":[{"embeddable":true,"href":"https:\/\/appsminds.com\/fr_eu\/wp-json\/wp\/v2\/users\/1"}],"replies":[{"embeddable":true,"href":"https:\/\/appsminds.com\/fr_eu\/wp-json\/wp\/v2\/comments?post=342"}],"version-history":[{"count":3,"href":"https:\/\/appsminds.com\/fr_eu\/wp-json\/wp\/v2\/pages\/342\/revisions"}],"predecessor-version":[{"id":525,"href":"https:\/\/appsminds.com\/fr_eu\/wp-json\/wp\/v2\/pages\/342\/revisions\/525"}],"wp:attachment":[{"href":"https:\/\/appsminds.com\/fr_eu\/wp-json\/wp\/v2\/media?parent=342"}],"curies":[{"name":"wp","href":"https:\/\/api.w.org\/{rel}","templated":true}]}}