{"id":340,"date":"2025-01-13T17:55:11","date_gmt":"2025-01-13T17:55:11","guid":{"rendered":"https:\/\/appsminds.com\/?page_id=340"},"modified":"2025-01-13T21:49:26","modified_gmt":"2025-01-13T21:49:26","slug":"conditions-dutilisation","status":"publish","type":"page","link":"https:\/\/appsminds.com\/fr_eu\/termos-de-uso\/","title":{"rendered":"Conditions d&#039;utilisation"},"content":{"rendered":"<p>En acc\u00e9dant au site Web GadgetApps, vous acceptez ces conditions d&#039;utilisation, ainsi que toutes les lois et r\u00e9glementations pertinentes, et reconnaissez que vous \u00eates responsable du respect des lois locales applicables. Si vous n\u2019\u00eates pas d\u2019accord avec ces conditions, il vous est interdit d\u2019acc\u00e9der au site Web ou de l\u2019utiliser. Le contenu de ce site Web est prot\u00e9g\u00e9 par les lois en vigueur sur la propri\u00e9t\u00e9 intellectuelle et les marques.<\/p>\n\n\n\n<p><strong>Octroi de licence<\/strong><br>GadgetApps vous accorde le droit de t\u00e9l\u00e9charger temporairement une copie du mat\u00e9riel disponible sur le site Web (informations ou logiciels) pour une visualisation personnelle et non commerciale uniquement. Cette concession est un droit d\u2019usage et non de propri\u00e9t\u00e9. Vous ne devez pas : modifier ou copier les documents ;<\/p>\n\n\n\n<p>Utiliser les mat\u00e9riaux \u00e0 des fins commerciales ou pour un affichage public (commercial ou autre) ;<\/p>\n\n\n\n<p>Tenter de proc\u00e9der \u00e0 une ing\u00e9nierie inverse ou de d\u00e9compiler tout logiciel trouv\u00e9 sur le site Web GadgetApps\u00a0;<\/p>\n\n\n\n<p>Supprimez tous les avis de droits d\u2019auteur ou autres avis de propri\u00e9t\u00e9 des documents\u00a0;<\/p>\n\n\n\n<p>Transf\u00e9rer les documents \u00e0 une autre personne ou dupliquer les documents sur un autre serveur.<\/p>\n\n\n\n<p>Cette licence sera automatiquement r\u00e9sili\u00e9e si vous violez l&#039;une de ces restrictions et peut \u00eatre r\u00e9sili\u00e9e par GadgetApps \u00e0 tout moment. \u00c0 la fin de la consultation des documents ou \u00e0 la r\u00e9siliation de cette licence, vous devez supprimer tous les documents t\u00e9l\u00e9charg\u00e9s, qu&#039;ils soient au format \u00e9lectronique ou imprim\u00e9.<\/p>\n\n\n\n<p><strong>Clause de non-responsabilit\u00e9<\/strong><br>Les \u00e9l\u00e9ments du site Web GadgetApps sont fournis \u00ab tels quels \u00bb. GadgetApps ne donne aucune garantie, expresse ou implicite, et nie toutes les autres garanties, y compris, sans limitation, les garanties implicites de qualit\u00e9 marchande, d&#039;ad\u00e9quation \u00e0 un usage particulier ou de non-violation des droits de propri\u00e9t\u00e9 intellectuelle.<\/p>\n\n\n\n<p><strong>Limitations de responsabilit\u00e9<\/strong><br>En aucun cas, GadgetApps ou ses fournisseurs ne pourront \u00eatre tenus responsables des dommages r\u00e9sultant de l&#039;utilisation ou de l&#039;impossibilit\u00e9 d&#039;utiliser les \u00e9l\u00e9ments de GadgetApps, m\u00eame s&#039;ils sont inform\u00e9s de la possibilit\u00e9 de tels dommages. Si les lois locales n\u2019autorisent pas l\u2019exclusion de certaines garanties ou la limitation de responsabilit\u00e9 pour les dommages indirects, ces exclusions et limitations peuvent ne pas s\u2019appliquer \u00e0 vous.<\/p>\n\n\n\n<p><strong>Pr\u00e9cision des mat\u00e9riaux<\/strong><br>Les \u00e9l\u00e9ments affich\u00e9s sur le site Web GadgetApps peuvent contenir des erreurs techniques, typographiques ou photographiques. GadgetApps ne garantit pas l&#039;exactitude, l&#039;exhaustivit\u00e9 ou l&#039;actualit\u00e9 des \u00e9l\u00e9ments de son site Web et peut les modifier \u00e0 tout moment sans pr\u00e9avis, mais ne s&#039;engage pas \u00e0 mettre \u00e0 jour les \u00e9l\u00e9ments.<\/p>\n\n\n\n<p><strong>Links<\/strong><br>GadgetApps n&#039;a pas examin\u00e9 tous les sites li\u00e9s \u00e0 son site Web et n&#039;est pas responsable du contenu de tout site externe. L&#039;inclusion de tout lien n&#039;implique pas l&#039;approbation par GadgetApps du site. L&#039;utilisation des sites li\u00e9s se fait aux risques et p\u00e9rils de l&#039;utilisateur.<\/p>\n\n\n\n<p><strong>Modifications des conditions<\/strong><br>GadgetApps peut modifier ces conditions d&#039;utilisation \u00e0 tout moment sans pr\u00e9avis. En utilisant ce site Web, vous acceptez d\u2019\u00eatre li\u00e9 par la version la plus r\u00e9cente de ces conditions d\u2019utilisation.<\/p>\n\n\n\n<p><strong>Loi applicable<\/strong><br>Ces termes et conditions sont r\u00e9gis par les lois de GadgetApps, et vous consentez irr\u00e9vocablement \u00e0 la juridiction exclusive des tribunaux de cet endroit.<\/p>\n\n\n\n<p><\/p>","protected":false},"excerpt":{"rendered":"<p>Ao entrar no site GadgetApps, voc\u00ea aceita estes termos de uso, bem como todas as leis e regulamenta\u00e7\u00f5es relevantes, e reconhece que tem a responsabilidade de observar as leis locais aplic\u00e1veis. Caso n\u00e3o concorde com estes termos, voc\u00ea est\u00e1 proibido de acessar ou utilizar o site. Os conte\u00fados presentes neste website est\u00e3o protegidos pelas leis [&hellip;]<\/p>\n","protected":false},"author":1,"featured_media":0,"parent":0,"menu_order":0,"comment_status":"closed","ping_status":"closed","template":"","meta":{"footnotes":""},"class_list":["post-340","page","type-page","status-publish"],"_links":{"self":[{"href":"https:\/\/appsminds.com\/fr_eu\/wp-json\/wp\/v2\/pages\/340","targetHints":{"allow":["GET"]}}],"collection":[{"href":"https:\/\/appsminds.com\/fr_eu\/wp-json\/wp\/v2\/pages"}],"about":[{"href":"https:\/\/appsminds.com\/fr_eu\/wp-json\/wp\/v2\/types\/page"}],"author":[{"embeddable":true,"href":"https:\/\/appsminds.com\/fr_eu\/wp-json\/wp\/v2\/users\/1"}],"replies":[{"embeddable":true,"href":"https:\/\/appsminds.com\/fr_eu\/wp-json\/wp\/v2\/comments?post=340"}],"version-history":[{"count":2,"href":"https:\/\/appsminds.com\/fr_eu\/wp-json\/wp\/v2\/pages\/340\/revisions"}],"predecessor-version":[{"id":522,"href":"https:\/\/appsminds.com\/fr_eu\/wp-json\/wp\/v2\/pages\/340\/revisions\/522"}],"wp:attachment":[{"href":"https:\/\/appsminds.com\/fr_eu\/wp-json\/wp\/v2\/media?parent=340"}],"curies":[{"name":"wp","href":"https:\/\/api.w.org\/{rel}","templated":true}]}}