{"id":338,"date":"2025-01-13T17:55:02","date_gmt":"2025-01-13T17:55:02","guid":{"rendered":"https:\/\/appsminds.com\/?page_id=338"},"modified":"2025-01-13T21:46:34","modified_gmt":"2025-01-13T21:46:34","slug":"politique-de-confidentialite","status":"publish","type":"page","link":"https:\/\/appsminds.com\/fr_ca\/politica-de-privacidade\/","title":{"rendered":"politique de confidentialit\u00e9"},"content":{"rendered":"<p>Votre vie priv\u00e9e est d\u2019une grande importance pour nous. GadgetApps s&#039;engage \u00e0 prot\u00e9ger votre vie priv\u00e9e pendant que vous utilisez notre site Web, ainsi que d&#039;autres sites Web que nous exploitons. Nous collectons vos informations personnelles uniquement lorsque cela est n\u00e9cessaire pour vous fournir un service, et toujours en utilisant des m\u00e9thodes justes et transparentes, avec votre connaissance et votre consentement. Nous clarifions \u00e9galement les raisons de la collecte et la mani\u00e8re dont ces informations seront utilis\u00e9es.<\/p>\n\n\n\n<p>Les informations collect\u00e9es ne sont conserv\u00e9es que le temps n\u00e9cessaire \u00e0 la fourniture du service demand\u00e9. Nous stockons vos donn\u00e9es prot\u00e9g\u00e9es par des mesures de s\u00e9curit\u00e9 commercialement raisonnables pour emp\u00eacher la perte, le vol, ainsi que l&#039;acc\u00e8s, la divulgation, la copie, l&#039;utilisation ou la modification non autoris\u00e9s. Nous ne divulguons pas d\u2019informations personnelles publiquement ou \u00e0 des tiers, sauf si la loi nous y oblige.<\/p>\n\n\n\n<p>Notre site Web peut contenir des liens vers des sites Web externes qui ne sont pas g\u00e9r\u00e9s par nous. Veuillez noter que nous ne contr\u00f4lons pas ces sites Web externes et ne sommes pas responsables de leurs politiques de confidentialit\u00e9. Vous pouvez choisir de ne pas fournir vos informations personnelles, mais cela peut nous emp\u00eacher de vous fournir certains des services que vous souhaitez. Votre utilisation continue de notre site Web sera consid\u00e9r\u00e9e comme une acceptation de nos pratiques en mati\u00e8re de confidentialit\u00e9 et d\u2019informations personnelles. Si vous avez des questions sur la mani\u00e8re dont nous g\u00e9rons les donn\u00e9es des utilisateurs et les informations personnelles, n&#039;h\u00e9sitez pas \u00e0 nous contacter.<\/p>\n\n\n\n<p><strong>Politique relative aux cookies de GadgetApps<\/strong><\/p>\n\n\n\n<p><strong>Que sont les cookies ?<\/strong><br>Comme c&#039;est le cas sur presque tous les sites Web professionnels, notre site utilise des cookies, qui sont de minuscules fichiers t\u00e9l\u00e9charg\u00e9s sur votre appareil, pour am\u00e9liorer votre exp\u00e9rience en ligne. Cette section explique quelles informations ils collectent, comment nous les utilisons et pourquoi il est parfois n\u00e9cessaire de stocker ces cookies. Nous vous expliquerons \u00e9galement comment vous pouvez bloquer l&#039;installation de cookies, m\u00eame si cela peut compromettre la fonctionnalit\u00e9 du site Web.<\/p>\n\n\n\n<p><strong>Utilisation des cookies<\/strong><br>Nous utilisons des cookies pour diverses raisons, comme d\u00e9crit ci-dessous. Dans la plupart des cas, il n\u2019existe pas d\u2019options standard du secteur permettant de d\u00e9sactiver les cookies sans compromettre les fonctionnalit\u00e9s fournies au site. Il est recommand\u00e9 de ne pas d\u00e9sactiver les cookies si vous n&#039;\u00eates pas s\u00fbr d&#039;en avoir besoin, car ils peuvent \u00eatre n\u00e9cessaires pour fournir les services que vous utilisez.<\/p>\n\n\n\n<p><strong>D\u00e9sactiver les cookies<\/strong><br>Vous pouvez emp\u00eacher l&#039;installation de cookies en modifiant les param\u00e8tres de votre navigateur. Veuillez consulter l&#039;aide de votre navigateur pour obtenir des instructions sur la mani\u00e8re de proc\u00e9der. Veuillez noter que la d\u00e9sactivation des cookies affectera la fonctionnalit\u00e9 de ce site Web et des autres sites Web que vous visitez. La d\u00e9sactivation des cookies signifie g\u00e9n\u00e9ralement la perte de certaines fonctionnalit\u00e9s et caract\u00e9ristiques du site Web, il est donc conseill\u00e9 de ne pas les d\u00e9sactiver.<\/p>\n\n\n\n<p><strong>Cookies que nous utilisons<\/strong><\/p>\n\n\n\n<ul class=\"wp-block-list\">\n<li><strong>Cookies de compte :<\/strong>\u00a0Si vous cr\u00e9ez un compte chez nous, nous utiliserons des cookies pour la gestion du processus d&#039;inscription et l&#039;administration g\u00e9n\u00e9rale. Ces cookies seront g\u00e9n\u00e9ralement supprim\u00e9s lorsque vous vous d\u00e9connectez, bien qu&#039;ils puissent rester par la suite pour conserver vos pr\u00e9f\u00e9rences de site apr\u00e8s votre d\u00e9connexion.<\/li>\n\n\n\n<li><strong>Cookies de connexion :<\/strong>\u00a0Lorsque vous \u00eates connect\u00e9, nous utilisons des cookies pour m\u00e9moriser votre session. Cela vous \u00e9vite de devoir vous connecter \u00e0 plusieurs reprises lorsque vous visitez diff\u00e9rentes pages. Ces cookies sont supprim\u00e9s ou effac\u00e9s lorsque vous vous d\u00e9connectez pour garantir que vous n&#039;avez acc\u00e8s qu&#039;aux fonctionnalit\u00e9s et zones restreintes lorsque vous \u00eates connect\u00e9.<\/li>\n\n\n\n<li><strong>Cookies de la newsletter :<\/strong>\u00a0Si le site propose des services d&#039;abonnement \u00e0 des newsletters ou \u00e0 des e-mails, des cookies peuvent \u00eatre utilis\u00e9s pour m\u00e9moriser si vous \u00eates inscrit et si certaines notifications qui pourraient n&#039;\u00eatre valables que pour les utilisateurs abonn\u00e9s ou d\u00e9sabonn\u00e9s doivent \u00eatre affich\u00e9es.<\/li>\n<\/ul>","protected":false},"excerpt":{"rendered":"<p>A sua privacidade \u00e9 de grande import\u00e2ncia para n\u00f3s. A GadgetApps se compromete a proteger a sua privacidade enquanto voc\u00ea utiliza nosso site, bem como outros sites que administramos. Coletamos suas informa\u00e7\u00f5es pessoais apenas quando necess\u00e1rio para fornecer um servi\u00e7o a voc\u00ea, e sempre com m\u00e9todos justos e transparentes, com seu conhecimento e consentimento. Tamb\u00e9m [&hellip;]<\/p>\n","protected":false},"author":1,"featured_media":0,"parent":0,"menu_order":0,"comment_status":"closed","ping_status":"closed","template":"","meta":{"footnotes":""},"class_list":["post-338","page","type-page","status-publish"],"_links":{"self":[{"href":"https:\/\/appsminds.com\/fr_ca\/wp-json\/wp\/v2\/pages\/338","targetHints":{"allow":["GET"]}}],"collection":[{"href":"https:\/\/appsminds.com\/fr_ca\/wp-json\/wp\/v2\/pages"}],"about":[{"href":"https:\/\/appsminds.com\/fr_ca\/wp-json\/wp\/v2\/types\/page"}],"author":[{"embeddable":true,"href":"https:\/\/appsminds.com\/fr_ca\/wp-json\/wp\/v2\/users\/1"}],"replies":[{"embeddable":true,"href":"https:\/\/appsminds.com\/fr_ca\/wp-json\/wp\/v2\/comments?post=338"}],"version-history":[{"count":2,"href":"https:\/\/appsminds.com\/fr_ca\/wp-json\/wp\/v2\/pages\/338\/revisions"}],"predecessor-version":[{"id":520,"href":"https:\/\/appsminds.com\/fr_ca\/wp-json\/wp\/v2\/pages\/338\/revisions\/520"}],"wp:attachment":[{"href":"https:\/\/appsminds.com\/fr_ca\/wp-json\/wp\/v2\/media?parent=338"}],"curies":[{"name":"wp","href":"https:\/\/api.w.org\/{rel}","templated":true}]}}