{"id":340,"date":"2025-01-13T17:55:11","date_gmt":"2025-01-13T17:55:11","guid":{"rendered":"https:\/\/appsminds.com\/?page_id=340"},"modified":"2025-01-13T21:49:26","modified_gmt":"2025-01-13T21:49:26","slug":"condiciones-de-uso","status":"publish","type":"page","link":"https:\/\/appsminds.com\/es_mx\/termos-de-uso\/","title":{"rendered":"Condiciones de uso"},"content":{"rendered":"<p>Al acceder al sitio web de GadgetApps, usted acepta estos t\u00e9rminos de uso, as\u00ed como todas las leyes y regulaciones pertinentes, y reconoce que es responsable de observar las leyes locales aplicables. Si no est\u00e1 de acuerdo con estos t\u00e9rminos, se le proh\u00edbe acceder o utilizar el sitio web. Los contenidos de este sitio web est\u00e1n protegidos por las leyes vigentes de propiedad intelectual y marca.<\/p>\n\n\n\n<p><strong>Concesi\u00f3n de licencia<\/strong><br>GadgetApps le otorga el derecho a descargar temporalmente una copia de los materiales disponibles en el sitio web (informaci\u00f3n o software) \u00fanicamente para visualizaci\u00f3n personal y no comercial. Esta concesi\u00f3n es un derecho de uso, no de propiedad. No debe: Alterar o copiar los materiales;<\/p>\n\n\n\n<p>Utilizar los materiales con fines comerciales o para exhibici\u00f3n p\u00fablica (comercial o de otro tipo);<\/p>\n\n\n\n<p>Intentar realizar ingenier\u00eda inversa o descompilar cualquier software que se encuentre en el sitio web de GadgetApps;<\/p>\n\n\n\n<p>Eliminar cualquier aviso de derechos de autor u otros avisos de propiedad de los materiales;<\/p>\n\n\n\n<p>Reenviar los materiales a otra persona o duplicar los materiales en otro servidor.<\/p>\n\n\n\n<p>Esta licencia finalizar\u00e1 autom\u00e1ticamente si usted viola cualquiera de estas restricciones y GadgetApps podr\u00e1 rescindirla en cualquier momento. Al finalizar la visualizaci\u00f3n de los materiales o al finalizar esta licencia, deber\u00e1 eliminar todos los materiales descargados, ya sea en formato electr\u00f3nico o impreso.<\/p>\n\n\n\n<p><strong>Descargo de responsabilidad<\/strong><br>Los materiales del sitio web GadgetApps se proporcionan &quot;tal cual&quot;. GadgetApps no ofrece garant\u00edas, expresas o impl\u00edcitas, y niega todas las dem\u00e1s garant\u00edas, incluidas, entre otras, las garant\u00edas impl\u00edcitas de comerciabilidad, idoneidad para un prop\u00f3sito particular o no infracci\u00f3n de los derechos de propiedad intelectual.<\/p>\n\n\n\n<p><strong>Limitaciones de responsabilidad<\/strong><br>En ning\u00fan caso GadgetApps o sus proveedores ser\u00e1n responsables de ning\u00fan da\u00f1o que surja del uso o la imposibilidad de usar los materiales de GadgetApps, incluso si se les advierte de la posibilidad de dichos da\u00f1os. Si las leyes locales no permiten la exclusi\u00f3n de ciertas garant\u00edas o la limitaci\u00f3n de responsabilidad por da\u00f1os consecuentes, estas exclusiones y limitaciones pueden no aplicarse en su caso.<\/p>\n\n\n\n<p><strong>Precisi\u00f3n de los materiales<\/strong><br>Los materiales mostrados en el sitio web de GadgetApps pueden contener errores t\u00e9cnicos, tipogr\u00e1ficos o fotogr\u00e1ficos. GadgetApps no garantiza la exactitud, integridad o actualidad de los materiales de su sitio web y puede cambiarlos en cualquier momento sin previo aviso, pero no se compromete a actualizarlos.<\/p>\n\n\n\n<p><strong>Campo de golf<\/strong><br>GadgetApps no ha revisado todos los sitios vinculados a su sitio web y no es responsable del contenido de ning\u00fan sitio externo. La inclusi\u00f3n de cualquier enlace no implica la aprobaci\u00f3n por parte de GadgetApps del sitio. El uso de los sitios vinculados se realiza por cuenta y riesgo del usuario.<\/p>\n\n\n\n<p><strong>Modificaciones a los T\u00e9rminos<\/strong><br>GadgetApps puede modificar estos t\u00e9rminos de uso en cualquier momento sin previo aviso. Al utilizar este sitio web, usted acepta estar sujeto a la versi\u00f3n m\u00e1s reciente de estos t\u00e9rminos de uso.<\/p>\n\n\n\n<p><strong>Ley aplicable<\/strong><br>Estos t\u00e9rminos y condiciones se rigen por las leyes de GadgetApps y usted acepta irrevocablemente la jurisdicci\u00f3n exclusiva de los tribunales de esa ubicaci\u00f3n.<\/p>\n\n\n\n<p><\/p>","protected":false},"excerpt":{"rendered":"<p>Ao entrar no site GadgetApps, voc\u00ea aceita estes termos de uso, bem como todas as leis e regulamenta\u00e7\u00f5es relevantes, e reconhece que tem a responsabilidade de observar as leis locais aplic\u00e1veis. Caso n\u00e3o concorde com estes termos, voc\u00ea est\u00e1 proibido de acessar ou utilizar o site. Os conte\u00fados presentes neste website est\u00e3o protegidos pelas leis [&hellip;]<\/p>\n","protected":false},"author":1,"featured_media":0,"parent":0,"menu_order":0,"comment_status":"closed","ping_status":"closed","template":"","meta":{"footnotes":""},"class_list":["post-340","page","type-page","status-publish"],"_links":{"self":[{"href":"https:\/\/appsminds.com\/es_mx\/wp-json\/wp\/v2\/pages\/340","targetHints":{"allow":["GET"]}}],"collection":[{"href":"https:\/\/appsminds.com\/es_mx\/wp-json\/wp\/v2\/pages"}],"about":[{"href":"https:\/\/appsminds.com\/es_mx\/wp-json\/wp\/v2\/types\/page"}],"author":[{"embeddable":true,"href":"https:\/\/appsminds.com\/es_mx\/wp-json\/wp\/v2\/users\/1"}],"replies":[{"embeddable":true,"href":"https:\/\/appsminds.com\/es_mx\/wp-json\/wp\/v2\/comments?post=340"}],"version-history":[{"count":2,"href":"https:\/\/appsminds.com\/es_mx\/wp-json\/wp\/v2\/pages\/340\/revisions"}],"predecessor-version":[{"id":522,"href":"https:\/\/appsminds.com\/es_mx\/wp-json\/wp\/v2\/pages\/340\/revisions\/522"}],"wp:attachment":[{"href":"https:\/\/appsminds.com\/es_mx\/wp-json\/wp\/v2\/media?parent=340"}],"curies":[{"name":"wp","href":"https:\/\/api.w.org\/{rel}","templated":true}]}}