{"id":342,"date":"2025-01-13T17:55:20","date_gmt":"2025-01-13T17:55:20","guid":{"rendered":"https:\/\/appsminds.com\/?page_id=342"},"modified":"2025-01-13T21:58:10","modified_gmt":"2025-01-13T21:58:10","slug":"contacto","status":"publish","type":"page","link":"https:\/\/appsminds.com\/es_cl\/contato\/","title":{"rendered":"Contacto"},"content":{"rendered":"<p>En el <strong>GadgetsAplicaciones<\/strong>Creemos que el di\u00e1logo con nuestros usuarios es esencial para la mejora continua de nuestros servicios. Este canal fue desarrollado para recibir tus sugerencias, cr\u00edticas, dudas o comentarios de forma \u00e1gil y eficiente.<\/p>\n\n\n\n<p>Estamos disponibles para:<\/p>\n\n\n\n<ul class=\"wp-block-list\">\n<li>Reciba sus sugerencias de mejora;<\/li>\n\n\n\n<li>Escuche sus cr\u00edticas constructivas;<\/li>\n\n\n\n<li>Aclarar dudas sobre nuestros servicios;<\/li>\n\n\n\n<li>Conozca m\u00e1s sobre su experiencia con nosotros.<\/li>\n<\/ul>\n\n\n\n<p>\ud83d\udce9 <strong>Correo electr\u00f3nico:<\/strong> <a>contato@gadgetsapps.com<\/a><\/p>\n\n\n\n<p>Sus comentarios se toman en serio y nos ayudan a evolucionar. Le agradecemos su confianza y su contribuci\u00f3n al \u00e9xito. <strong>GadgetsAplicaciones<\/strong> Seguimos ofreciendo excelentes soluciones.<\/p>","protected":false},"excerpt":{"rendered":"<p>Na GadgetsApps, acreditamos que o di\u00e1logo com nossos usu\u00e1rios \u00e9 essencial para o aprimoramento cont\u00ednuo de nossos servi\u00e7os. Este canal foi desenvolvido para receber suas sugest\u00f5es, cr\u00edticas, d\u00favidas ou coment\u00e1rios de maneira \u00e1gil e eficiente. Estamos \u00e0 disposi\u00e7\u00e3o para: \ud83d\udce9 E-mail: contato@gadgetsapps.com Seu feedback \u00e9 tratado com seriedade e nos ajuda a evoluir. Agradecemos pela [&hellip;]<\/p>\n","protected":false},"author":1,"featured_media":0,"parent":0,"menu_order":0,"comment_status":"closed","ping_status":"closed","template":"","meta":{"footnotes":""},"class_list":["post-342","page","type-page","status-publish"],"_links":{"self":[{"href":"https:\/\/appsminds.com\/es_cl\/wp-json\/wp\/v2\/pages\/342","targetHints":{"allow":["GET"]}}],"collection":[{"href":"https:\/\/appsminds.com\/es_cl\/wp-json\/wp\/v2\/pages"}],"about":[{"href":"https:\/\/appsminds.com\/es_cl\/wp-json\/wp\/v2\/types\/page"}],"author":[{"embeddable":true,"href":"https:\/\/appsminds.com\/es_cl\/wp-json\/wp\/v2\/users\/1"}],"replies":[{"embeddable":true,"href":"https:\/\/appsminds.com\/es_cl\/wp-json\/wp\/v2\/comments?post=342"}],"version-history":[{"count":3,"href":"https:\/\/appsminds.com\/es_cl\/wp-json\/wp\/v2\/pages\/342\/revisions"}],"predecessor-version":[{"id":525,"href":"https:\/\/appsminds.com\/es_cl\/wp-json\/wp\/v2\/pages\/342\/revisions\/525"}],"wp:attachment":[{"href":"https:\/\/appsminds.com\/es_cl\/wp-json\/wp\/v2\/media?parent=342"}],"curies":[{"name":"wp","href":"https:\/\/api.w.org\/{rel}","templated":true}]}}