{"id":338,"date":"2025-01-13T17:55:02","date_gmt":"2025-01-13T17:55:02","guid":{"rendered":"https:\/\/appsminds.com\/?page_id=338"},"modified":"2025-01-13T21:46:34","modified_gmt":"2025-01-13T21:46:34","slug":"politica-de-privacidad","status":"publish","type":"page","link":"https:\/\/appsminds.com\/es_ar\/politica-de-privacidade\/","title":{"rendered":"pol\u00edtica de privacidad"},"content":{"rendered":"<p>Su privacidad es de gran importancia para nosotros. GadgetApps se compromete a proteger su privacidad mientras utiliza nuestro sitio web, as\u00ed como otros sitios web que operamos. Recopilamos su informaci\u00f3n personal s\u00f3lo cuando es necesario para brindarle un servicio, y siempre utilizando m\u00e9todos justos y transparentes, con su conocimiento y consentimiento. Tambi\u00e9n aclaramos los motivos de la recogida y c\u00f3mo se utilizar\u00e1 dicha informaci\u00f3n.<\/p>\n\n\n\n<p>La informaci\u00f3n recopilada se conserva s\u00f3lo durante el tiempo necesario para prestar el servicio solicitado. Almacenamos sus datos protegidos por medidas de seguridad comercialmente razonables para evitar p\u00e9rdida, robo, as\u00ed como acceso, divulgaci\u00f3n, copia, uso o modificaci\u00f3n no autorizados. No divulgamos informaci\u00f3n personal p\u00fablicamente ni a terceros a menos que la ley lo exija.<\/p>\n\n\n\n<p>Nuestro sitio web puede contener enlaces a sitios web externos que no son administrados por nosotros. Tenga en cuenta que no controlamos estos sitios web externos y no somos responsables de sus pol\u00edticas de privacidad. Puede optar por no proporcionar su informaci\u00f3n personal, pero esto puede impedirnos brindarle algunos de los servicios que desea. Su uso continuo de nuestro sitio web se considerar\u00e1 como aceptaci\u00f3n de nuestras pr\u00e1cticas en torno a la privacidad e informaci\u00f3n personal. Si tiene alguna pregunta sobre c\u00f3mo gestionamos los datos de los usuarios y la informaci\u00f3n personal, no dude en contactarnos.<\/p>\n\n\n\n<p><strong>Pol\u00edtica de cookies de GadgetApps<\/strong><\/p>\n\n\n\n<p><strong>\u00bfQu\u00e9 son las cookies?<\/strong><br>Como es habitual en casi todos los sitios web profesionales, nuestro sitio utiliza cookies, que son peque\u00f1os archivos que se descargan en su dispositivo, para mejorar su experiencia en l\u00ednea. En esta secci\u00f3n explicamos qu\u00e9 informaci\u00f3n recopilan, c\u00f3mo la usamos y por qu\u00e9 a veces es necesario almacenar estas cookies. Tambi\u00e9n te explicaremos c\u00f3mo puedes bloquear la instalaci\u00f3n de cookies, aunque esto podr\u00e1 comprometer la funcionalidad del sitio web.<\/p>\n\n\n\n<p><strong>Uso de Cookies<\/strong><br>Utilizamos cookies por diversas razones, como se describe a continuaci\u00f3n. En la mayor\u00eda de los casos, no existen opciones est\u00e1ndar de la industria para deshabilitar las cookies sin comprometer la funcionalidad proporcionada al sitio. Se recomienda que no desactive las cookies si no est\u00e1 seguro de si las necesita, ya que pueden ser necesarias para proporcionar los servicios que utiliza.<\/p>\n\n\n\n<p><strong>Deshabilitar cookies<\/strong><br>Puede evitar la instalaci\u00f3n de cookies ajustando la configuraci\u00f3n de su navegador. Consulte la Ayuda de su navegador para obtener instrucciones sobre c\u00f3mo hacerlo. Tenga en cuenta que deshabilitar las cookies afectar\u00e1 la funcionalidad de este y otros sitios web que visite. Deshabilitar las cookies normalmente supone perder ciertas funcionalidades y caracter\u00edsticas del sitio web, por lo que es recomendable no desactivarlas.<\/p>\n\n\n\n<p><strong>Cookies que utilizamos<\/strong><\/p>\n\n\n\n<ul class=\"wp-block-list\">\n<li><strong>Cookies de la cuenta:<\/strong>\u00a0Si crea una cuenta con nosotros, utilizaremos cookies para la gesti\u00f3n del proceso de registro y la administraci\u00f3n general. Estas cookies normalmente se eliminar\u00e1n cuando usted cierre la sesi\u00f3n, aunque pueden permanecer despu\u00e9s para mantener sus preferencias del sitio despu\u00e9s de cerrar la sesi\u00f3n.<\/li>\n\n\n\n<li><strong>Cookies de inicio de sesi\u00f3n:<\/strong>\u00a0Cuando inicia sesi\u00f3n, utilizamos cookies para recordar su sesi\u00f3n. Esto le ahorra tener que iniciar sesi\u00f3n repetidamente al visitar diferentes p\u00e1ginas. Estas cookies se eliminan o borran cuando usted cierra la sesi\u00f3n para garantizar que solo tenga acceso a funciones y \u00e1reas restringidas mientras est\u00e9 conectado.<\/li>\n\n\n\n<li><strong>Cookies del bolet\u00edn informativo:<\/strong>\u00a0Si el sitio ofrece servicios de suscripci\u00f3n a boletines informativos o correo electr\u00f3nico, se pueden utilizar cookies para recordar si est\u00e1 registrado y si se deben mostrar ciertas notificaciones que solo pueden ser v\u00e1lidas para usuarios suscritos o no suscritos.<\/li>\n<\/ul>","protected":false},"excerpt":{"rendered":"<p>A sua privacidade \u00e9 de grande import\u00e2ncia para n\u00f3s. A GadgetApps se compromete a proteger a sua privacidade enquanto voc\u00ea utiliza nosso site, bem como outros sites que administramos. Coletamos suas informa\u00e7\u00f5es pessoais apenas quando necess\u00e1rio para fornecer um servi\u00e7o a voc\u00ea, e sempre com m\u00e9todos justos e transparentes, com seu conhecimento e consentimento. Tamb\u00e9m [&hellip;]<\/p>\n","protected":false},"author":1,"featured_media":0,"parent":0,"menu_order":0,"comment_status":"closed","ping_status":"closed","template":"","meta":{"footnotes":""},"class_list":["post-338","page","type-page","status-publish"],"_links":{"self":[{"href":"https:\/\/appsminds.com\/es_ar\/wp-json\/wp\/v2\/pages\/338","targetHints":{"allow":["GET"]}}],"collection":[{"href":"https:\/\/appsminds.com\/es_ar\/wp-json\/wp\/v2\/pages"}],"about":[{"href":"https:\/\/appsminds.com\/es_ar\/wp-json\/wp\/v2\/types\/page"}],"author":[{"embeddable":true,"href":"https:\/\/appsminds.com\/es_ar\/wp-json\/wp\/v2\/users\/1"}],"replies":[{"embeddable":true,"href":"https:\/\/appsminds.com\/es_ar\/wp-json\/wp\/v2\/comments?post=338"}],"version-history":[{"count":2,"href":"https:\/\/appsminds.com\/es_ar\/wp-json\/wp\/v2\/pages\/338\/revisions"}],"predecessor-version":[{"id":520,"href":"https:\/\/appsminds.com\/es_ar\/wp-json\/wp\/v2\/pages\/338\/revisions\/520"}],"wp:attachment":[{"href":"https:\/\/appsminds.com\/es_ar\/wp-json\/wp\/v2\/media?parent=338"}],"curies":[{"name":"wp","href":"https:\/\/api.w.org\/{rel}","templated":true}]}}