{"id":338,"date":"2025-01-13T17:55:02","date_gmt":"2025-01-13T17:55:02","guid":{"rendered":"https:\/\/appsminds.com\/?page_id=338"},"modified":"2025-01-13T21:46:34","modified_gmt":"2025-01-13T21:46:34","slug":"datenschutzrichtlinie","status":"publish","type":"page","link":"https:\/\/appsminds.com\/de\/politica-de-privacidade\/","title":{"rendered":"Datenschutzrichtlinie"},"content":{"rendered":"<p>Ihre Privatsph\u00e4re ist uns sehr wichtig. GadgetApps verpflichtet sich, Ihre Privatsph\u00e4re zu sch\u00fctzen, w\u00e4hrend Sie unsere Website sowie andere von uns verwaltete Websites nutzen. Wir erfassen Ihre personenbezogenen Daten nur, wenn dies zur Erbringung einer Dienstleistung f\u00fcr Sie erforderlich ist, und verwenden dabei stets faire und transparente Methoden sowie Ihr Wissen und Ihre Zustimmung. Wir kl\u00e4ren auch die Gr\u00fcnde f\u00fcr die Erhebung und wie diese Informationen verwendet werden.<\/p>\n\n\n\n<p>Die gesammelten Informationen werden nur so lange aufbewahrt, wie es f\u00fcr die Bereitstellung der angeforderten Dienstleistung erforderlich ist. Wir speichern Ihre Daten gesch\u00fctzt durch wirtschaftlich angemessene Sicherheitsma\u00dfnahmen, um Verlust, Diebstahl sowie unbefugten Zugriff, unbefugte Offenlegung, Vervielf\u00e4ltigung, Verwendung oder \u00c4nderung zu verhindern. Wir geben personenbezogene Daten nicht \u00f6ffentlich oder an Dritte weiter, es sei denn, dies ist gesetzlich vorgeschrieben.<\/p>\n\n\n\n<p>Unsere Website kann Links zu externen Websites enthalten, die nicht von uns verwaltet werden. Bitte beachten Sie, dass wir diese externen Websites nicht kontrollieren und nicht f\u00fcr deren Datenschutzrichtlinien verantwortlich sind. Sie haben die M\u00f6glichkeit, Ihre personenbezogenen Daten nicht anzugeben. Dies kann jedoch dazu f\u00fchren, dass wir einige der von Ihnen gew\u00fcnschten Dienstleistungen nicht erbringen k\u00f6nnen. Ihre fortgesetzte Nutzung unserer Website gilt als Zustimmung zu unseren Datenschutz- und pers\u00f6nlichen Datenpraktiken. Wenn Sie Fragen dazu haben, wie wir Benutzerdaten und pers\u00f6nliche Informationen verwalten, k\u00f6nnen Sie sich gerne an uns wenden.<\/p>\n\n\n\n<p><strong>GadgetApps-Cookie-Richtlinie<\/strong><\/p>\n\n\n\n<p><strong>Was sind Cookies?<\/strong><br>Wie bei fast allen professionellen Websites \u00fcblich, verwendet unsere Website Cookies, kleine Dateien, die auf Ihr Ger\u00e4t heruntergeladen werden, um Ihr Online-Erlebnis zu verbessern. In diesem Abschnitt wird erkl\u00e4rt, welche Informationen sie sammeln, wie wir sie verwenden und warum es manchmal notwendig ist, diese Cookies zu speichern. Wir erkl\u00e4ren Ihnen auch, wie Sie die Installation von Cookies blockieren k\u00f6nnen, obwohl dies die Funktionalit\u00e4t der Website beeintr\u00e4chtigen kann.<\/p>\n\n\n\n<p><strong>Verwendung von Cookies<\/strong><br>Wir verwenden Cookies aus mehreren Gr\u00fcnden, die im Folgenden beschrieben werden. In den meisten F\u00e4llen gibt es keine Standardoptionen zum Deaktivieren von Cookies, ohne die der Website hinzugef\u00fcgten Funktionen zu beeintr\u00e4chtigen. Es wird empfohlen, Cookies nicht zu deaktivieren, wenn Sie nicht sicher sind, ob Sie sie ben\u00f6tigen, da sie m\u00f6glicherweise f\u00fcr die Bereitstellung der von Ihnen genutzten Dienste erforderlich sind.<\/p>\n\n\n\n<p><strong>Cookies deaktivieren<\/strong><br>Sie k\u00f6nnen das Setzen von Cookies verhindern, indem Sie Ihre Browsereinstellungen anpassen. Weitere Informationen dazu finden Sie in der Hilfe Ihres Browsers. Bitte beachten Sie, dass die Deaktivierung von Cookies die Funktionalit\u00e4t dieser und anderer von Ihnen besuchter Websites beeintr\u00e4chtigt. Das Deaktivieren von Cookies f\u00fchrt im Allgemeinen zum Verlust bestimmter Funktionalit\u00e4ten und Features der Website, daher ist es ratsam, sie nicht zu deaktivieren.<\/p>\n\n\n\n<p><strong>Von uns verwendete Cookies<\/strong><\/p>\n\n\n\n<ul class=\"wp-block-list\">\n<li><strong>Konto-Cookies:<\/strong>\u00a0Wenn Sie ein Konto bei uns erstellen, verwenden wir Cookies, um den Registrierungsprozess und die allgemeine Verwaltung zu verwalten. Diese Cookies werden in der Regel gel\u00f6scht, wenn Sie sich abmelden. Sie k\u00f6nnen jedoch auch danach bestehen bleiben, um Ihre Website-Einstellungen nach der Abmeldung beizubehalten.<\/li>\n\n\n\n<li><strong>Anmelde-Cookies:<\/strong>\u00a0Wenn Sie eingeloggt sind, verwenden wir Cookies, um Ihre Sitzung zu speichern. Dies erspart Ihnen die wiederholte Anmeldung beim Besuch verschiedener Seiten. Diese Cookies werden entfernt oder gel\u00f6scht, wenn Sie sich abmelden, um sicherzustellen, dass Sie w\u00e4hrend der Anmeldung nur Zugriff auf eingeschr\u00e4nkte Funktionen und Bereiche haben.<\/li>\n\n\n\n<li><strong>Newsletter-Cookies:<\/strong>\u00a0Wenn die Website Newsletter- oder E-Mail-Abonnementdienste anbietet, k\u00f6nnen Cookies verwendet werden, um zu speichern, ob Sie registriert sind und ob bestimmte Benachrichtigungen, die nur f\u00fcr abonnierte oder nicht abonnierte Benutzer g\u00fcltig sind, angezeigt werden sollen.<\/li>\n<\/ul>","protected":false},"excerpt":{"rendered":"<p>A sua privacidade \u00e9 de grande import\u00e2ncia para n\u00f3s. A GadgetApps se compromete a proteger a sua privacidade enquanto voc\u00ea utiliza nosso site, bem como outros sites que administramos. Coletamos suas informa\u00e7\u00f5es pessoais apenas quando necess\u00e1rio para fornecer um servi\u00e7o a voc\u00ea, e sempre com m\u00e9todos justos e transparentes, com seu conhecimento e consentimento. Tamb\u00e9m [&hellip;]<\/p>\n","protected":false},"author":1,"featured_media":0,"parent":0,"menu_order":0,"comment_status":"closed","ping_status":"closed","template":"","meta":{"footnotes":""},"class_list":["post-338","page","type-page","status-publish"],"_links":{"self":[{"href":"https:\/\/appsminds.com\/de\/wp-json\/wp\/v2\/pages\/338","targetHints":{"allow":["GET"]}}],"collection":[{"href":"https:\/\/appsminds.com\/de\/wp-json\/wp\/v2\/pages"}],"about":[{"href":"https:\/\/appsminds.com\/de\/wp-json\/wp\/v2\/types\/page"}],"author":[{"embeddable":true,"href":"https:\/\/appsminds.com\/de\/wp-json\/wp\/v2\/users\/1"}],"replies":[{"embeddable":true,"href":"https:\/\/appsminds.com\/de\/wp-json\/wp\/v2\/comments?post=338"}],"version-history":[{"count":2,"href":"https:\/\/appsminds.com\/de\/wp-json\/wp\/v2\/pages\/338\/revisions"}],"predecessor-version":[{"id":520,"href":"https:\/\/appsminds.com\/de\/wp-json\/wp\/v2\/pages\/338\/revisions\/520"}],"wp:attachment":[{"href":"https:\/\/appsminds.com\/de\/wp-json\/wp\/v2\/media?parent=338"}],"curies":[{"name":"wp","href":"https:\/\/api.w.org\/{rel}","templated":true}]}}