{"id":342,"date":"2025-01-13T17:55:20","date_gmt":"2025-01-13T17:55:20","guid":{"rendered":"https:\/\/appsminds.com\/?page_id=342"},"modified":"2025-01-13T21:58:10","modified_gmt":"2025-01-13T21:58:10","slug":"kontakt","status":"publish","type":"page","link":"https:\/\/appsminds.com\/cs\/contato\/","title":{"rendered":"Kontakt"},"content":{"rendered":"<p>V <strong>GadgetsApps<\/strong>, v\u011b\u0159\u00edme, \u017ee dialog s na\u0161imi u\u017eivateli je nezbytn\u00fd pro neust\u00e1l\u00e9 zlep\u0161ov\u00e1n\u00ed na\u0161ich slu\u017eeb. Tento kan\u00e1l byl vyvinut, aby p\u0159ij\u00edmal va\u0161e n\u00e1vrhy, kritiku, dotazy nebo koment\u00e1\u0159e agiln\u00edm a efektivn\u00edm zp\u016fsobem.<\/p>\n\n\n\n<p>Jsme k dispozici:<\/p>\n\n\n\n<ul class=\"wp-block-list\">\n<li>P\u0159ij\u00edmat va\u0161e n\u00e1vrhy na zlep\u0161en\u00ed;<\/li>\n\n\n\n<li>Poslouchejte svou konstruktivn\u00ed kritiku;<\/li>\n\n\n\n<li>Vyjasnit pochybnosti o na\u0161ich slu\u017eb\u00e1ch;<\/li>\n\n\n\n<li>Zjist\u011bte v\u00edce o sv\u00fdch zku\u0161enostech s n\u00e1mi.<\/li>\n<\/ul>\n\n\n\n<p>\ud83d\udce9 <strong>E-mail:<\/strong> <a>contato@gadgetsapps.com<\/a><\/p>\n\n\n\n<p>Va\u0161e zp\u011btn\u00e1 vazba je br\u00e1na v\u00e1\u017en\u011b a pom\u00e1h\u00e1 n\u00e1m se vyv\u00edjet. D\u011bkujeme za va\u0161i d\u016fv\u011bru a za p\u0159isp\u011bn\u00ed k <strong>GadgetsApps<\/strong> nad\u00e1le nab\u00edzet vynikaj\u00edc\u00ed \u0159e\u0161en\u00ed.<\/p>","protected":false},"excerpt":{"rendered":"<p>Na GadgetsApps, acreditamos que o di\u00e1logo com nossos usu\u00e1rios \u00e9 essencial para o aprimoramento cont\u00ednuo de nossos servi\u00e7os. Este canal foi desenvolvido para receber suas sugest\u00f5es, cr\u00edticas, d\u00favidas ou coment\u00e1rios de maneira \u00e1gil e eficiente. Estamos \u00e0 disposi\u00e7\u00e3o para: \ud83d\udce9 E-mail: contato@gadgetsapps.com Seu feedback \u00e9 tratado com seriedade e nos ajuda a evoluir. Agradecemos pela [&hellip;]<\/p>\n","protected":false},"author":1,"featured_media":0,"parent":0,"menu_order":0,"comment_status":"closed","ping_status":"closed","template":"","meta":{"footnotes":""},"class_list":["post-342","page","type-page","status-publish"],"_links":{"self":[{"href":"https:\/\/appsminds.com\/cs\/wp-json\/wp\/v2\/pages\/342","targetHints":{"allow":["GET"]}}],"collection":[{"href":"https:\/\/appsminds.com\/cs\/wp-json\/wp\/v2\/pages"}],"about":[{"href":"https:\/\/appsminds.com\/cs\/wp-json\/wp\/v2\/types\/page"}],"author":[{"embeddable":true,"href":"https:\/\/appsminds.com\/cs\/wp-json\/wp\/v2\/users\/1"}],"replies":[{"embeddable":true,"href":"https:\/\/appsminds.com\/cs\/wp-json\/wp\/v2\/comments?post=342"}],"version-history":[{"count":3,"href":"https:\/\/appsminds.com\/cs\/wp-json\/wp\/v2\/pages\/342\/revisions"}],"predecessor-version":[{"id":525,"href":"https:\/\/appsminds.com\/cs\/wp-json\/wp\/v2\/pages\/342\/revisions\/525"}],"wp:attachment":[{"href":"https:\/\/appsminds.com\/cs\/wp-json\/wp\/v2\/media?parent=342"}],"curies":[{"name":"wp","href":"https:\/\/api.w.org\/{rel}","templated":true}]}}