{"id":340,"date":"2025-01-13T17:55:11","date_gmt":"2025-01-13T17:55:11","guid":{"rendered":"https:\/\/appsminds.com\/?page_id=340"},"modified":"2025-01-13T21:49:26","modified_gmt":"2025-01-13T21:49:26","slug":"podminky-pouziti","status":"publish","type":"page","link":"https:\/\/appsminds.com\/cs\/termos-de-uso\/","title":{"rendered":"Podm\u00ednky pou\u017eit\u00ed"},"content":{"rendered":"<p>Vstupem na web GadgetApps p\u0159ij\u00edm\u00e1te tyto podm\u00ednky pou\u017eit\u00ed, stejn\u011b jako v\u0161echny p\u0159\u00edslu\u0161n\u00e9 z\u00e1kony a p\u0159edpisy, a berete na v\u011bdom\u00ed, \u017ee m\u00e1te odpov\u011bdnost za dodr\u017eov\u00e1n\u00ed platn\u00fdch m\u00edstn\u00edch z\u00e1kon\u016f. Pokud s t\u011bmito podm\u00ednkami nesouhlas\u00edte, je v\u00e1m zak\u00e1z\u00e1n p\u0159\u00edstup na str\u00e1nky nebo jejich pou\u017e\u00edv\u00e1n\u00ed. Obsah t\u00e9to webov\u00e9 str\u00e1nky je chr\u00e1n\u011bn aktu\u00e1ln\u00edmi z\u00e1kony o du\u0161evn\u00edm vlastnictv\u00ed a ochrann\u00fdch zn\u00e1mk\u00e1ch.<\/p>\n\n\n\n<p><strong>Ud\u011blen\u00ed licence<\/strong><br>GadgetApps v\u00e1m ud\u011bluje pr\u00e1vo do\u010dasn\u011b st\u00e1hnout jednu kopii materi\u00e1l\u016f dostupn\u00fdch na webu (informace nebo software) pouze pro va\u0161e osobn\u00ed nekomer\u010dn\u00ed prohl\u00ed\u017een\u00ed. Tato koncese je pr\u00e1vem u\u017e\u00edv\u00e1n\u00ed, nikoli vlastnictv\u00edm. Nesm\u00edte: Pozm\u011b\u0148ovat nebo kop\u00edrovat materi\u00e1ly;<\/p>\n\n\n\n<p>Pou\u017e\u00edvat materi\u00e1ly pro komer\u010dn\u00ed \u00fa\u010dely nebo pro ve\u0159ejn\u00e9 vystaven\u00ed (komer\u010dn\u00ed nebo jin\u00e9);<\/p>\n\n\n\n<p>Pokusit se o zp\u011btnou anal\u00fdzu nebo dekompilaci jak\u00e9hokoli softwaru nalezen\u00e9ho na webu GadgetApps;<\/p>\n\n\n\n<p>Odstra\u0148te z materi\u00e1l\u016f ve\u0161ker\u00e1 upozorn\u011bn\u00ed na autorsk\u00e1 pr\u00e1va nebo jin\u00e1 vlastnick\u00e1 ozna\u010den\u00ed;<\/p>\n\n\n\n<p>P\u0159edejte materi\u00e1ly jin\u00e9 osob\u011b nebo je duplikujte na jin\u00fd server.<\/p>\n\n\n\n<p>Tato licence bude automaticky ukon\u010dena, pokud poru\u0161\u00edte n\u011bkter\u00e9 z t\u011bchto omezen\u00ed, a m\u016f\u017ee b\u00fdt kdykoli ukon\u010dena ze strany GadgetApps. Po ukon\u010den\u00ed prohl\u00ed\u017een\u00ed materi\u00e1l\u016f nebo po skon\u010den\u00ed platnosti t\u00e9to licence mus\u00edte odstranit ve\u0161ker\u00e9 sta\u017een\u00e9 materi\u00e1ly, a\u0165 u\u017e v elektronick\u00e9m nebo ti\u0161t\u011bn\u00e9m form\u00e1tu.<\/p>\n\n\n\n<p><strong>Z\u0159eknut\u00ed se odpov\u011bdnosti<\/strong><br>Materi\u00e1ly na webu GadgetApps jsou poskytov\u00e1ny tak, jak jsou. GadgetApps neposkytuje \u017e\u00e1dn\u00e9 z\u00e1ruky, vyj\u00e1d\u0159en\u00e9 ani p\u0159edpokl\u00e1dan\u00e9, a z\u0159\u00edk\u00e1 se v\u0161ech ostatn\u00edch z\u00e1ruk, v\u010detn\u011b, bez omezen\u00ed, p\u0159edpokl\u00e1dan\u00fdch z\u00e1ruk prodejnosti, vhodnosti pro konkr\u00e9tn\u00ed \u00fa\u010del nebo neporu\u0161ov\u00e1n\u00ed pr\u00e1v du\u0161evn\u00edho vlastnictv\u00ed.<\/p>\n\n\n\n<p><strong>Omezen\u00ed odpov\u011bdnosti<\/strong><br>GadgetApps ani jej\u00ed dodavatel\u00e9 v \u017e\u00e1dn\u00e9m p\u0159\u00edpad\u011b nenesou odpov\u011bdnost za jak\u00e9koli \u0161kody vznikl\u00e9 v d\u016fsledku pou\u017eit\u00ed nebo nemo\u017enosti pou\u017e\u00edt materi\u00e1ly na GadgetApps, a to ani v p\u0159\u00edpad\u011b, \u017ee jsou na mo\u017enost takov\u00e9 \u0161kody upozorn\u011bni. Pokud m\u00edstn\u00ed z\u00e1kony neumo\u017e\u0148uj\u00ed vylou\u010den\u00ed ur\u010dit\u00fdch z\u00e1ruk nebo omezen\u00ed odpov\u011bdnosti za n\u00e1sledn\u00e9 \u0161kody, nemus\u00ed se na v\u00e1s tato vylou\u010den\u00ed a omezen\u00ed vztahovat.<\/p>\n\n\n\n<p><strong>P\u0159esnost materi\u00e1l\u016f<\/strong><br>Materi\u00e1ly zobrazen\u00e9 na webov\u00fdch str\u00e1nk\u00e1ch GadgetApps mohou obsahovat technick\u00e9, typografick\u00e9 nebo fotografick\u00e9 chyby. GadgetApps nezaru\u010duje p\u0159esnost, \u00faplnost nebo aktu\u00e1lnost materi\u00e1l\u016f na sv\u00fdch str\u00e1nk\u00e1ch a m\u016f\u017ee materi\u00e1ly kdykoli bez upozorn\u011bn\u00ed zm\u011bnit, ale nezavazuje se k aktualizaci materi\u00e1l\u016f.<\/p>\n\n\n\n<p><strong>Odkazy<\/strong><br>GadgetApps nezkontroloval v\u0161echny weby, kter\u00e9 jsou s n\u00edm propojen\u00e9, a nenese odpov\u011bdnost za obsah \u017e\u00e1dn\u00fdch extern\u00edch web\u016f. Zahrnut\u00ed jak\u00e9hokoli odkazu neznamen\u00e1 podporu webu ze strany GadgetApps. Pou\u017e\u00edv\u00e1n\u00ed odkazovan\u00fdch str\u00e1nek je na vlastn\u00ed riziko u\u017eivatele.<\/p>\n\n\n\n<p><strong>\u00dapravy Podm\u00ednek<\/strong><br>GadgetApps m\u016f\u017ee tyto podm\u00ednky pou\u017eit\u00ed kdykoli bez p\u0159edchoz\u00edho upozorn\u011bn\u00ed upravit. Pou\u017e\u00edv\u00e1n\u00edm t\u00e9to webov\u00e9 str\u00e1nky souhlas\u00edte s t\u00edm, \u017ee budete v\u00e1z\u00e1ni nejnov\u011bj\u0161\u00ed verz\u00ed t\u011bchto podm\u00ednek pou\u017eit\u00ed.<\/p>\n\n\n\n<p><strong>Platn\u00e9 pr\u00e1vo<\/strong><br>Tyto smluvn\u00ed podm\u00ednky se \u0159\u00edd\u00ed z\u00e1kony GadgetApps a vy neodvolateln\u011b souhlas\u00edte s v\u00fdlu\u010dnou jurisdikc\u00ed m\u00edstn\u00edch soud\u016f.<\/p>\n\n\n\n<p><\/p>","protected":false},"excerpt":{"rendered":"<p>Ao entrar no site GadgetApps, voc\u00ea aceita estes termos de uso, bem como todas as leis e regulamenta\u00e7\u00f5es relevantes, e reconhece que tem a responsabilidade de observar as leis locais aplic\u00e1veis. Caso n\u00e3o concorde com estes termos, voc\u00ea est\u00e1 proibido de acessar ou utilizar o site. Os conte\u00fados presentes neste website est\u00e3o protegidos pelas leis [&hellip;]<\/p>\n","protected":false},"author":1,"featured_media":0,"parent":0,"menu_order":0,"comment_status":"closed","ping_status":"closed","template":"","meta":{"footnotes":""},"class_list":["post-340","page","type-page","status-publish"],"_links":{"self":[{"href":"https:\/\/appsminds.com\/cs\/wp-json\/wp\/v2\/pages\/340","targetHints":{"allow":["GET"]}}],"collection":[{"href":"https:\/\/appsminds.com\/cs\/wp-json\/wp\/v2\/pages"}],"about":[{"href":"https:\/\/appsminds.com\/cs\/wp-json\/wp\/v2\/types\/page"}],"author":[{"embeddable":true,"href":"https:\/\/appsminds.com\/cs\/wp-json\/wp\/v2\/users\/1"}],"replies":[{"embeddable":true,"href":"https:\/\/appsminds.com\/cs\/wp-json\/wp\/v2\/comments?post=340"}],"version-history":[{"count":2,"href":"https:\/\/appsminds.com\/cs\/wp-json\/wp\/v2\/pages\/340\/revisions"}],"predecessor-version":[{"id":522,"href":"https:\/\/appsminds.com\/cs\/wp-json\/wp\/v2\/pages\/340\/revisions\/522"}],"wp:attachment":[{"href":"https:\/\/appsminds.com\/cs\/wp-json\/wp\/v2\/media?parent=340"}],"curies":[{"name":"wp","href":"https:\/\/api.w.org\/{rel}","templated":true}]}}