{"id":338,"date":"2025-01-13T17:55:02","date_gmt":"2025-01-13T17:55:02","guid":{"rendered":"https:\/\/appsminds.com\/?page_id=338"},"modified":"2025-01-13T21:46:34","modified_gmt":"2025-01-13T21:46:34","slug":"zasady-ochrany-osobnich-udaju","status":"publish","type":"page","link":"https:\/\/appsminds.com\/cs\/politica-de-privacidade\/","title":{"rendered":"Z\u00e1sady ochrany osobn\u00edch \u00fadaj\u016f"},"content":{"rendered":"<p>Va\u0161e soukrom\u00ed je pro n\u00e1s velmi d\u016fle\u017eit\u00e9. GadgetApps se zavazuje chr\u00e1nit va\u0161e soukrom\u00ed, kdy\u017e pou\u017e\u00edv\u00e1te na\u0161e webov\u00e9 str\u00e1nky, stejn\u011b jako dal\u0161\u00ed webov\u00e9 str\u00e1nky, kter\u00e9 spravujeme. Va\u0161e osobn\u00ed \u00fadaje shroma\u017e\u010fujeme pouze tehdy, je-li to nezbytn\u00e9 k tomu, abychom v\u00e1m mohli poskytnout slu\u017ebu, a v\u017edy za pou\u017eit\u00ed spravedliv\u00fdch a transparentn\u00edch metod s va\u0161\u00edm v\u011bdom\u00edm a souhlasem. Objas\u0148ujeme tak\u00e9 d\u016fvody pro shroma\u017e\u010fov\u00e1n\u00ed a jak budou tyto informace pou\u017eity.<\/p>\n\n\n\n<p>Shrom\u00e1\u017ed\u011bn\u00e9 informace jsou uchov\u00e1v\u00e1ny pouze po dobu nezbytn\u011b nutnou k poskytnut\u00ed po\u017eadovan\u00e9 slu\u017eby. Va\u0161e data uchov\u00e1v\u00e1me chr\u00e1n\u011bn\u00e1 komer\u010dn\u011b p\u0159im\u011b\u0159en\u00fdmi bezpe\u010dnostn\u00edmi opat\u0159en\u00edmi, abychom zabr\u00e1nili ztr\u00e1t\u011b, kr\u00e1de\u017ei a tak\u00e9 neopr\u00e1vn\u011bn\u00e9mu p\u0159\u00edstupu, zve\u0159ejn\u011bn\u00ed, kop\u00edrov\u00e1n\u00ed, pou\u017eit\u00ed nebo \u00faprav\u011b. Osobn\u00ed \u00fadaje nezve\u0159ej\u0148ujeme ani t\u0159et\u00edm stran\u00e1m, pokud to nevy\u017eaduje z\u00e1kon.<\/p>\n\n\n\n<p>Na\u0161e webov\u00e9 str\u00e1nky mohou obsahovat odkazy na extern\u00ed webov\u00e9 str\u00e1nky, kter\u00e9 nespravujeme. M\u011bjte pros\u00edm na pam\u011bti, \u017ee tyto extern\u00ed str\u00e1nky nekontrolujeme a neneseme odpov\u011bdnost za jejich z\u00e1sady ochrany osobn\u00edch \u00fadaj\u016f. M\u016f\u017eete se rozhodnout neposkytnout sv\u00e9 osobn\u00ed \u00fadaje, ale to n\u00e1m m\u016f\u017ee br\u00e1nit v poskytov\u00e1n\u00ed n\u011bkter\u00fdch slu\u017eeb, kter\u00e9 po\u017eadujete. Va\u0161e dal\u0161\u00ed pou\u017e\u00edv\u00e1n\u00ed na\u0161ich webov\u00fdch str\u00e1nek bude pova\u017eov\u00e1no za p\u0159ijet\u00ed na\u0161ich postup\u016f v oblasti ochrany soukrom\u00ed a osobn\u00edch \u00fadaj\u016f. Pokud m\u00e1te dotazy ohledn\u011b toho, jak spravujeme u\u017eivatelsk\u00e1 data a osobn\u00ed \u00fadaje, nev\u00e1hejte n\u00e1s kontaktovat.<\/p>\n\n\n\n<p><strong>Z\u00e1sady soubor\u016f cookie GadgetApps<\/strong><\/p>\n\n\n\n<p><strong>Co jsou cookies?<\/strong><br>Jak je b\u011b\u017en\u00e9 u t\u00e9m\u011b\u0159 v\u0161ech profesion\u00e1ln\u00edch webov\u00fdch str\u00e1nek, na\u0161e str\u00e1nky pou\u017e\u00edvaj\u00ed soubory cookie, co\u017e jsou mal\u00e9 soubory sta\u017een\u00e9 do va\u0161eho za\u0159\u00edzen\u00ed, pro zlep\u0161en\u00ed va\u0161eho online z\u00e1\u017eitku. Tato \u010d\u00e1st vysv\u011btluje, jak\u00e9 informace shroma\u017e\u010fuj\u00ed, jak je pou\u017e\u00edv\u00e1me a pro\u010d je n\u011bkdy nutn\u00e9 tyto soubory cookie ukl\u00e1dat. Vysv\u011btl\u00edme tak\u00e9, jak m\u016f\u017eete zablokovat instalaci soubor\u016f cookie, a\u010dkoli to m\u016f\u017ee ohrozit funk\u010dnost webu.<\/p>\n\n\n\n<p><strong>Pou\u017e\u00edv\u00e1n\u00ed soubor\u016f cookie<\/strong><br>Soubory cookie pou\u017e\u00edv\u00e1me z n\u011bkolika d\u016fvod\u016f, kter\u00e9 jsou pops\u00e1ny n\u00ed\u017ee. Ve v\u011bt\u0161in\u011b p\u0159\u00edpad\u016f neexistuj\u00ed \u017e\u00e1dn\u00e9 standardn\u00ed mo\u017enosti, jak soubory cookie zak\u00e1zat, ani\u017e by do\u0161lo k ohro\u017een\u00ed funk\u010dnosti p\u0159idan\u00e9 na web. Pokud si nejste jisti, zda je pot\u0159ebujete, doporu\u010dujeme nezakazovat soubory cookie, proto\u017ee mohou b\u00fdt nezbytn\u00e9 pro poskytov\u00e1n\u00ed slu\u017eeb, kter\u00e9 pou\u017e\u00edv\u00e1te.<\/p>\n\n\n\n<p><strong>Zak\u00e1zat soubory cookie<\/strong><br>Nastavov\u00e1n\u00ed cookies m\u016f\u017eete zabr\u00e1nit \u00fapravou nastaven\u00ed va\u0161eho prohl\u00ed\u017ee\u010de. Informace o tom, jak to prov\u00e9st, naleznete v n\u00e1pov\u011bd\u011b va\u0161eho prohl\u00ed\u017ee\u010de. M\u011bjte pros\u00edm na pam\u011bti, \u017ee zak\u00e1z\u00e1n\u00ed soubor\u016f cookie ovlivn\u00ed funk\u010dnost t\u00e9to a dal\u0161\u00edch webov\u00fdch str\u00e1nek, kter\u00e9 nav\u0161t\u00edv\u00edte. Zak\u00e1z\u00e1n\u00ed soubor\u016f cookie obecn\u011b znamen\u00e1 ztr\u00e1tu ur\u010dit\u00fdch funkc\u00ed a vlastnost\u00ed webov\u00fdch str\u00e1nek, proto je vhodn\u00e9 je nevyp\u00ednat.<\/p>\n\n\n\n<p><strong>Soubory cookie, kter\u00e9 pou\u017e\u00edv\u00e1me<\/strong><\/p>\n\n\n\n<ul class=\"wp-block-list\">\n<li><strong>Soubory cookie \u00fa\u010dtu:<\/strong>\u00a0Pokud si u n\u00e1s vytvo\u0159\u00edte \u00fa\u010det, budeme pou\u017e\u00edvat soubory cookie ke spr\u00e1v\u011b registra\u010dn\u00edho procesu a obecn\u00e9 administrace. Tyto soubory cookie se obvykle vyma\u017eou, kdy\u017e se odhl\u00e1s\u00edte, i kdy\u017e pot\u00e9 mohou z\u016fstat, aby se zachovaly va\u0161e p\u0159edvolby webu i po odhl\u00e1\u0161en\u00ed.<\/li>\n\n\n\n<li><strong>P\u0159ihla\u0161ovac\u00ed cookies:<\/strong>\u00a0Kdy\u017e jste p\u0159ihl\u00e1\u0161eni, pou\u017e\u00edv\u00e1me soubory cookie k zapamatov\u00e1n\u00ed va\u0161\u00ed relace. To v\u00e1m u\u0161et\u0159\u00ed opakovan\u00e9 p\u0159ihla\u0161ov\u00e1n\u00ed p\u0159i n\u00e1v\u0161t\u011bv\u011b r\u016fzn\u00fdch str\u00e1nek. Tyto soubory cookie jsou odstran\u011bny nebo vymaz\u00e1ny, kdy\u017e se odhl\u00e1s\u00edte, aby bylo zaji\u0161t\u011bno, \u017ee po p\u0159ihl\u00e1\u0161en\u00ed budete m\u00edt p\u0159\u00edstup pouze k omezen\u00fdm funkc\u00edm a oblastem.<\/li>\n\n\n\n<li><strong>Newsletter cookies:<\/strong>\u00a0Pokud str\u00e1nka nab\u00edz\u00ed slu\u017eby odb\u011bru novinek nebo e-mail\u016f, mohou b\u00fdt soubory cookie pou\u017eity k zapamatov\u00e1n\u00ed, zda jste registrov\u00e1ni a zda by se m\u011bla zobrazovat ur\u010dit\u00e1 upozorn\u011bn\u00ed platn\u00e1 pouze pro p\u0159ihl\u00e1\u0161en\u00e9 nebo odhl\u00e1\u0161en\u00e9 u\u017eivatele.<\/li>\n<\/ul>","protected":false},"excerpt":{"rendered":"<p>A sua privacidade \u00e9 de grande import\u00e2ncia para n\u00f3s. A GadgetApps se compromete a proteger a sua privacidade enquanto voc\u00ea utiliza nosso site, bem como outros sites que administramos. Coletamos suas informa\u00e7\u00f5es pessoais apenas quando necess\u00e1rio para fornecer um servi\u00e7o a voc\u00ea, e sempre com m\u00e9todos justos e transparentes, com seu conhecimento e consentimento. Tamb\u00e9m [&hellip;]<\/p>\n","protected":false},"author":1,"featured_media":0,"parent":0,"menu_order":0,"comment_status":"closed","ping_status":"closed","template":"","meta":{"footnotes":""},"class_list":["post-338","page","type-page","status-publish"],"_links":{"self":[{"href":"https:\/\/appsminds.com\/cs\/wp-json\/wp\/v2\/pages\/338","targetHints":{"allow":["GET"]}}],"collection":[{"href":"https:\/\/appsminds.com\/cs\/wp-json\/wp\/v2\/pages"}],"about":[{"href":"https:\/\/appsminds.com\/cs\/wp-json\/wp\/v2\/types\/page"}],"author":[{"embeddable":true,"href":"https:\/\/appsminds.com\/cs\/wp-json\/wp\/v2\/users\/1"}],"replies":[{"embeddable":true,"href":"https:\/\/appsminds.com\/cs\/wp-json\/wp\/v2\/comments?post=338"}],"version-history":[{"count":2,"href":"https:\/\/appsminds.com\/cs\/wp-json\/wp\/v2\/pages\/338\/revisions"}],"predecessor-version":[{"id":520,"href":"https:\/\/appsminds.com\/cs\/wp-json\/wp\/v2\/pages\/338\/revisions\/520"}],"wp:attachment":[{"href":"https:\/\/appsminds.com\/cs\/wp-json\/wp\/v2\/media?parent=338"}],"curies":[{"name":"wp","href":"https:\/\/api.w.org\/{rel}","templated":true}]}}