{"id":342,"date":"2025-01-13T17:55:20","date_gmt":"2025-01-13T17:55:20","guid":{"rendered":"https:\/\/appsminds.com\/?page_id=342"},"modified":"2025-01-13T21:58:10","modified_gmt":"2025-01-13T21:58:10","slug":"%e0%a6%af%e0%a7%8b%e0%a6%97%e0%a6%be%e0%a6%af%e0%a7%8b%e0%a6%97","status":"publish","type":"page","link":"https:\/\/appsminds.com\/bn_ar\/contato\/","title":{"rendered":"\u09af\u09cb\u0997\u09be\u09af\u09cb\u0997"},"content":{"rendered":"<p>\u09ae\u09a7\u09cd\u09af\u09c7 <strong>\u0997\u09cd\u09af\u09be\u099c\u09c7\u099f\u09b8\u0985\u09cd\u09af\u09be\u09aa\u09b8<\/strong>, \u0986\u09ae\u09b0\u09be \u09ac\u09bf\u09b6\u09cd\u09ac\u09be\u09b8 \u0995\u09b0\u09bf \u09af\u09c7 \u0986\u09ae\u09be\u09a6\u09c7\u09b0 \u09aa\u09b0\u09bf\u09b7\u09c7\u09ac\u09be\u0997\u09c1\u09b2\u09bf\u09b0 \u0995\u09cd\u09b0\u09ae\u09be\u0997\u09a4 \u0989\u09a8\u09cd\u09a8\u09a4\u09bf\u09b0 \u099c\u09a8\u09cd\u09af \u0986\u09ae\u09be\u09a6\u09c7\u09b0 \u09ac\u09cd\u09af\u09ac\u09b9\u09be\u09b0\u0995\u09be\u09b0\u09c0\u09a6\u09c7\u09b0 \u09b8\u09be\u09a5\u09c7 \u09b8\u0982\u09b2\u09be\u09aa \u0985\u09aa\u09b0\u09bf\u09b9\u09be\u09b0\u09cd\u09af\u0964 \u098f\u0987 \u099a\u09cd\u09af\u09be\u09a8\u09c7\u09b2\u099f\u09bf \u0986\u09aa\u09a8\u09be\u09b0 \u09aa\u09b0\u09be\u09ae\u09b0\u09cd\u09b6, \u09b8\u09ae\u09be\u09b2\u09cb\u099a\u09a8\u09be, \u09aa\u09cd\u09b0\u09b6\u09cd\u09a8 \u09ac\u09be \u09ae\u09a8\u09cd\u09a4\u09ac\u09cd\u09af\u0997\u09c1\u09b2\u09bf \u09a6\u09cd\u09b0\u09c1\u09a4 \u098f\u09ac\u0982 \u09a6\u0995\u09cd\u09b7\u09ad\u09be\u09ac\u09c7 \u0997\u09cd\u09b0\u09b9\u09a3 \u0995\u09b0\u09be\u09b0 \u099c\u09a8\u09cd\u09af \u09a4\u09c8\u09b0\u09bf \u0995\u09b0\u09be \u09b9\u09af\u09bc\u09c7\u099b\u09c7\u0964<\/p>\n\n\n\n<p>\u0986\u09ae\u09b0\u09be \u098f\u0996\u09be\u09a8\u09c7 \u0989\u09aa\u09b2\u09ac\u09cd\u09a7:<\/p>\n\n\n\n<ul class=\"wp-block-list\">\n<li>\u0989\u09a8\u09cd\u09a8\u09a4\u09bf\u09b0 \u099c\u09a8\u09cd\u09af \u0986\u09aa\u09a8\u09be\u09b0 \u09aa\u09b0\u09be\u09ae\u09b0\u09cd\u09b6 \u0997\u09cd\u09b0\u09b9\u09a3 \u0995\u09b0\u09c1\u09a8;<\/li>\n\n\n\n<li>\u0986\u09aa\u09a8\u09be\u09b0 \u0997\u09a0\u09a8\u09ae\u09c2\u09b2\u0995 \u09b8\u09ae\u09be\u09b2\u09cb\u099a\u09a8\u09be \u09b6\u09c1\u09a8\u09c1\u09a8;<\/li>\n\n\n\n<li>\u0986\u09ae\u09be\u09a6\u09c7\u09b0 \u09aa\u09b0\u09bf\u09b7\u09c7\u09ac\u09be \u09b8\u09ae\u09cd\u09aa\u09b0\u09cd\u0995\u09c7 \u09b8\u09a8\u09cd\u09a6\u09c7\u09b9 \u09b8\u09cd\u09aa\u09b7\u09cd\u099f \u0995\u09b0\u09c1\u09a8;<\/li>\n\n\n\n<li>\u0986\u09ae\u09be\u09a6\u09c7\u09b0 \u09b8\u09be\u09a5\u09c7 \u0986\u09aa\u09a8\u09be\u09b0 \u0985\u09ad\u09bf\u099c\u09cd\u099e\u09a4\u09be \u09b8\u09ae\u09cd\u09aa\u09b0\u09cd\u0995\u09c7 \u0986\u09b0\u0993 \u099c\u09be\u09a8\u09c1\u09a8\u0964<\/li>\n<\/ul>\n\n\n\n<p>\ud83d\udce9 <strong>\u0987-\u09ae\u09c7\u0987\u09b2:<\/strong> <a>contato@gadgetsapps.com<\/a><\/p>\n\n\n\n<p>\u0986\u09aa\u09a8\u09be\u09b0 \u09ae\u09a4\u09be\u09ae\u09a4 \u0997\u09c1\u09b0\u09c1\u09a4\u09cd\u09ac \u09b8\u09b9\u0995\u09be\u09b0\u09c7 \u09a8\u09c7\u0993\u09af\u09bc\u09be \u09b9\u09ac\u09c7 \u098f\u09ac\u0982 \u0986\u09ae\u09be\u09a6\u09c7\u09b0 \u0989\u09a8\u09cd\u09a8\u09a4\u09bf\u09a4\u09c7 \u09b8\u09b9\u09be\u09af\u09bc\u09a4\u09be \u0995\u09b0\u09ac\u09c7\u0964 \u0986\u09aa\u09a8\u09be\u09b0 \u0986\u09b8\u09cd\u09a5\u09be \u098f\u09ac\u0982 \u0985\u09ac\u09a6\u09be\u09a8\u09c7\u09b0 \u099c\u09a8\u09cd\u09af \u0986\u09ae\u09b0\u09be \u0986\u09aa\u09a8\u09be\u0995\u09c7 \u09a7\u09a8\u09cd\u09af\u09ac\u09be\u09a6 \u099c\u09be\u09a8\u09be\u0987 <strong>\u0997\u09cd\u09af\u09be\u099c\u09c7\u099f\u09b8\u0985\u09cd\u09af\u09be\u09aa\u09b8<\/strong> \u099a\u09ae\u09ce\u0995\u09be\u09b0 \u09b8\u09ae\u09be\u09a7\u09be\u09a8 \u09aa\u09cd\u09b0\u09a6\u09be\u09a8 \u099a\u09be\u09b2\u09bf\u09af\u09bc\u09c7 \u09af\u09be\u09a8\u0964<\/p>","protected":false},"excerpt":{"rendered":"<p>Na GadgetsApps, acreditamos que o di\u00e1logo com nossos usu\u00e1rios \u00e9 essencial para o aprimoramento cont\u00ednuo de nossos servi\u00e7os. Este canal foi desenvolvido para receber suas sugest\u00f5es, cr\u00edticas, d\u00favidas ou coment\u00e1rios de maneira \u00e1gil e eficiente. Estamos \u00e0 disposi\u00e7\u00e3o para: \ud83d\udce9 E-mail: contato@gadgetsapps.com Seu feedback \u00e9 tratado com seriedade e nos ajuda a evoluir. Agradecemos pela [&hellip;]<\/p>\n","protected":false},"author":1,"featured_media":0,"parent":0,"menu_order":0,"comment_status":"closed","ping_status":"closed","template":"","meta":{"footnotes":""},"class_list":["post-342","page","type-page","status-publish"],"_links":{"self":[{"href":"https:\/\/appsminds.com\/bn_ar\/wp-json\/wp\/v2\/pages\/342","targetHints":{"allow":["GET"]}}],"collection":[{"href":"https:\/\/appsminds.com\/bn_ar\/wp-json\/wp\/v2\/pages"}],"about":[{"href":"https:\/\/appsminds.com\/bn_ar\/wp-json\/wp\/v2\/types\/page"}],"author":[{"embeddable":true,"href":"https:\/\/appsminds.com\/bn_ar\/wp-json\/wp\/v2\/users\/1"}],"replies":[{"embeddable":true,"href":"https:\/\/appsminds.com\/bn_ar\/wp-json\/wp\/v2\/comments?post=342"}],"version-history":[{"count":3,"href":"https:\/\/appsminds.com\/bn_ar\/wp-json\/wp\/v2\/pages\/342\/revisions"}],"predecessor-version":[{"id":525,"href":"https:\/\/appsminds.com\/bn_ar\/wp-json\/wp\/v2\/pages\/342\/revisions\/525"}],"wp:attachment":[{"href":"https:\/\/appsminds.com\/bn_ar\/wp-json\/wp\/v2\/media?parent=342"}],"curies":[{"name":"\u09a1\u09ac\u09cd\u09b2\u09bf\u0989\u09aa\u09bf","href":"https:\/\/api.w.org\/{rel}","templated":true}]}}